{"id":696,"date":"2025-08-14T08:26:09","date_gmt":"2025-08-14T08:26:09","guid":{"rendered":"https:\/\/feijulaser.com\/?post_type=product&#038;p=696"},"modified":"2025-08-20T03:00:39","modified_gmt":"2025-08-20T03:00:39","slug":"mirrors-and-lenses","status":"publish","type":"product","link":"https:\/\/feijulaser.com\/tr\/urun\/mirrors-and-lenses\/","title":{"rendered":"Aynalar ve Lensler"},"content":{"rendered":"<h2>Aynalar ve Lensler<\/h2>\n<h2>MO Reflektif lens<\/h2>\n<h3>\u00d6zellikler<\/h3>\n<p>Ayna ayn\u0131 zamanda t\u00fcm ayna olarak da adland\u0131r\u0131l\u0131r ve genellikle alt tabaka olarak molibden (Mo) ve silikon (Si) kullan\u0131r. MO aynalar zorlu ortamlarda \u00e7al\u0131\u015fabilir ve uzun servis \u00f6mr\u00fcne, y\u00fcksek ta\u015f\u0131ma g\u00fcc\u00fcne ve kaplamaya ihtiya\u00e7 duymayan y\u00fczeye, silinmeye kar\u015f\u0131 dirence sahiptir. Firmam\u0131z\u0131n Mo aynalar\u0131 a\u011f\u0131rl\u0131kl\u0131 olarak lazer kesim makinelerinde kullan\u0131lmaktad\u0131r.<\/p>\n<p><img fetchpriority=\"high\" decoding=\"async\" class=\"aligncenter wp-image-701 size-large\" src=\"https:\/\/feijulaser.com\/wp-content\/uploads\/2025\/08\/IMG_20250528_101423_edit_16158833899018721-1024x1024.jpg\" alt=\"\" width=\"800\" height=\"800\" title=\"\" srcset=\"https:\/\/feijulaser.com\/wp-content\/uploads\/2025\/08\/IMG_20250528_101423_edit_16158833899018721-1024x1024.jpg 1024w, https:\/\/feijulaser.com\/wp-content\/uploads\/2025\/08\/IMG_20250528_101423_edit_16158833899018721-300x300.jpg 300w, https:\/\/feijulaser.com\/wp-content\/uploads\/2025\/08\/IMG_20250528_101423_edit_16158833899018721-150x150.jpg 150w, https:\/\/feijulaser.com\/wp-content\/uploads\/2025\/08\/IMG_20250528_101423_edit_16158833899018721-768x768.jpg 768w, https:\/\/feijulaser.com\/wp-content\/uploads\/2025\/08\/IMG_20250528_101423_edit_16158833899018721-1536x1536.jpg 1536w, https:\/\/feijulaser.com\/wp-content\/uploads\/2025\/08\/IMG_20250528_101423_edit_16158833899018721-2048x2048.jpg 2048w, https:\/\/feijulaser.com\/wp-content\/uploads\/2025\/08\/IMG_20250528_101423_edit_16158833899018721-600x600.jpg 600w, https:\/\/feijulaser.com\/wp-content\/uploads\/2025\/08\/IMG_20250528_101423_edit_16158833899018721-100x100.jpg 100w\" sizes=\"(max-width: 800px) 100vw, 800px\" \/><\/p>\n<p>&nbsp;<\/p>\n<table>\n<tbody>\n<tr>\n<td width=\"142\">Malzeme<\/td>\n<td width=\"142\">\uff08mm\uff09 \u00c7ap<\/td>\n<td width=\"142\">\uff08mm\uff09<\/p>\n<p>Kenar kal\u0131nl\u0131\u011f\u0131<\/td>\n<td width=\"142\">\uff08mm\uff09<\/p>\n<p>Odak uzakl\u0131\u011f\u0131<\/td>\n<\/tr>\n<tr>\n<td rowspan=\"3\" width=\"142\">&nbsp;<\/p>\n<p>MO<\/td>\n<td width=\"142\">20<\/td>\n<td width=\"142\">3<\/td>\n<td width=\"142\">45<\/td>\n<\/tr>\n<tr>\n<td width=\"142\">25<\/td>\n<td width=\"142\">3<\/td>\n<td width=\"142\">45<\/td>\n<\/tr>\n<tr>\n<td width=\"142\">30<\/td>\n<td width=\"142\">3<\/td>\n<td width=\"142\">45<\/td>\n<\/tr>\n<\/tbody>\n<\/table>\n<p>&nbsp;<\/p>\n<h2>Si Yans\u0131t\u0131c\u0131 lens<\/h2>\n<p><img decoding=\"async\" class=\"aligncenter wp-image-698 size-full\" src=\"https:\/\/feijulaser.com\/wp-content\/uploads\/2025\/08\/Reflector-Transmitter1.png\" alt=\"\" width=\"800\" height=\"800\" title=\"\" srcset=\"https:\/\/feijulaser.com\/wp-content\/uploads\/2025\/08\/Reflector-Transmitter1.png 800w, https:\/\/feijulaser.com\/wp-content\/uploads\/2025\/08\/Reflector-Transmitter1-300x300.png 300w, https:\/\/feijulaser.com\/wp-content\/uploads\/2025\/08\/Reflector-Transmitter1-150x150.png 150w, https:\/\/feijulaser.com\/wp-content\/uploads\/2025\/08\/Reflector-Transmitter1-768x768.png 768w, https:\/\/feijulaser.com\/wp-content\/uploads\/2025\/08\/Reflector-Transmitter1-600x600.png 600w, https:\/\/feijulaser.com\/wp-content\/uploads\/2025\/08\/Reflector-Transmitter1-100x100.png 100w\" sizes=\"(max-width: 800px) 100vw, 800px\" \/><\/p>\n<h3>\u00d6zellikler<\/h3>\n<p>Si, kaplamal\u0131 aynalar i\u00e7in en yayg\u0131n substratt\u0131r. M\u00fckemmel optik ve termal \u00f6zelliklerinin yan\u0131 s\u0131ra y\u00fcksek yans\u0131t\u0131c\u0131l\u0131\u011fa sahiptir. \u015eirketimizin lazer t\u00fcplerinde bo\u015fluk aynas\u0131 olarak kullan\u0131lan silikon aynalar\u0131, 99,8% gibi y\u00fcksek bir yans\u0131tma oran\u0131na sahiptir ve lazer end\u00fcstrisine \u00f6nc\u00fcl\u00fck etmektedir.<\/p>\n<table>\n<tbody>\n<tr>\n<td width=\"142\">Malzeme<\/td>\n<td width=\"142\">\uff08mm\uff09<\/p>\n<p>\u00c7ap<\/td>\n<td width=\"142\">\uff08mm\uff09<\/p>\n<p>Kenar kal\u0131nl\u0131\u011f\u0131<\/td>\n<\/tr>\n<tr>\n<td rowspan=\"7\" width=\"142\">&nbsp;<\/p>\n<p>&nbsp;<\/p>\n<p>&nbsp;<\/p>\n<p>Si<\/td>\n<td width=\"142\">12.7<\/td>\n<td width=\"142\">2<\/td>\n<\/tr>\n<tr>\n<td width=\"142\">15<\/td>\n<td width=\"142\">3<\/td>\n<\/tr>\n<tr>\n<td width=\"142\">16<\/td>\n<td width=\"142\">3<\/td>\n<\/tr>\n<tr>\n<td width=\"142\">18<\/td>\n<td width=\"142\">3<\/td>\n<\/tr>\n<tr>\n<td width=\"142\">20<\/td>\n<td width=\"142\">3<\/td>\n<\/tr>\n<tr>\n<td width=\"142\">25<\/td>\n<td width=\"142\">3<\/td>\n<\/tr>\n<tr>\n<td width=\"142\">30<\/td>\n<td width=\"142\">3<\/td>\n<\/tr>\n<\/tbody>\n<\/table>\n<p>&nbsp;<\/p>\n<h2>CVD ZnSe lens<\/h2>\n<p><img decoding=\"async\" class=\"size-medium wp-image-700 alignnone\" src=\"https:\/\/feijulaser.com\/wp-content\/uploads\/2025\/08\/Reflector-Transmitter3-300x300.png\" alt=\"\" width=\"300\" height=\"300\" title=\"\" srcset=\"https:\/\/feijulaser.com\/wp-content\/uploads\/2025\/08\/Reflector-Transmitter3-300x300.png 300w, https:\/\/feijulaser.com\/wp-content\/uploads\/2025\/08\/Reflector-Transmitter3-150x150.png 150w, https:\/\/feijulaser.com\/wp-content\/uploads\/2025\/08\/Reflector-Transmitter3-768x768.png 768w, https:\/\/feijulaser.com\/wp-content\/uploads\/2025\/08\/Reflector-Transmitter3-600x600.png 600w, https:\/\/feijulaser.com\/wp-content\/uploads\/2025\/08\/Reflector-Transmitter3-100x100.png 100w, https:\/\/feijulaser.com\/wp-content\/uploads\/2025\/08\/Reflector-Transmitter3.png 800w\" sizes=\"(max-width: 300px) 100vw, 300px\" \/> <img loading=\"lazy\" decoding=\"async\" class=\"size-medium wp-image-699 alignnone\" src=\"https:\/\/feijulaser.com\/wp-content\/uploads\/2025\/08\/Reflector-Transmitter2-300x300.png\" alt=\"\" width=\"300\" height=\"300\" title=\"\" srcset=\"https:\/\/feijulaser.com\/wp-content\/uploads\/2025\/08\/Reflector-Transmitter2-300x300.png 300w, https:\/\/feijulaser.com\/wp-content\/uploads\/2025\/08\/Reflector-Transmitter2-150x150.png 150w, https:\/\/feijulaser.com\/wp-content\/uploads\/2025\/08\/Reflector-Transmitter2-768x768.png 768w, https:\/\/feijulaser.com\/wp-content\/uploads\/2025\/08\/Reflector-Transmitter2-600x600.png 600w, https:\/\/feijulaser.com\/wp-content\/uploads\/2025\/08\/Reflector-Transmitter2-100x100.png 100w, https:\/\/feijulaser.com\/wp-content\/uploads\/2025\/08\/Reflector-Transmitter2.png 800w\" sizes=\"(max-width: 300px) 100vw, 300px\" \/><\/p>\n<h3>\u00d6zellikler<\/h3>\n<p>Yans\u0131ma \u00f6nleyici film ile vakum kaplamadan sonra CVD ZnSe odaklama lensi, CO\u2082 lazerlerin 10\u03bcm \u00e7al\u0131\u015fma band\u0131nda 99,8% \u0131\u015f\u0131k ge\u00e7irgenli\u011fi elde edebilir. Ayr\u0131ca, d\u00fc\u015fmesi kolay olmayan ve silinmeye kar\u015f\u0131 dayan\u0131kl\u0131 sa\u011flam bir y\u00fczey kaplamas\u0131 ile y\u00fcksek g\u00fc\u00e7 yo\u011funlu\u011funa dayanabilen y\u00fcksek bir lazer hasar e\u015fi\u011fine sahiptir. Firmam\u0131z, aralar\u0131ndan se\u00e7im yapabilece\u011finiz hem ithal hem de yerli odaklama lensleri sunmakta olup, a\u011f\u0131rl\u0131kl\u0131 olarak 20 mm ve 25,4 mm \u00e7aplar\u0131nda lensler satmaktad\u0131r.<\/p>\n<table>\n<tbody>\n<tr>\n<td width=\"142\">Malzeme<\/td>\n<td width=\"142\">\uff08mm\uff09<\/p>\n<p>\u00c7ap<\/td>\n<td width=\"142\">\uff08mm\uff09<\/p>\n<p>Kenar kal\u0131nl\u0131\u011f\u0131<\/td>\n<td width=\"142\">\uff08mm\uff09<\/p>\n<p>Odak uzakl\u0131\u011f\u0131<\/td>\n<\/tr>\n<tr>\n<td rowspan=\"4\" width=\"142\">&nbsp;<\/p>\n<p>CVD ZnSe<\/td>\n<td width=\"142\">19<\/td>\n<td width=\"142\">2<\/td>\n<td width=\"142\">50.8\/63.5\/76.2\/101.6<\/td>\n<\/tr>\n<tr>\n<td width=\"142\">20<\/td>\n<td width=\"142\">2<\/td>\n<td width=\"142\">50.8\/63.5\/76.2\/101.6<\/td>\n<\/tr>\n<tr>\n<td width=\"142\">25.4<\/td>\n<td width=\"142\">2<\/td>\n<td width=\"142\">63.5\/76.2<\/td>\n<\/tr>\n<tr>\n<td width=\"142\">27.94<\/td>\n<td width=\"142\">3<\/td>\n<td width=\"142\">50.8\/63.5\/76.2\/101.6<\/td>\n<\/tr>\n<\/tbody>\n<\/table>\n<p>&nbsp;<\/p>","protected":false},"excerpt":{"rendered":"<p>CO\u2082 lazer aynalar ve lensler: Mo\/Si aynalar ve 10,6 \u00b5m i\u00e7in CVD ZnSe lensler. Y\u00fcksek yans\u0131tma\/iletme, y\u00fcksek hasar e\u015fi\u011fi, silinmeye dayan\u0131kl\u0131. Boyutlar 20\/25,4 mm; \u00e7e\u015fitli odak uzunluklar\u0131; OEM\/\u00f6zel.<\/p>","protected":false},"featured_media":697,"template":"","meta":[],"product_brand":[],"product_cat":[36],"product_tag":[],"class_list":{"0":"post-696","1":"product","2":"type-product","3":"status-publish","4":"has-post-thumbnail","6":"product_cat-mirrors-lenses","8":"first","9":"instock","10":"shipping-taxable","11":"product-type-simple"},"_links":{"self":[{"href":"https:\/\/feijulaser.com\/tr\/wp-json\/wp\/v2\/product\/696","targetHints":{"allow":["GET"]}}],"collection":[{"href":"https:\/\/feijulaser.com\/tr\/wp-json\/wp\/v2\/product"}],"about":[{"href":"https:\/\/feijulaser.com\/tr\/wp-json\/wp\/v2\/types\/product"}],"wp:featuredmedia":[{"embeddable":true,"href":"https:\/\/feijulaser.com\/tr\/wp-json\/wp\/v2\/media\/697"}],"wp:attachment":[{"href":"https:\/\/feijulaser.com\/tr\/wp-json\/wp\/v2\/media?parent=696"}],"wp:term":[{"taxonomy":"product_brand","embeddable":true,"href":"https:\/\/feijulaser.com\/tr\/wp-json\/wp\/v2\/product_brand?post=696"},{"taxonomy":"product_cat","embeddable":true,"href":"https:\/\/feijulaser.com\/tr\/wp-json\/wp\/v2\/product_cat?post=696"},{"taxonomy":"product_tag","embeddable":true,"href":"https:\/\/feijulaser.com\/tr\/wp-json\/wp\/v2\/product_tag?post=696"}],"curies":[{"name":"wp","href":"https:\/\/api.w.org\/{rel}","templated":true}]}}