{"id":515,"date":"2025-08-13T15:29:49","date_gmt":"2025-08-13T15:29:49","guid":{"rendered":"https:\/\/feijulaser.com\/?page_id=515"},"modified":"2025-08-14T08:47:18","modified_gmt":"2025-08-14T08:47:18","slug":"product","status":"publish","type":"page","link":"https:\/\/feijulaser.com\/tr\/product\/","title":{"rendered":"\u00dcr\u00fcn"},"content":{"rendered":"<div data-elementor-type=\"wp-page\" data-elementor-id=\"515\" class=\"elementor elementor-515\" data-elementor-post-type=\"page\">\n\t\t\t\t<div class=\"elementor-element elementor-element-4bbb625 e-con-full e-flex e-con e-parent\" data-id=\"4bbb625\" data-element_type=\"container\" data-settings=\"{&quot;background_background&quot;:&quot;classic&quot;}\">\n\t\t<div class=\"elementor-element elementor-element-0594745 e-con-full e-flex e-con e-child\" data-id=\"0594745\" data-element_type=\"container\">\n\t\t\t\t<div class=\"elementor-element elementor-element-29cdd6d elementor-widget elementor-widget-heading\" data-id=\"29cdd6d\" data-element_type=\"widget\" data-widget_type=\"heading.default\">\n\t\t\t\t\t<h1 class=\"elementor-heading-title elementor-size-default\">CO2 lazer t\u00fcp\u00fc\n<\/h1>\t\t\t\t<\/div>\n\t\t\t\t<div class=\"elementor-element elementor-element-c1922f0 elementor-widget elementor-widget-text-editor\" data-id=\"c1922f0\" data-element_type=\"widget\" data-widget_type=\"text-editor.default\">\n\t\t\t\t\t\t\t\t\t<p>High-stability CO\u2082 laser tubes delivering clean beam quality and power for engraving and cutting. Long life, easy install, low maintenance. Fits most machines; ideal for working with wood, acrylic, leather, and glass.<\/p>\t\t\t\t\t\t\t\t<\/div>\n\t\t\t\t<\/div>\n\t\t\t\t<\/div>\n\t\t<div class=\"elementor-element elementor-element-21923ba e-con-full e-flex e-con e-parent\" data-id=\"21923ba\" data-element_type=\"container\" data-settings=\"{&quot;background_background&quot;:&quot;classic&quot;}\">\n\t\t<div class=\"elementor-element elementor-element-81162da e-con-full e-transform e-transform e-flex e-con e-child\" data-id=\"81162da\" data-element_type=\"container\" data-settings=\"{&quot;_transform_translateY_effect&quot;:{&quot;unit&quot;:&quot;px&quot;,&quot;size&quot;:185,&quot;sizes&quot;:[]},&quot;_transform_translateY_effect_hover&quot;:{&quot;unit&quot;:&quot;px&quot;,&quot;size&quot;:-80,&quot;sizes&quot;:[]},&quot;_transform_translateX_effect&quot;:{&quot;unit&quot;:&quot;px&quot;,&quot;size&quot;:&quot;&quot;,&quot;sizes&quot;:[]},&quot;_transform_translateX_effect_tablet&quot;:{&quot;unit&quot;:&quot;px&quot;,&quot;size&quot;:&quot;&quot;,&quot;sizes&quot;:[]},&quot;_transform_translateX_effect_mobile&quot;:{&quot;unit&quot;:&quot;px&quot;,&quot;size&quot;:&quot;&quot;,&quot;sizes&quot;:[]},&quot;_transform_translateY_effect_tablet&quot;:{&quot;unit&quot;:&quot;px&quot;,&quot;size&quot;:&quot;&quot;,&quot;sizes&quot;:[]},&quot;_transform_translateY_effect_mobile&quot;:{&quot;unit&quot;:&quot;px&quot;,&quot;size&quot;:&quot;&quot;,&quot;sizes&quot;:[]},&quot;_transform_translateX_effect_hover&quot;:{&quot;unit&quot;:&quot;px&quot;,&quot;size&quot;:&quot;&quot;,&quot;sizes&quot;:[]},&quot;_transform_translateX_effect_hover_tablet&quot;:{&quot;unit&quot;:&quot;px&quot;,&quot;size&quot;:&quot;&quot;,&quot;sizes&quot;:[]},&quot;_transform_translateX_effect_hover_mobile&quot;:{&quot;unit&quot;:&quot;px&quot;,&quot;size&quot;:&quot;&quot;,&quot;sizes&quot;:[]},&quot;_transform_translateY_effect_hover_tablet&quot;:{&quot;unit&quot;:&quot;px&quot;,&quot;size&quot;:&quot;&quot;,&quot;sizes&quot;:[]},&quot;_transform_translateY_effect_hover_mobile&quot;:{&quot;unit&quot;:&quot;px&quot;,&quot;size&quot;:&quot;&quot;,&quot;sizes&quot;:[]}}\">\n\t\t\t\t<div class=\"elementor-element elementor-element-eed88c1 elementor-widget elementor-widget-heading\" data-id=\"eed88c1\" data-element_type=\"widget\" data-widget_type=\"heading.default\">\n\t\t\t\t\t<h2 class=\"elementor-heading-title elementor-size-default\">C Serisi CO2 Lazer T\u00fcp\u00fc\n<\/h2>\t\t\t\t<\/div>\n\t\t\t\t<div class=\"elementor-element elementor-element-a8a6b13 elementor-widget-divider--view-line elementor-widget elementor-widget-divider\" data-id=\"a8a6b13\" data-element_type=\"widget\" data-widget_type=\"divider.default\">\n\t\t\t\t\t\t\t<div class=\"elementor-divider\">\n\t\t\t<span class=\"elementor-divider-separator\">\n\t\t\t\t\t\t<\/span>\n\t\t<\/div>\n\t\t\t\t\t\t<\/div>\n\t\t\t\t<div class=\"elementor-element elementor-element-9fee8fa elementor-widget elementor-widget-text-editor\" data-id=\"9fee8fa\" data-element_type=\"widget\" data-widget_type=\"text-editor.default\">\n\t\t\t\t\t\t\t\t\t<p>C-Serisi CO\u2082 lazer t\u00fcpleri: TEM00 \u0131\u015f\u0131n, y\u00fcksek optik kalite ve kesme g\u00fcc\u00fc, s\u0131zd\u0131rmaz tasar\u0131m, uzun \u00f6m\u00fcr, kolay kurulum, 12 ay garanti, 70-150 W.<\/p>\t\t\t\t\t\t\t\t<\/div>\n\t\t\t\t<div class=\"elementor-element elementor-element-21e36b8 elementor-align-justify elementor-widget elementor-widget-button\" data-id=\"21e36b8\" data-element_type=\"widget\" data-widget_type=\"button.default\">\n\t\t\t\t\t\t\t\t\t\t<a class=\"elementor-button elementor-button-link elementor-size-sm\" href=\"#\">\n\t\t\t\t\t\t<span class=\"elementor-button-content-wrapper\">\n\t\t\t\t\t\t\t\t\t<span class=\"elementor-button-text\">Daha fazla bilgi edinin<\/span>\n\t\t\t\t\t<\/span>\n\t\t\t\t\t<\/a>\n\t\t\t\t\t\t\t\t<\/div>\n\t\t\t\t<\/div>\n\t\t\t\t<\/div>\n\t\t\t\t<\/div>","protected":false},"excerpt":{"rendered":"<p>CO2 laser tube High-stability CO\u2082 laser tubes delivering clean beam quality and power for engraving and cutting. Long life, easy install, low maintenance. Fits most machines; ideal for working with wood, acrylic, leather, and glass. C Series CO2 Laser Tube C-Series CO\u2082 laser tubes: TEM00 beam, high optical quality and cutting power, leak-tight design, long [&hellip;]<\/p>","protected":false},"author":1,"featured_media":0,"parent":0,"menu_order":0,"comment_status":"closed","ping_status":"closed","template":"","meta":{"footnotes":""},"class_list":["post-515","page","type-page","status-publish","hentry"],"_links":{"self":[{"href":"https:\/\/feijulaser.com\/tr\/wp-json\/wp\/v2\/pages\/515","targetHints":{"allow":["GET"]}}],"collection":[{"href":"https:\/\/feijulaser.com\/tr\/wp-json\/wp\/v2\/pages"}],"about":[{"href":"https:\/\/feijulaser.com\/tr\/wp-json\/wp\/v2\/types\/page"}],"author":[{"embeddable":true,"href":"https:\/\/feijulaser.com\/tr\/wp-json\/wp\/v2\/users\/1"}],"replies":[{"embeddable":true,"href":"https:\/\/feijulaser.com\/tr\/wp-json\/wp\/v2\/comments?post=515"}],"version-history":[{"count":0,"href":"https:\/\/feijulaser.com\/tr\/wp-json\/wp\/v2\/pages\/515\/revisions"}],"wp:attachment":[{"href":"https:\/\/feijulaser.com\/tr\/wp-json\/wp\/v2\/media?parent=515"}],"curies":[{"name":"wp","href":"https:\/\/api.w.org\/{rel}","templated":true}]}}