{"id":703,"date":"2025-08-14T08:34:54","date_gmt":"2025-08-14T08:34:54","guid":{"rendered":"https:\/\/feijulaser.com\/?post_type=product&#038;p=703"},"modified":"2025-08-20T02:58:50","modified_gmt":"2025-08-20T02:58:50","slug":"co-laser-power-supply","status":"publish","type":"product","link":"https:\/\/feijulaser.com\/pt\/produto\/co-laser-power-supply\/","title":{"rendered":"Fonte de alimenta\u00e7\u00e3o do laser CO\u2082"},"content":{"rendered":"<p>Como uma fonte de energia eficiente para tubos de laser de CO. Ele tem as caracter\u00edsticas de tamanho pequeno. Leve, de f\u00e1cil opera\u00e7\u00e3o e boa combina\u00e7\u00e3o, e pode ser conectada diretamente ao tubo de laser. A fonte de alimenta\u00e7\u00e3o pode facilitar a ativa\u00e7\u00e3o do tubo de laser, com uma baixa taxa de convers\u00e3o e longa vida \u00fatil.<\/p>\n<h3>TABELA DE PAR\u00c2METROS T\u00c9CNICOS<\/h3>\n<table data-pm-slice=\"3 3 []\">\n<tbody>\n<tr>\n<td>Item<\/td>\n<td>FJ-60W<\/td>\n<td>FJ-80WE<\/td>\n<td>FJ-100W<\/td>\n<td>FJ-120W<\/td>\n<td>FJ-130W<\/td>\n<td>FJ-150W<\/td>\n<td>FJ-200W<\/td>\n<\/tr>\n<tr>\n<td><strong>Tens\u00e3o de entrada<\/strong><\/td>\n<td>AC220V\u00b110%<\/td>\n<td>AC220V\u00b110%<\/td>\n<td>AC220V\u00b110%<\/td>\n<td>AC220V\u00b110%<\/td>\n<td>AC220V\u00b110%<\/td>\n<td>AC220V\u00b110%<\/td>\n<td>AC220V\u00b110%<\/td>\n<\/tr>\n<tr>\n<td><strong>Frequ\u00eancia CA<\/strong><\/td>\n<td>50\/60 Hz<\/td>\n<td>50\/60 Hz<\/td>\n<td>50\/60 Hz<\/td>\n<td>50\/60 Hz<\/td>\n<td>50\/60 Hz<\/td>\n<td>50\/60 Hz<\/td>\n<td>50\/60 Hz<\/td>\n<\/tr>\n<tr>\n<td><strong>Pot\u00eancia m\u00e1xima de entrada<\/strong><\/td>\n<td>490 W<\/td>\n<td>750 W<\/td>\n<td>770 W<\/td>\n<td>820 W<\/td>\n<td>970 W<\/td>\n<td>1000 W<\/td>\n<td>1300 W<\/td>\n<\/tr>\n<tr>\n<td><strong>Corrente m\u00e1xima de entrada<\/strong><\/td>\n<td>2.2 A<\/td>\n<td>3.4 A<\/td>\n<td>3.5 A<\/td>\n<td>3.7 A<\/td>\n<td>4.3 A<\/td>\n<td>4.5 A<\/td>\n<td>5.9 A<\/td>\n<\/tr>\n<tr>\n<td><strong>Tens\u00e3o m\u00e1xima de sa\u00edda<\/strong><\/td>\n<td>DC 25 kV<\/td>\n<td>DC 32 kV<\/td>\n<td>DC 35 kV<\/td>\n<td>DC 35 kV<\/td>\n<td>DC 40 kV<\/td>\n<td>DC 40 kV<\/td>\n<td>DC 52 kV<\/td>\n<\/tr>\n<tr>\n<td><strong>Corrente m\u00e1xima de sa\u00edda<\/strong><\/td>\n<td>DC 28 mA<\/td>\n<td>DC 33 mA<\/td>\n<td>DC 33 mA<\/td>\n<td>DC 35 mA<\/td>\n<td>DC 36 mA<\/td>\n<td>DC 40 mA<\/td>\n<td>DC 36 mA<\/td>\n<\/tr>\n<tr>\n<td><strong>Dimens\u00f5es (C\u00d7L\u00d7A, mm)<\/strong><\/td>\n<td>210\u00d7145\u00d7100<\/td>\n<td>285\u00d7175\u00d7105<\/td>\n<td>300\u00d7200\u00d7110<\/td>\n<td>335\u00d7205\u00d7100<\/td>\n<td>335\u00d7205\u00d7100<\/td>\n<td>350\u00d7222\u00d7105<\/td>\n<td>390\u00d7240\u00d7116<\/td>\n<\/tr>\n<tr>\n<td><strong>Cor da capa<\/strong><\/td>\n<td>Cinza prateado<\/td>\n<td>Cinza prateado<\/td>\n<td>Cinza prateado<\/td>\n<td>Cinza prateado<\/td>\n<td>Cinza prateado<\/td>\n<td>Cinza prateado<\/td>\n<td>Cinza prateado<\/td>\n<\/tr>\n<\/tbody>\n<\/table>\n<blockquote data-pm-slice=\"2 3 []\"><p>A entrada AC110V pode ser personalizada mediante solicita\u00e7\u00e3o.<\/p><\/blockquote>\n<h3>Especifica\u00e7\u00f5es comuns (aplic\u00e1veis a todos os modelos)<\/h3>\n<table>\n<tbody>\n<tr>\n<td>Item<\/td>\n<td>Valor<\/td>\n<\/tr>\n<tr>\n<td><strong>Efici\u00eancia<\/strong><\/td>\n<td>\u2265 90% (com carga total)<\/td>\n<\/tr>\n<tr>\n<td><strong>Velocidade de resposta<\/strong><\/td>\n<td>\u2264 1 ms<\/td>\n<\/tr>\n<tr>\n<td><strong>MTBF<\/strong><\/td>\n<td>\u2265 1000 horas<\/td>\n<\/tr>\n<tr>\n<td><strong>Interface de controle<\/strong><\/td>\n<td>Controle de chave de n\u00edvel TTL; n\u00edvel efetivo selecion\u00e1vel <strong>alta<\/strong> ou <strong>baixo<\/strong><\/td>\n<\/tr>\n<tr>\n<td><strong>Isolamento e tens\u00e3o<\/strong><\/td>\n<td>Entrada-sa\u00edda, entrada-habita\u00e7\u00e3o: <strong>AC1500V, 10 mA, 60 s<\/strong>terminal negativo da sa\u00edda conectado \u00e0 carca\u00e7a<\/td>\n<\/tr>\n<tr>\n<td><strong>Prote\u00e7\u00e3o contra circuito aberto<\/strong><\/td>\n<td>Circuito aberto de curta dura\u00e7\u00e3o (requer um bom aterramento do compartimento da fonte de alimenta\u00e7\u00e3o; evite a forma\u00e7\u00e3o de arco entre o eletrodo positivo e o compartimento)<\/td>\n<\/tr>\n<tr>\n<td><strong>Temperatura de trabalho<\/strong><\/td>\n<td>-10 \u00b0C a 50 \u00b0C<\/td>\n<\/tr>\n<tr>\n<td><strong>Temperatura de armazenamento<\/strong><\/td>\n<td>-20 \u00b0C a 75 \u00b0C<\/td>\n<\/tr>\n<tr>\n<td><strong>Umidade relativa<\/strong><\/td>\n<td>At\u00e9 85% RH (sem condensa\u00e7\u00e3o)<\/td>\n<\/tr>\n<tr>\n<td><strong>Altitude<\/strong><\/td>\n<td>100.000 p\u00e9s de trabalho; 200.000 p\u00e9s de armazenamento (sem opera\u00e7\u00e3o)<\/td>\n<\/tr>\n<tr>\n<td><strong>M\u00e9todo de resfriamento<\/strong><\/td>\n<td>Resfriamento por ar for\u00e7ado<\/td>\n<\/tr>\n<\/tbody>\n<\/table>","protected":false},"excerpt":{"rendered":"<p>Como uma fonte de energia eficiente para tubos de laser de CO. Ele tem as caracter\u00edsticas de tamanho pequeno. Leve, de f\u00e1cil opera\u00e7\u00e3o e boa combina\u00e7\u00e3o, e pode ser conectada diretamente ao tubo de laser. A fonte de alimenta\u00e7\u00e3o pode facilitar a ativa\u00e7\u00e3o do tubo de laser, com uma baixa taxa de convers\u00e3o e longa vida \u00fatil.<\/p>","protected":false},"featured_media":704,"template":"","meta":[],"product_brand":[],"product_cat":[35],"product_tag":[],"class_list":{"0":"post-703","1":"product","2":"type-product","3":"status-publish","4":"has-post-thumbnail","6":"product_cat-power-supplies","8":"first","9":"instock","10":"shipping-taxable","11":"product-type-simple"},"_links":{"self":[{"href":"https:\/\/feijulaser.com\/pt\/wp-json\/wp\/v2\/product\/703","targetHints":{"allow":["GET"]}}],"collection":[{"href":"https:\/\/feijulaser.com\/pt\/wp-json\/wp\/v2\/product"}],"about":[{"href":"https:\/\/feijulaser.com\/pt\/wp-json\/wp\/v2\/types\/product"}],"wp:featuredmedia":[{"embeddable":true,"href":"https:\/\/feijulaser.com\/pt\/wp-json\/wp\/v2\/media\/704"}],"wp:attachment":[{"href":"https:\/\/feijulaser.com\/pt\/wp-json\/wp\/v2\/media?parent=703"}],"wp:term":[{"taxonomy":"product_brand","embeddable":true,"href":"https:\/\/feijulaser.com\/pt\/wp-json\/wp\/v2\/product_brand?post=703"},{"taxonomy":"product_cat","embeddable":true,"href":"https:\/\/feijulaser.com\/pt\/wp-json\/wp\/v2\/product_cat?post=703"},{"taxonomy":"product_tag","embeddable":true,"href":"https:\/\/feijulaser.com\/pt\/wp-json\/wp\/v2\/product_tag?post=703"}],"curies":[{"name":"wp","href":"https:\/\/api.w.org\/{rel}","templated":true}]}}