{"id":696,"date":"2025-08-14T08:26:09","date_gmt":"2025-08-14T08:26:09","guid":{"rendered":"https:\/\/feijulaser.com\/?post_type=product&#038;p=696"},"modified":"2025-08-20T03:00:39","modified_gmt":"2025-08-20T03:00:39","slug":"mirrors-and-lenses","status":"publish","type":"product","link":"https:\/\/feijulaser.com\/pt\/produto\/mirrors-and-lenses\/","title":{"rendered":"Espelhos e lentes"},"content":{"rendered":"<h2>Espelhos e lentes<\/h2>\n<h2>MO Lentes refletivas<\/h2>\n<h3>Recursos<\/h3>\n<p>O espelho tamb\u00e9m \u00e9 chamado de all mirror e geralmente usa molibd\u00eanio (Mo) e silicone (Si) como substratos. Os espelhos de Mo podem trabalhar em ambientes adversos e t\u00eam longa vida \u00fatil, alto poder de carga e superf\u00edcie que n\u00e3o precisa de revestimento, al\u00e9m de serem antirresist\u00eancia \u00e0 limpeza. Os espelhos de Mo da nossa empresa s\u00e3o usados principalmente em m\u00e1quinas de corte a laser.<\/p>\n<p><img fetchpriority=\"high\" decoding=\"async\" class=\"aligncenter wp-image-701 size-large\" src=\"https:\/\/feijulaser.com\/wp-content\/uploads\/2025\/08\/IMG_20250528_101423_edit_16158833899018721-1024x1024.jpg\" alt=\"\" width=\"800\" height=\"800\" title=\"\" srcset=\"https:\/\/feijulaser.com\/wp-content\/uploads\/2025\/08\/IMG_20250528_101423_edit_16158833899018721-1024x1024.jpg 1024w, https:\/\/feijulaser.com\/wp-content\/uploads\/2025\/08\/IMG_20250528_101423_edit_16158833899018721-300x300.jpg 300w, https:\/\/feijulaser.com\/wp-content\/uploads\/2025\/08\/IMG_20250528_101423_edit_16158833899018721-150x150.jpg 150w, https:\/\/feijulaser.com\/wp-content\/uploads\/2025\/08\/IMG_20250528_101423_edit_16158833899018721-768x768.jpg 768w, https:\/\/feijulaser.com\/wp-content\/uploads\/2025\/08\/IMG_20250528_101423_edit_16158833899018721-1536x1536.jpg 1536w, https:\/\/feijulaser.com\/wp-content\/uploads\/2025\/08\/IMG_20250528_101423_edit_16158833899018721-2048x2048.jpg 2048w, https:\/\/feijulaser.com\/wp-content\/uploads\/2025\/08\/IMG_20250528_101423_edit_16158833899018721-600x600.jpg 600w, https:\/\/feijulaser.com\/wp-content\/uploads\/2025\/08\/IMG_20250528_101423_edit_16158833899018721-100x100.jpg 100w\" sizes=\"(max-width: 800px) 100vw, 800px\" \/><\/p>\n<p>&nbsp;<\/p>\n<table>\n<tbody>\n<tr>\n<td width=\"142\">Material<\/td>\n<td width=\"142\">\uff08mm\uff09Di\u00e2metro<\/td>\n<td width=\"142\">\uff08mm\uff09<\/p>\n<p>Espessura da borda<\/td>\n<td width=\"142\">\uff08mm\uff09<\/p>\n<p>Dist\u00e2ncia focal<\/td>\n<\/tr>\n<tr>\n<td rowspan=\"3\" width=\"142\">&nbsp;<\/p>\n<p>MO<\/td>\n<td width=\"142\">20<\/td>\n<td width=\"142\">3<\/td>\n<td width=\"142\">45<\/td>\n<\/tr>\n<tr>\n<td width=\"142\">25<\/td>\n<td width=\"142\">3<\/td>\n<td width=\"142\">45<\/td>\n<\/tr>\n<tr>\n<td width=\"142\">30<\/td>\n<td width=\"142\">3<\/td>\n<td width=\"142\">45<\/td>\n<\/tr>\n<\/tbody>\n<\/table>\n<p>&nbsp;<\/p>\n<h2>Si Lente refletiva<\/h2>\n<p><img decoding=\"async\" class=\"aligncenter wp-image-698 size-full\" src=\"https:\/\/feijulaser.com\/wp-content\/uploads\/2025\/08\/Reflector-Transmitter1.png\" alt=\"\" width=\"800\" height=\"800\" title=\"\" srcset=\"https:\/\/feijulaser.com\/wp-content\/uploads\/2025\/08\/Reflector-Transmitter1.png 800w, https:\/\/feijulaser.com\/wp-content\/uploads\/2025\/08\/Reflector-Transmitter1-300x300.png 300w, https:\/\/feijulaser.com\/wp-content\/uploads\/2025\/08\/Reflector-Transmitter1-150x150.png 150w, https:\/\/feijulaser.com\/wp-content\/uploads\/2025\/08\/Reflector-Transmitter1-768x768.png 768w, https:\/\/feijulaser.com\/wp-content\/uploads\/2025\/08\/Reflector-Transmitter1-600x600.png 600w, https:\/\/feijulaser.com\/wp-content\/uploads\/2025\/08\/Reflector-Transmitter1-100x100.png 100w\" sizes=\"(max-width: 800px) 100vw, 800px\" \/><\/p>\n<h3>Recursos<\/h3>\n<p>O Si \u00e9 o substrato mais comum para espelhos revestidos. Ele tem excelentes propriedades \u00f3pticas e t\u00e9rmicas, al\u00e9m de alta refletividade. Os espelhos de sil\u00edcio da nossa empresa, que servem como espelhos de cavidade em tubos de laser, t\u00eam uma refletividade de at\u00e9 99,8%, liderando o setor de laser.<\/p>\n<table>\n<tbody>\n<tr>\n<td width=\"142\">Material<\/td>\n<td width=\"142\">\uff08mm\uff09<\/p>\n<p>Di\u00e2metro<\/td>\n<td width=\"142\">\uff08mm\uff09<\/p>\n<p>Espessura da borda<\/td>\n<\/tr>\n<tr>\n<td rowspan=\"7\" width=\"142\">&nbsp;<\/p>\n<p>&nbsp;<\/p>\n<p>&nbsp;<\/p>\n<p>Si<\/td>\n<td width=\"142\">12.7<\/td>\n<td width=\"142\">2<\/td>\n<\/tr>\n<tr>\n<td width=\"142\">15<\/td>\n<td width=\"142\">3<\/td>\n<\/tr>\n<tr>\n<td width=\"142\">16<\/td>\n<td width=\"142\">3<\/td>\n<\/tr>\n<tr>\n<td width=\"142\">18<\/td>\n<td width=\"142\">3<\/td>\n<\/tr>\n<tr>\n<td width=\"142\">20<\/td>\n<td width=\"142\">3<\/td>\n<\/tr>\n<tr>\n<td width=\"142\">25<\/td>\n<td width=\"142\">3<\/td>\n<\/tr>\n<tr>\n<td width=\"142\">30<\/td>\n<td width=\"142\">3<\/td>\n<\/tr>\n<\/tbody>\n<\/table>\n<p>&nbsp;<\/p>\n<h2>Lente CVD ZnSe<\/h2>\n<p><img decoding=\"async\" class=\"size-medium wp-image-700 alignnone\" src=\"https:\/\/feijulaser.com\/wp-content\/uploads\/2025\/08\/Reflector-Transmitter3-300x300.png\" alt=\"\" width=\"300\" height=\"300\" title=\"\" srcset=\"https:\/\/feijulaser.com\/wp-content\/uploads\/2025\/08\/Reflector-Transmitter3-300x300.png 300w, https:\/\/feijulaser.com\/wp-content\/uploads\/2025\/08\/Reflector-Transmitter3-150x150.png 150w, https:\/\/feijulaser.com\/wp-content\/uploads\/2025\/08\/Reflector-Transmitter3-768x768.png 768w, https:\/\/feijulaser.com\/wp-content\/uploads\/2025\/08\/Reflector-Transmitter3-600x600.png 600w, https:\/\/feijulaser.com\/wp-content\/uploads\/2025\/08\/Reflector-Transmitter3-100x100.png 100w, https:\/\/feijulaser.com\/wp-content\/uploads\/2025\/08\/Reflector-Transmitter3.png 800w\" sizes=\"(max-width: 300px) 100vw, 300px\" \/> <img loading=\"lazy\" decoding=\"async\" class=\"size-medium wp-image-699 alignnone\" src=\"https:\/\/feijulaser.com\/wp-content\/uploads\/2025\/08\/Reflector-Transmitter2-300x300.png\" alt=\"\" width=\"300\" height=\"300\" title=\"\" srcset=\"https:\/\/feijulaser.com\/wp-content\/uploads\/2025\/08\/Reflector-Transmitter2-300x300.png 300w, https:\/\/feijulaser.com\/wp-content\/uploads\/2025\/08\/Reflector-Transmitter2-150x150.png 150w, https:\/\/feijulaser.com\/wp-content\/uploads\/2025\/08\/Reflector-Transmitter2-768x768.png 768w, https:\/\/feijulaser.com\/wp-content\/uploads\/2025\/08\/Reflector-Transmitter2-600x600.png 600w, https:\/\/feijulaser.com\/wp-content\/uploads\/2025\/08\/Reflector-Transmitter2-100x100.png 100w, https:\/\/feijulaser.com\/wp-content\/uploads\/2025\/08\/Reflector-Transmitter2.png 800w\" sizes=\"(max-width: 300px) 100vw, 300px\" \/><\/p>\n<h3>Recursos<\/h3>\n<p>Ap\u00f3s o revestimento a v\u00e1cuo com filme antirreflexo, a lente de focaliza\u00e7\u00e3o CVD ZnSe pode atingir uma transmit\u00e2ncia de luz de 99,8% na banda de trabalho de 10\u03bcm dos lasers de CO\u2082. Ela tamb\u00e9m apresenta um alto limiar de dano a laser, capaz de suportar alta densidade de pot\u00eancia, com um revestimento de superf\u00edcie firme que n\u00e3o \u00e9 f\u00e1cil de cair e \u00e9 resistente \u00e0 limpeza. Nossa empresa oferece lentes de foco importadas e nacionais para sua escolha, vendendo principalmente lentes com di\u00e2metros de 20 mm e 25,4 mm.<\/p>\n<table>\n<tbody>\n<tr>\n<td width=\"142\">Material<\/td>\n<td width=\"142\">\uff08mm\uff09<\/p>\n<p>Di\u00e2metro<\/td>\n<td width=\"142\">\uff08mm\uff09<\/p>\n<p>Espessura da borda<\/td>\n<td width=\"142\">\uff08mm\uff09<\/p>\n<p>Dist\u00e2ncia focal<\/td>\n<\/tr>\n<tr>\n<td rowspan=\"4\" width=\"142\">&nbsp;<\/p>\n<p>CVD ZnSe<\/td>\n<td width=\"142\">19<\/td>\n<td width=\"142\">2<\/td>\n<td width=\"142\">50.8\/63.5\/76.2\/101.6<\/td>\n<\/tr>\n<tr>\n<td width=\"142\">20<\/td>\n<td width=\"142\">2<\/td>\n<td width=\"142\">50.8\/63.5\/76.2\/101.6<\/td>\n<\/tr>\n<tr>\n<td width=\"142\">25.4<\/td>\n<td width=\"142\">2<\/td>\n<td width=\"142\">63.5\/76.2<\/td>\n<\/tr>\n<tr>\n<td width=\"142\">27.94<\/td>\n<td width=\"142\">3<\/td>\n<td width=\"142\">50.8\/63.5\/76.2\/101.6<\/td>\n<\/tr>\n<\/tbody>\n<\/table>\n<p>&nbsp;<\/p>","protected":false},"excerpt":{"rendered":"<p>Espelhos e lentes para laser de CO\u2082: Espelhos Mo\/Si e lentes CVD ZnSe para 10,6 \u00b5m. Alta refletividade\/transmiss\u00e3o, alto limiar de danos, resistente \u00e0 limpeza. Tamanhos 20\/25,4 mm; v\u00e1rias dist\u00e2ncias focais; OEM\/personalizado.<\/p>","protected":false},"featured_media":697,"template":"","meta":[],"product_brand":[],"product_cat":[36],"product_tag":[],"class_list":{"0":"post-696","1":"product","2":"type-product","3":"status-publish","4":"has-post-thumbnail","6":"product_cat-mirrors-lenses","8":"first","9":"instock","10":"shipping-taxable","11":"product-type-simple"},"_links":{"self":[{"href":"https:\/\/feijulaser.com\/pt\/wp-json\/wp\/v2\/product\/696","targetHints":{"allow":["GET"]}}],"collection":[{"href":"https:\/\/feijulaser.com\/pt\/wp-json\/wp\/v2\/product"}],"about":[{"href":"https:\/\/feijulaser.com\/pt\/wp-json\/wp\/v2\/types\/product"}],"wp:featuredmedia":[{"embeddable":true,"href":"https:\/\/feijulaser.com\/pt\/wp-json\/wp\/v2\/media\/697"}],"wp:attachment":[{"href":"https:\/\/feijulaser.com\/pt\/wp-json\/wp\/v2\/media?parent=696"}],"wp:term":[{"taxonomy":"product_brand","embeddable":true,"href":"https:\/\/feijulaser.com\/pt\/wp-json\/wp\/v2\/product_brand?post=696"},{"taxonomy":"product_cat","embeddable":true,"href":"https:\/\/feijulaser.com\/pt\/wp-json\/wp\/v2\/product_cat?post=696"},{"taxonomy":"product_tag","embeddable":true,"href":"https:\/\/feijulaser.com\/pt\/wp-json\/wp\/v2\/product_tag?post=696"}],"curies":[{"name":"wp","href":"https:\/\/api.w.org\/{rel}","templated":true}]}}