{"id":676,"date":"2025-08-14T06:54:03","date_gmt":"2025-08-14T06:54:03","guid":{"rendered":"https:\/\/feijulaser.com\/?post_type=product&#038;p=676"},"modified":"2025-08-20T03:02:07","modified_gmt":"2025-08-20T03:02:07","slug":"c-series-co2-laser-tube","status":"publish","type":"product","link":"https:\/\/feijulaser.com\/pt\/produto\/c-series-co2-laser-tube\/","title":{"rendered":"Tubo de laser de CO2 s\u00e9rie C"},"content":{"rendered":"<p>Os tubos de laser de COz da s\u00e9rie C t\u00eam alta qualidade \u00f3ptica, forte poder de corte e poder de penetra\u00e7\u00e3o. Essa s\u00e9rie de tubos de laser adota a tecnologia de retifica\u00e7\u00e3o direta, tem menos pontos de vazamento e melhor desempenho de veda\u00e7\u00e3o. A tecnologia exclusiva de revestimento a laser e a f\u00f3rmula de g\u00e1s melhoram muito a pot\u00eancia e a vida \u00fatil do tubo de laser. Para garantir a consist\u00eancia da qualidade do tubo de laser, controlamos rigorosamente todo o processo, desde o refino do tubo de laser, o revestimento catal\u00edtico da cavidade ressonante, a retifica\u00e7\u00e3o das aplica\u00e7\u00f5es e o processo preciso de instala\u00e7\u00e3o. O produto tem as vantagens de uma longa vida \u00fatil, bom padr\u00e3o de ponto de luz, alta pot\u00eancia, desempenho de trabalho est\u00e1vel, velocidade de resposta r\u00e1pida e assim por diante, sendo um equipamento de suporte ideal para equipamentos a laser, como m\u00e1quina de corte a laser, m\u00e1quina de grava\u00e7\u00e3o a laser e m\u00e1quina de letering etc.<\/p>\n<table>\n<tbody>\n<tr>\n<td width=\"96\">&nbsp;<\/p>\n<p>Modelo<\/td>\n<td width=\"96\">&nbsp;<\/p>\n<p>Pot\u00eancia nominal<\/td>\n<td width=\"96\">&nbsp;<\/p>\n<p>Comprimento (mm)<\/td>\n<td width=\"96\">&nbsp;<\/p>\n<p>Di\u00e2metro (mm)<\/td>\n<td width=\"96\">&nbsp;<\/p>\n<p>Catal\u00edtico<\/td>\n<td width=\"96\">&nbsp;<\/p>\n<p>Pot\u00eancia de pico<\/td>\n<td width=\"96\">&nbsp;<\/p>\n<p>Modo<\/td>\n<td width=\"98\">&nbsp;<\/p>\n<p>(meses)<\/p>\n<p>Garantia<\/td>\n<\/tr>\n<tr>\n<td width=\"96\">C70<\/td>\n<td width=\"96\">70W<\/td>\n<td width=\"96\">1200<\/td>\n<td width=\"96\">60<\/td>\n<td rowspan=\"6\" width=\"96\">&nbsp;<\/p>\n<p>&nbsp;<\/p>\n<p>&nbsp;<\/p>\n<p>Sim<\/td>\n<td width=\"96\">80W<\/td>\n<td rowspan=\"6\" width=\"96\">&nbsp;<\/p>\n<p>&nbsp;<\/p>\n<p>&nbsp;<\/p>\n<p>TEM0O<\/td>\n<td width=\"98\">10<\/td>\n<\/tr>\n<tr>\n<td width=\"96\">C80<\/td>\n<td width=\"96\">80W<\/td>\n<td width=\"96\">1600<\/td>\n<td width=\"96\">60<\/td>\n<td width=\"96\">110W<\/td>\n<td width=\"98\">10<\/td>\n<\/tr>\n<tr>\n<td width=\"96\">C80<\/td>\n<td width=\"96\">80W<\/td>\n<td width=\"96\">1250<\/td>\n<td width=\"96\">80<\/td>\n<td width=\"96\">100W<\/td>\n<td width=\"98\">12<\/td>\n<\/tr>\n<tr>\n<td width=\"96\">C100<\/td>\n<td width=\"96\">100W<\/td>\n<td width=\"96\">1450<\/td>\n<td width=\"96\">80<\/td>\n<td width=\"96\">120W<\/td>\n<td width=\"98\">12<\/td>\n<\/tr>\n<tr>\n<td width=\"96\">C130<\/td>\n<td width=\"96\">130W<\/td>\n<td width=\"96\">1650<\/td>\n<td width=\"96\">80<\/td>\n<td width=\"96\">150W<\/td>\n<td width=\"98\">12<\/td>\n<\/tr>\n<tr>\n<td width=\"96\">C150<\/td>\n<td width=\"96\">150W<\/td>\n<td width=\"96\">1850<\/td>\n<td width=\"96\">80<\/td>\n<td width=\"96\">180W<\/td>\n<td width=\"98\">12<\/td>\n<\/tr>\n<\/tbody>\n<\/table>\n<h2>Principais vantagens<\/h2>\n<p>Alta efici\u00eancia e estabilidade<\/p>\n<p>Mistura de g\u00e1s otimizada para m\u00e1xima convers\u00e3o de energia<\/p>\n<p>A pot\u00eancia de pico significativamente maior do que a pot\u00eancia nominal atende \u00e0s demandas instant\u00e2neas de alta pot\u00eancia<\/p>\n<p>Garantia de longa vida \u00fatil<\/p>\n<p>Utiliza tecnologia propriet\u00e1ria de revestimento a laser e f\u00f3rmula de g\u00e1s<\/p>\n<p>Cada tubo de laser \u00e9 submetido a testes rigorosos com um r\u00edgido controle de qualidade<\/p>\n<p>Garantia de 12 meses<\/p>\n<p>Sa\u00edda est\u00e1vel<\/p>\n<p>O modo TEM00 garante excelente qualidade de feixe<\/p>\n<p>A tecnologia catal\u00edtica aumenta a estabilidade em todos os modelos<\/p>\n<p>Diversas op\u00e7\u00f5es<\/p>\n<p>Faixa de pot\u00eancia de 70W a 150W<\/p>\n<p>V\u00e1rias configura\u00e7\u00f5es de comprimento e di\u00e2metro para atender a diferentes requisitos de equipamentos<\/p>\n<h2>Aplicativos<\/h2>\n<p>Corte industrial<\/p>\n<p>Acr\u00edlico, madeira, couro, tecido<\/p>\n<p>Materiais de embalagem (papel\u00e3o, pl\u00e1sticos)<\/p>\n<p>Grava\u00e7\u00e3o e marca\u00e7\u00e3o a laser<\/p>\n<p>N\u00fameros de s\u00e9rie de produtos, c\u00f3digos de barras, c\u00f3digos QR<\/p>\n<p>Arte e logotipos de alta precis\u00e3o<\/p>\n<p>Medicina e eletr\u00f4nica<\/p>\n<p>Corte de precis\u00e3o para dispositivos m\u00e9dicos<\/p>\n<p>Marca\u00e7\u00e3o e corte de PCB<\/p>\n<h2>Problemas e solu\u00e7\u00f5es<\/h2>\n<p>Tubo de laser Profundidade de entalhe insuficiente:<\/p>\n<p>Se no in\u00edcio o entalhe n\u00e3o for profundo, verifique os seguintes problemas em ordem:<\/p>\n<ol>\n<li>Verifique se o rolamento do tubo do laser de CO2 \u00e9 adequado;<\/li>\n<li>Verifique se a intensidade da luz est\u00e1 muito baixa;<\/li>\n<li>Verifique se o caminho da luz se deslocou;<\/li>\n<li>Verifique se a dist\u00e2ncia focal est\u00e1 correta;<\/li>\n<li>Verifique se h\u00e1 arranh\u00f5es e sujeira na superf\u00edcie da lente;<\/li>\n<li>Verifique se a vaz\u00e3o e a press\u00e3o da \u00e1gua de resfriamento est\u00e3o corretas.<\/li>\n<\/ol>\n<p>Depois de trabalhar por um tempo, a profundidade de corte n\u00e3o \u00e9 mais suficiente:<\/p>\n<ol>\n<li>Verifique se o rolamento do tubo do laser de CO2 \u00e9 adequado;<\/li>\n<li>Verifique se a temperatura da \u00e1gua (15-25\u2103) est\u00e1 normal;<\/li>\n<li>Verifique se a lente fica quente quando est\u00e1 sendo usada;<\/li>\n<li>Verifique se a vaz\u00e3o e a press\u00e3o da \u00e1gua de resfriamento est\u00e3o corretas;<\/li>\n<li>Verifique se a \u00e1gua de resfriamento est\u00e1 limpa;<\/li>\n<\/ol>\n<p>Igni\u00e7\u00e3o e descarga de alta tens\u00e3o:<\/p>\n<ol>\n<li>Verifique se h\u00e1 sujeira ou umidade ao redor do cabe\u00e7ote de alta press\u00e3o do tubo do laser;<\/li>\n<li>Verifique se a extremidade ou junta de alta press\u00e3o est\u00e1 muito pr\u00f3xima da parte met\u00e1lica da m\u00e1quina;<\/li>\n<li>Verifique se o dispositivo de conex\u00e3o de alta tens\u00e3o da fonte de alimenta\u00e7\u00e3o do laser est\u00e1 solto do suporte;<\/li>\n<li>Verifique se o dispositivo de conex\u00e3o de alta tens\u00e3o est\u00e1 quebrado ou danificado;<\/li>\n<li>Verifique se a baixa temperatura da \u00e1gua leva \u00e0 condensa\u00e7\u00e3o de \u00e1gua nas paredes e mangas do tubo;<\/li>\n<\/ol>\n<p>* Se nenhuma das descri\u00e7\u00f5es acima se aplicar, entre em contato com o servi\u00e7o p\u00f3s-venda da nossa empresa para consulta e tratamento.<\/p>\n<p>O tubo do laser est\u00e1 quebrado:<\/p>\n<ol>\n<li>A baixa temperatura da \u00e1gua leva ao congelamento da \u00e1gua dentro do tubo de vidro do laser;<\/li>\n<li>A circula\u00e7\u00e3o de \u00e1gua no laser parou, causando falha na fun\u00e7\u00e3o de prote\u00e7\u00e3o de \u00e1gua da m\u00e1quina.<\/li>\n<li>A press\u00e3o da \u00e1gua est\u00e1 muito baixa;<\/li>\n<li>Verifique se a dire\u00e7\u00e3o do fluxo de \u00e1gua est\u00e1 de acordo com a entrada baixa e a sa\u00edda alta. O tubo resfriado a \u00e1gua do tubo do laser pode n\u00e3o estar cheio de \u00e1gua, o que causa o aquecimento parcial do tubo do laser de CO2.<\/li>\n<li>O arco el\u00e9trico pr\u00f3ximo \u00e0 carca\u00e7a do tubo queimou e rachou.<\/li>\n<\/ol>\n<p>Descarga e quebra de alta tens\u00e3o:<\/p>\n<ol>\n<li>A fonte de alimenta\u00e7\u00e3o do laser n\u00e3o funciona com especifica\u00e7\u00f5es diferentes (como o uso de uma fonte de alimenta\u00e7\u00e3o de alta pot\u00eancia para tubos de laser de baixa pot\u00eancia). Exceder a tens\u00e3o especificada que o tubo do laser pode suportar pode causar danos ao tubo do laser;<\/li>\n<li>A condi\u00e7\u00e3o de resfriamento da \u00e1gua n\u00e3o \u00e9 boa. A \u00e1gua de resfriamento n\u00e3o preenche todo o tubo e aparecem bolhas de ar. Nos locais onde n\u00e3o h\u00e1 resfriamento de \u00e1gua, a temperatura \u00e9 muito alta, causando a altera\u00e7\u00e3o do material de vidro e danificando o vidro dos tubos de laser;<\/li>\n<li>O material de vidro apresenta pequenas bolhas ou espessura irregular devido \u00e0 influ\u00eancia da temperatura, da mat\u00e9ria-prima, da tecnologia e de outros fatores durante a produ\u00e7\u00e3o do material de vidro. Danos \u00e0s \u00e1reas fracas sob alta tens\u00e3o podem causar descarga;<\/li>\n<\/ol>\n<h2>Garantia de qualidade<\/h2>\n<p>Fornecemos uma garantia de 12 meses para nossos tubos de laser.<\/p>\n<p>Para clientes internacionais, devido a restri\u00e7\u00f5es log\u00edsticas:<\/p>\n<p>Etapa 1: Voc\u00ea deve fornecer evid\u00eancias claras em v\u00eddeo que demonstrem o problema do produto.<\/p>\n<p>Etapa 2: Envie fotos da etiqueta de garantia para verifica\u00e7\u00e3o.<\/p>\n<p>Resultado: Os tubos de substitui\u00e7\u00e3o (se aprovados) ser\u00e3o enviados com seu pr\u00f3ximo pedido. Se um cliente n\u00e3o estiver fazendo um pedido imediato, mas tiver uma remessa de cont\u00eaineres partindo da China, poderemos providenciar o envio do produto de substitui\u00e7\u00e3o para um endere\u00e7o dom\u00e9stico designado na China para consolida\u00e7\u00e3o com a remessa.<\/p>\n<h2>Exclus\u00f5es de garantia<\/h2>\n<p>A garantia n\u00e3o cobre os seguintes itens:<\/p>\n<p>Danos ocorridos ap\u00f3s o per\u00edodo de garantia. .<\/p>\n<p>Degrada\u00e7\u00e3o da energia ou ruptura do tubo causada por desempenho ruim do resfriamento da \u00e1gua (vaz\u00e3o insuficiente, alta temperatura da \u00e1gua ou bolhas de ar no tubo).<\/p>\n<p>Perda de pot\u00eancia devido \u00e0 contamina\u00e7\u00e3o da superf\u00edcie externa do espelho de sa\u00edda.<\/p>\n<p>Danos f\u00edsicos causados por for\u00e7a externa ou erro humano.<\/p>\n<p>&nbsp;<\/p>","protected":false},"excerpt":{"rendered":"<p>Os tubos de laser C-Series\u2122 CO\u2082 oferecem qualidade de feixe TEM00, pot\u00eancia de corte e longa vida \u00fatil. A mistura de g\u00e1s otimizada e a veda\u00e7\u00e3o catal\u00edtica aumentam a produ\u00e7\u00e3o. F\u00e1cil de instalar; baixa manuten\u00e7\u00e3o, 70-150W, garantia de 12 meses.<\/p>","protected":false},"featured_media":690,"template":"","meta":[],"product_brand":[],"product_cat":[34],"product_tag":[],"class_list":{"0":"post-676","1":"product","2":"type-product","3":"status-publish","4":"has-post-thumbnail","6":"product_cat-co2-laser-tube","8":"first","9":"instock","10":"shipping-taxable","11":"product-type-simple"},"_links":{"self":[{"href":"https:\/\/feijulaser.com\/pt\/wp-json\/wp\/v2\/product\/676","targetHints":{"allow":["GET"]}}],"collection":[{"href":"https:\/\/feijulaser.com\/pt\/wp-json\/wp\/v2\/product"}],"about":[{"href":"https:\/\/feijulaser.com\/pt\/wp-json\/wp\/v2\/types\/product"}],"wp:featuredmedia":[{"embeddable":true,"href":"https:\/\/feijulaser.com\/pt\/wp-json\/wp\/v2\/media\/690"}],"wp:attachment":[{"href":"https:\/\/feijulaser.com\/pt\/wp-json\/wp\/v2\/media?parent=676"}],"wp:term":[{"taxonomy":"product_brand","embeddable":true,"href":"https:\/\/feijulaser.com\/pt\/wp-json\/wp\/v2\/product_brand?post=676"},{"taxonomy":"product_cat","embeddable":true,"href":"https:\/\/feijulaser.com\/pt\/wp-json\/wp\/v2\/product_cat?post=676"},{"taxonomy":"product_tag","embeddable":true,"href":"https:\/\/feijulaser.com\/pt\/wp-json\/wp\/v2\/product_tag?post=676"}],"curies":[{"name":"wp","href":"https:\/\/api.w.org\/{rel}","templated":true}]}}