{"id":703,"date":"2025-08-14T08:34:54","date_gmt":"2025-08-14T08:34:54","guid":{"rendered":"https:\/\/feijulaser.com\/?post_type=product&#038;p=703"},"modified":"2025-08-20T02:58:50","modified_gmt":"2025-08-20T02:58:50","slug":"co-laser-power-supply","status":"publish","type":"product","link":"https:\/\/feijulaser.com\/fr\/produit\/co-laser-power-supply\/","title":{"rendered":"Alimentation du laser CO\u2082"},"content":{"rendered":"<p>Source d'\u00e9nergie efficace pour les tubes laser CO. Il pr\u00e9sente les caract\u00e9ristiques suivantes : petite taille. Elle est l\u00e9g\u00e8re, facile \u00e0 utiliser et bien adapt\u00e9e, et peut \u00eatre directement connect\u00e9e au tube laser. L'alimentation \u00e9lectrique peut faciliter l'allumage du tube laser, avec un faible taux de conversion et une longue dur\u00e9e de vie.<\/p>\n<h3>TABLEAU DES PARAM\u00c8TRES TECHNIQUES<\/h3>\n<table data-pm-slice=\"3 3 []\">\n<tbody>\n<tr>\n<td>Objet<\/td>\n<td>FJ-60W<\/td>\n<td>FJ-80WE<\/td>\n<td>FJ-100W<\/td>\n<td>FJ-120W<\/td>\n<td>FJ-130W<\/td>\n<td>FJ-150W<\/td>\n<td>FJ-200W<\/td>\n<\/tr>\n<tr>\n<td><strong>Tension d'entr\u00e9e<\/strong><\/td>\n<td>AC220V\u00b110%<\/td>\n<td>AC220V\u00b110%<\/td>\n<td>AC220V\u00b110%<\/td>\n<td>AC220V\u00b110%<\/td>\n<td>AC220V\u00b110%<\/td>\n<td>AC220V\u00b110%<\/td>\n<td>AC220V\u00b110%<\/td>\n<\/tr>\n<tr>\n<td><strong>Fr\u00e9quence AC<\/strong><\/td>\n<td>50\/60 Hz<\/td>\n<td>50\/60 Hz<\/td>\n<td>50\/60 Hz<\/td>\n<td>50\/60 Hz<\/td>\n<td>50\/60 Hz<\/td>\n<td>50\/60 Hz<\/td>\n<td>50\/60 Hz<\/td>\n<\/tr>\n<tr>\n<td><strong>Puissance d'entr\u00e9e maximale<\/strong><\/td>\n<td>490 W<\/td>\n<td>750 W<\/td>\n<td>770 W<\/td>\n<td>820 W<\/td>\n<td>970 W<\/td>\n<td>1000 W<\/td>\n<td>1300 W<\/td>\n<\/tr>\n<tr>\n<td><strong>Courant d'entr\u00e9e maximal<\/strong><\/td>\n<td>2.2 A<\/td>\n<td>3.4 A<\/td>\n<td>3.5 A<\/td>\n<td>3.7 A<\/td>\n<td>4.3 A<\/td>\n<td>4.5 A<\/td>\n<td>5.9 A<\/td>\n<\/tr>\n<tr>\n<td><strong>Tension de sortie maximale<\/strong><\/td>\n<td>DC 25 kV<\/td>\n<td>DC 32 kV<\/td>\n<td>DC 35 kV<\/td>\n<td>DC 35 kV<\/td>\n<td>DC 40 kV<\/td>\n<td>DC 40 kV<\/td>\n<td>DC 52 kV<\/td>\n<\/tr>\n<tr>\n<td><strong>Courant de sortie maximal<\/strong><\/td>\n<td>DC 28 mA<\/td>\n<td>DC 33 mA<\/td>\n<td>DC 33 mA<\/td>\n<td>DC 35 mA<\/td>\n<td>DC 36 mA<\/td>\n<td>DC 40 mA<\/td>\n<td>DC 36 mA<\/td>\n<\/tr>\n<tr>\n<td><strong>Dimensions (L\u00d7L\u00d7H, mm)<\/strong><\/td>\n<td>210\u00d7145\u00d7100<\/td>\n<td>285\u00d7175\u00d7105<\/td>\n<td>300\u00d7200\u00d7110<\/td>\n<td>335\u00d7205\u00d7100<\/td>\n<td>335\u00d7205\u00d7100<\/td>\n<td>350\u00d7222\u00d7105<\/td>\n<td>390\u00d7240\u00d7116<\/td>\n<\/tr>\n<tr>\n<td><strong>Couleur de la couverture<\/strong><\/td>\n<td>Gris argent\u00e9<\/td>\n<td>Gris argent\u00e9<\/td>\n<td>Gris argent\u00e9<\/td>\n<td>Gris argent\u00e9<\/td>\n<td>Gris argent\u00e9<\/td>\n<td>Gris argent\u00e9<\/td>\n<td>Gris argent\u00e9<\/td>\n<\/tr>\n<\/tbody>\n<\/table>\n<blockquote data-pm-slice=\"2 3 []\"><p>L'entr\u00e9e AC110V peut \u00eatre personnalis\u00e9e sur demande.<\/p><\/blockquote>\n<h3>Sp\u00e9cifications communes (applicables \u00e0 tous les mod\u00e8les)<\/h3>\n<table>\n<tbody>\n<tr>\n<td>Objet<\/td>\n<td>Valeur<\/td>\n<\/tr>\n<tr>\n<td><strong>Efficacit\u00e9<\/strong><\/td>\n<td>\u2265 90% (\u00e0 pleine charge)<\/td>\n<\/tr>\n<tr>\n<td><strong>Vitesse de r\u00e9ponse<\/strong><\/td>\n<td>\u2264 1 ms<\/td>\n<\/tr>\n<tr>\n<td><strong>MTBF<\/strong><\/td>\n<td>\u2265 1000 heures<\/td>\n<\/tr>\n<tr>\n<td><strong>Interface de contr\u00f4le<\/strong><\/td>\n<td>Commande de niveau TTL ; niveau effectif s\u00e9lectionnable <strong>\u00e9lev\u00e9<\/strong> ou <strong>faible<\/strong><\/td>\n<\/tr>\n<tr>\n<td><strong>Isolation et tension<\/strong><\/td>\n<td>Entr\u00e9e-sortie, entr\u00e9e-logement : <strong>AC1500V, 10 mA, 60 s<\/strong>; borne n\u00e9gative de la sortie connect\u00e9e au bo\u00eetier<\/td>\n<\/tr>\n<tr>\n<td><strong>Protection contre les circuits ouverts<\/strong><\/td>\n<td>Circuit ouvert de courte dur\u00e9e (n\u00e9cessite une bonne mise \u00e0 la terre du bo\u00eetier d'alimentation ; \u00e9viter les arcs \u00e9lectriques entre l'\u00e9lectrode positive et le bo\u00eetier)<\/td>\n<\/tr>\n<tr>\n<td><strong>Temp\u00e9rature de travail<\/strong><\/td>\n<td>-10 \u00b0C \u00e0 50 \u00b0C<\/td>\n<\/tr>\n<tr>\n<td><strong>Temp\u00e9rature de stockage<\/strong><\/td>\n<td>-20 \u00b0C \u00e0 75 \u00b0C<\/td>\n<\/tr>\n<tr>\n<td><strong>Humidit\u00e9 relative<\/strong><\/td>\n<td>Jusqu'\u00e0 85% RH (sans condensation)<\/td>\n<\/tr>\n<tr>\n<td><strong>Altitude<\/strong><\/td>\n<td>100 000 pieds de travail ; 200 000 pieds de stockage (pas d'op\u00e9ration)<\/td>\n<\/tr>\n<tr>\n<td><strong>M\u00e9thode de refroidissement<\/strong><\/td>\n<td>Refroidissement par air forc\u00e9<\/td>\n<\/tr>\n<\/tbody>\n<\/table>","protected":false},"excerpt":{"rendered":"<p>Source d'\u00e9nergie efficace pour les tubes laser CO. Il pr\u00e9sente les caract\u00e9ristiques suivantes : petite taille. Elle est l\u00e9g\u00e8re, facile \u00e0 utiliser et bien adapt\u00e9e, et peut \u00eatre directement connect\u00e9e au tube laser. L'alimentation \u00e9lectrique peut faciliter l'allumage du tube laser, avec un faible taux de conversion et une longue dur\u00e9e de vie.<\/p>","protected":false},"featured_media":704,"template":"","meta":[],"product_brand":[],"product_cat":[35],"product_tag":[],"class_list":{"0":"post-703","1":"product","2":"type-product","3":"status-publish","4":"has-post-thumbnail","6":"product_cat-power-supplies","8":"first","9":"instock","10":"shipping-taxable","11":"product-type-simple"},"_links":{"self":[{"href":"https:\/\/feijulaser.com\/fr\/wp-json\/wp\/v2\/product\/703","targetHints":{"allow":["GET"]}}],"collection":[{"href":"https:\/\/feijulaser.com\/fr\/wp-json\/wp\/v2\/product"}],"about":[{"href":"https:\/\/feijulaser.com\/fr\/wp-json\/wp\/v2\/types\/product"}],"wp:featuredmedia":[{"embeddable":true,"href":"https:\/\/feijulaser.com\/fr\/wp-json\/wp\/v2\/media\/704"}],"wp:attachment":[{"href":"https:\/\/feijulaser.com\/fr\/wp-json\/wp\/v2\/media?parent=703"}],"wp:term":[{"taxonomy":"product_brand","embeddable":true,"href":"https:\/\/feijulaser.com\/fr\/wp-json\/wp\/v2\/product_brand?post=703"},{"taxonomy":"product_cat","embeddable":true,"href":"https:\/\/feijulaser.com\/fr\/wp-json\/wp\/v2\/product_cat?post=703"},{"taxonomy":"product_tag","embeddable":true,"href":"https:\/\/feijulaser.com\/fr\/wp-json\/wp\/v2\/product_tag?post=703"}],"curies":[{"name":"wp","href":"https:\/\/api.w.org\/{rel}","templated":true}]}}