{"id":676,"date":"2025-08-14T06:54:03","date_gmt":"2025-08-14T06:54:03","guid":{"rendered":"https:\/\/feijulaser.com\/?post_type=product&#038;p=676"},"modified":"2025-08-20T03:02:07","modified_gmt":"2025-08-20T03:02:07","slug":"c-series-co2-laser-tube","status":"publish","type":"product","link":"https:\/\/feijulaser.com\/fr\/produit\/c-series-co2-laser-tube\/","title":{"rendered":"Tube laser CO2 de la s\u00e9rie C"},"content":{"rendered":"<p>Les tubes laser COz de la s\u00e9rie C ont une qualit\u00e9 optique \u00e9lev\u00e9e, un fort pouvoir de coupe et de p\u00e9n\u00e9tration. Cette s\u00e9rie de tubes laser adopte la technologie de rectification directe, ce qui r\u00e9duit les points de fuite et am\u00e9liore les performances d'\u00e9tanch\u00e9it\u00e9. La technologie unique de coaling laser et la formule de gaz am\u00e9liorent grandement la puissance et la sensibilit\u00e9 du tube laser. Pour garantir la qualit\u00e9 constante du tube laser, nous contr\u00f4lons rigoureusement l'ensemble du processus, de l'affinage du tube laser au rev\u00eatement catalytique de la cavit\u00e9 r\u00e9sonnante, en passant par le broyage des optiques et le processus d'inlation pr\u00e9cis. Ce produit pr\u00e9sente les avantages suivants : longue dur\u00e9e de vie, bonne image de la tache lumineuse, puissance \u00e9lev\u00e9e, performance de travail stable, vitesse de r\u00e9ponse rapide, etc. Il s'agit d'un \u00e9quipement de soutien id\u00e9al pour les \u00e9quipements laser tels que les machines de d\u00e9coupe laser, les machines de gravure laser et les machines de letering, etc.<\/p>\n<table>\n<tbody>\n<tr>\n<td width=\"96\">&nbsp;<\/p>\n<p>Mod\u00e8le<\/td>\n<td width=\"96\">&nbsp;<\/p>\n<p>Puissance nominale<\/td>\n<td width=\"96\">&nbsp;<\/p>\n<p>Longueur (mm)<\/td>\n<td width=\"96\">&nbsp;<\/p>\n<p>Diam\u00e8tre (mm)<\/td>\n<td width=\"96\">&nbsp;<\/p>\n<p>Catalytique<\/td>\n<td width=\"96\">&nbsp;<\/p>\n<p>Puissance de cr\u00eate<\/td>\n<td width=\"96\">&nbsp;<\/p>\n<p>Mode<\/td>\n<td width=\"98\">&nbsp;<\/p>\n<p>(mois)<\/p>\n<p>Garantie<\/td>\n<\/tr>\n<tr>\n<td width=\"96\">C70<\/td>\n<td width=\"96\">70W<\/td>\n<td width=\"96\">1200<\/td>\n<td width=\"96\">60<\/td>\n<td rowspan=\"6\" width=\"96\">&nbsp;<\/p>\n<p>&nbsp;<\/p>\n<p>&nbsp;<\/p>\n<p>Oui<\/td>\n<td width=\"96\">80W<\/td>\n<td rowspan=\"6\" width=\"96\">&nbsp;<\/p>\n<p>&nbsp;<\/p>\n<p>&nbsp;<\/p>\n<p>TEM0O<\/td>\n<td width=\"98\">10<\/td>\n<\/tr>\n<tr>\n<td width=\"96\">C80<\/td>\n<td width=\"96\">80W<\/td>\n<td width=\"96\">1600<\/td>\n<td width=\"96\">60<\/td>\n<td width=\"96\">110W<\/td>\n<td width=\"98\">10<\/td>\n<\/tr>\n<tr>\n<td width=\"96\">C80<\/td>\n<td width=\"96\">80W<\/td>\n<td width=\"96\">1250<\/td>\n<td width=\"96\">80<\/td>\n<td width=\"96\">100W<\/td>\n<td width=\"98\">12<\/td>\n<\/tr>\n<tr>\n<td width=\"96\">C100<\/td>\n<td width=\"96\">100W<\/td>\n<td width=\"96\">1450<\/td>\n<td width=\"96\">80<\/td>\n<td width=\"96\">120W<\/td>\n<td width=\"98\">12<\/td>\n<\/tr>\n<tr>\n<td width=\"96\">C130<\/td>\n<td width=\"96\">130W<\/td>\n<td width=\"96\">1650<\/td>\n<td width=\"96\">80<\/td>\n<td width=\"96\">150W<\/td>\n<td width=\"98\">12<\/td>\n<\/tr>\n<tr>\n<td width=\"96\">C150<\/td>\n<td width=\"96\">150W<\/td>\n<td width=\"96\">1850<\/td>\n<td width=\"96\">80<\/td>\n<td width=\"96\">180W<\/td>\n<td width=\"98\">12<\/td>\n<\/tr>\n<\/tbody>\n<\/table>\n<h2>Principaux avantages<\/h2>\n<p>Efficacit\u00e9 et stabilit\u00e9 \u00e9lev\u00e9es<\/p>\n<p>M\u00e9lange de gaz optimis\u00e9 pour une conversion \u00e9nerg\u00e9tique maximale<\/p>\n<p>Une puissance de cr\u00eate nettement sup\u00e9rieure \u00e0 la puissance nominale permet de r\u00e9pondre aux demandes instantan\u00e9es de forte puissance.<\/p>\n<p>Assurance d'une longue dur\u00e9e de vie<\/p>\n<p>Utilise une technologie de rev\u00eatement laser et une formule de gaz exclusives.<\/p>\n<p>Chaque tube laser est soumis \u00e0 des tests rigoureux et \u00e0 un contr\u00f4le de qualit\u00e9 strict.<\/p>\n<p>Garantie de 12 mois<\/p>\n<p>Sortie stable<\/p>\n<p>Le mode TEM00 garantit une excellente qualit\u00e9 de faisceau<\/p>\n<p>La technologie catalytique am\u00e9liore la stabilit\u00e9 de tous les mod\u00e8les<\/p>\n<p>Diverses options<\/p>\n<p>Puissance de 70W \u00e0 150W<\/p>\n<p>Plusieurs configurations de longueur et de diam\u00e8tre pour r\u00e9pondre aux diff\u00e9rentes exigences en mati\u00e8re d'\u00e9quipement<\/p>\n<h2>Applications<\/h2>\n<p>D\u00e9coupe industrielle<\/p>\n<p>Acrylique, bois, cuir, tissu<\/p>\n<p>Mat\u00e9riaux d'emballage (carton, plastique)<\/p>\n<p>Gravure et marquage au laser<\/p>\n<p>Num\u00e9ros de s\u00e9rie des produits, codes-barres, codes QR<\/p>\n<p>Dessins et logos de haute pr\u00e9cision<\/p>\n<p>M\u00e9dical et \u00e9lectronique<\/p>\n<p>D\u00e9coupe de pr\u00e9cision pour les dispositifs m\u00e9dicaux<\/p>\n<p>Marquage et d\u00e9coupage de circuits imprim\u00e9s<\/p>\n<h2>Probl\u00e8mes et solutions<\/h2>\n<p>Tube laser Profondeur de sculpture insuffisante :<\/p>\n<p>Si, au d\u00e9but, la sculpture n'est pas profonde, veuillez v\u00e9rifier les probl\u00e8mes suivants dans l'ordre :<\/p>\n<ol>\n<li>V\u00e9rifiez que le roulement du tube laser CO2 est appropri\u00e9 ;<\/li>\n<li>V\u00e9rifier si l'intensit\u00e9 lumineuse est trop faible ;<\/li>\n<li>V\u00e9rifier si le trajet de la lumi\u00e8re s'est d\u00e9plac\u00e9 ;<\/li>\n<li>V\u00e9rifiez que la distance focale est correcte ;<\/li>\n<li>V\u00e9rifiez qu'il n'y a pas de rayures ou de salet\u00e9s sur la surface de l'objectif ;<\/li>\n<li>V\u00e9rifier que le d\u00e9bit et la pression de l'eau de refroidissement sont corrects.<\/li>\n<\/ol>\n<p>Apr\u00e8s un certain temps de travail, la profondeur de coupe n'est plus suffisante :<\/p>\n<ol>\n<li>V\u00e9rifiez que le roulement du tube laser CO2 est appropri\u00e9 ;<\/li>\n<li>V\u00e9rifier si la temp\u00e9rature de l'eau (15-25\u2103) est normale ;<\/li>\n<li>V\u00e9rifiez si l'objectif chauffe lorsqu'il est utilis\u00e9 ;<\/li>\n<li>V\u00e9rifier que le d\u00e9bit et la pression de l'eau de refroidissement sont corrects ;<\/li>\n<li>V\u00e9rifier que l'eau de refroidissement est propre ;<\/li>\n<\/ol>\n<p>Allumage et d\u00e9charge \u00e0 haute tension :<\/p>\n<ol>\n<li>V\u00e9rifiez qu'il n'y a pas de salet\u00e9 ou d'humidit\u00e9 autour de la t\u00eate haute pression du tube laser ;<\/li>\n<li>V\u00e9rifier si l'extr\u00e9mit\u00e9 ou le joint haute pression est trop proche de la partie m\u00e9tallique de la machine ;<\/li>\n<li>V\u00e9rifier si le dispositif de connexion haute tension de l'alimentation du laser est d\u00e9tach\u00e9 du support ;<\/li>\n<li>V\u00e9rifier si le dispositif de connexion \u00e0 la haute tension est cass\u00e9 ou endommag\u00e9 ;<\/li>\n<li>V\u00e9rifiez si la faible temp\u00e9rature de l'eau entra\u00eene une condensation de l'eau dans les parois et les manchons du tube ;<\/li>\n<\/ol>\n<p>* Si aucune des descriptions ci-dessus ne s'applique, veuillez contacter le service apr\u00e8s-vente de notre soci\u00e9t\u00e9 pour une consultation et un traitement.<\/p>\n<p>Le tube laser est cass\u00e9 :<\/p>\n<ol>\n<li>La faible temp\u00e9rature de l'eau entra\u00eene la cong\u00e9lation de l'eau \u00e0 l'int\u00e9rieur du tube laser en verre ;<\/li>\n<li>La circulation de l'eau dans le laser s'est arr\u00eat\u00e9e, entra\u00eenant une d\u00e9faillance de la fonction de protection de l'eau de la machine.<\/li>\n<li>La pression de l'eau est trop faible ;<\/li>\n<li>V\u00e9rifiez que le sens d'\u00e9coulement de l'eau est conforme \u00e0 une entr\u00e9e faible et \u00e0 une sortie \u00e9lev\u00e9e. Le tube refroidi \u00e0 l'eau du tube laser n'est peut-\u00eatre pas rempli d'eau, ce qui entra\u00eene un chauffage partiel du tube laser CO2.<\/li>\n<li>L'arc \u00e9lectrique \u00e0 proximit\u00e9 de l'enveloppe du tube l'a br\u00fbl\u00e9e et fissur\u00e9e.<\/li>\n<\/ol>\n<p>D\u00e9charge et claquage \u00e0 haute tension :<\/p>\n<ol>\n<li>L'alimentation du laser ne fonctionne pas avec des sp\u00e9cifications diff\u00e9rentes (comme l'utilisation d'une alimentation \u00e0 haute puissance pour des tubes laser \u00e0 faible puissance). Le d\u00e9passement de la tension sp\u00e9cifi\u00e9e que le tube laser peut supporter peut endommager le tube laser ;<\/li>\n<li>Les conditions de refroidissement de l'eau ne sont pas bonnes. L'eau de refroidissement ne remplit pas tout le tuyau et des bulles d'air apparaissent. Aux endroits o\u00f9 il n'y a pas de refroidissement par eau, la temp\u00e9rature est trop \u00e9lev\u00e9e, ce qui entra\u00eene une modification du mat\u00e9riau du verre et endommage le verre des tubes laser ;<\/li>\n<li>Le mat\u00e9riau en verre pr\u00e9sente de minuscules bulles ou une \u00e9paisseur in\u00e9gale en raison de l'influence de la temp\u00e9rature, de la mati\u00e8re premi\u00e8re, de la technologie et d'autres facteurs au cours de la production du mat\u00e9riau en verre. L'endommagement des zones faibles sous haute tension peut provoquer des d\u00e9charges ;<\/li>\n<\/ol>\n<h2>Garantie de qualit\u00e9<\/h2>\n<p>Nous offrons une garantie de 12 mois pour nos tubes laser.<\/p>\n<p>Pour les clients internationaux, en raison de contraintes logistiques :<\/p>\n<p>\u00c9tape 1 : Vous devez fournir une preuve vid\u00e9o claire d\u00e9montrant le probl\u00e8me du produit.<\/p>\n<p>\u00c9tape 2 : Soumettre des photos de l'\u00e9tiquette de garantie pour v\u00e9rification.<\/p>\n<p>R\u00e9sultat : Les tubes de remplacement (s'ils sont approuv\u00e9s) seront exp\u00e9di\u00e9s avec votre prochaine commande. Si un client ne passe pas de commande imm\u00e9diate, mais qu'un conteneur part de Chine, nous pouvons nous arranger pour envoyer le produit de remplacement \u00e0 une adresse nationale d\u00e9sign\u00e9e en Chine, afin qu'il soit consolid\u00e9 avec l'exp\u00e9dition.<\/p>\n<h2>Exclusions de la garantie<\/h2>\n<p>La garantie ne couvre pas les \u00e9l\u00e9ments suivants<\/p>\n<p>Dommages survenus au-del\u00e0 de la p\u00e9riode de garantie .<\/p>\n<p>D\u00e9gradation de la puissance ou rupture du tube caus\u00e9e par une mauvaise performance du refroidissement par eau (d\u00e9bit insuffisant, temp\u00e9rature \u00e9lev\u00e9e de l'eau ou bulles d'air dans le tube).<\/p>\n<p>Perte de puissance due \u00e0 la contamination de la surface externe du miroir de sortie.<\/p>\n<p>Dommages physiques caus\u00e9s par une force ext\u00e9rieure ou une erreur humaine.<\/p>\n<p>&nbsp;<\/p>","protected":false},"excerpt":{"rendered":"<p>Les tubes laser CO\u2082 C-Series\u2122 offrent une qualit\u00e9 de faisceau TEM00, une puissance de coupe et une longue dur\u00e9e de vie. Le m\u00e9lange de gaz optimis\u00e9 et le scellement catalytique augmentent le rendement. Facile \u00e0 installer ; peu d'entretien, 70-150W, garantie de 12 mois.<\/p>","protected":false},"featured_media":690,"template":"","meta":[],"product_brand":[],"product_cat":[34],"product_tag":[],"class_list":{"0":"post-676","1":"product","2":"type-product","3":"status-publish","4":"has-post-thumbnail","6":"product_cat-co2-laser-tube","8":"first","9":"instock","10":"shipping-taxable","11":"product-type-simple"},"_links":{"self":[{"href":"https:\/\/feijulaser.com\/fr\/wp-json\/wp\/v2\/product\/676","targetHints":{"allow":["GET"]}}],"collection":[{"href":"https:\/\/feijulaser.com\/fr\/wp-json\/wp\/v2\/product"}],"about":[{"href":"https:\/\/feijulaser.com\/fr\/wp-json\/wp\/v2\/types\/product"}],"wp:featuredmedia":[{"embeddable":true,"href":"https:\/\/feijulaser.com\/fr\/wp-json\/wp\/v2\/media\/690"}],"wp:attachment":[{"href":"https:\/\/feijulaser.com\/fr\/wp-json\/wp\/v2\/media?parent=676"}],"wp:term":[{"taxonomy":"product_brand","embeddable":true,"href":"https:\/\/feijulaser.com\/fr\/wp-json\/wp\/v2\/product_brand?post=676"},{"taxonomy":"product_cat","embeddable":true,"href":"https:\/\/feijulaser.com\/fr\/wp-json\/wp\/v2\/product_cat?post=676"},{"taxonomy":"product_tag","embeddable":true,"href":"https:\/\/feijulaser.com\/fr\/wp-json\/wp\/v2\/product_tag?post=676"}],"curies":[{"name":"wp","href":"https:\/\/api.w.org\/{rel}","templated":true}]}}