{"id":703,"date":"2025-08-14T08:34:54","date_gmt":"2025-08-14T08:34:54","guid":{"rendered":"https:\/\/feijulaser.com\/?post_type=product&#038;p=703"},"modified":"2025-08-20T02:58:50","modified_gmt":"2025-08-20T02:58:50","slug":"co-laser-power-supply","status":"publish","type":"product","link":"https:\/\/feijulaser.com\/es\/producto\/co-laser-power-supply\/","title":{"rendered":"Fuente de alimentaci\u00f3n l\u00e1ser de CO\u2082"},"content":{"rendered":"<p>Como fuente de energ\u00eda eficaz para tubos l\u00e1ser de CO. Tiene las caracter\u00edsticas de un tama\u00f1o peque\u00f1o. Es ligera, f\u00e1cil de manejar y se adapta bien, y puede conectarse directamente con el tubo l\u00e1ser. La fuente de alimentaci\u00f3n puede facilitar el encendido del tubo l\u00e1ser, con una baja tasa de conversi\u00f3n y una larga vida \u00fatil.<\/p>\n<h3>TABLA DE PAR\u00c1METROS T\u00c9CNICOS<\/h3>\n<table data-pm-slice=\"3 3 []\">\n<tbody>\n<tr>\n<td>Art\u00edculo<\/td>\n<td>FJ-60W<\/td>\n<td>FJ-80WE<\/td>\n<td>FJ-100W<\/td>\n<td>FJ-120W<\/td>\n<td>FJ-130W<\/td>\n<td>FJ-150W<\/td>\n<td>FJ-200W<\/td>\n<\/tr>\n<tr>\n<td><strong>Tensi\u00f3n de entrada<\/strong><\/td>\n<td>AC220V\u00b110%<\/td>\n<td>AC220V\u00b110%<\/td>\n<td>AC220V\u00b110%<\/td>\n<td>AC220V\u00b110%<\/td>\n<td>AC220V\u00b110%<\/td>\n<td>AC220V\u00b110%<\/td>\n<td>AC220V\u00b110%<\/td>\n<\/tr>\n<tr>\n<td><strong>Frecuencia CA<\/strong><\/td>\n<td>50\/60 Hz<\/td>\n<td>50\/60 Hz<\/td>\n<td>50\/60 Hz<\/td>\n<td>50\/60 Hz<\/td>\n<td>50\/60 Hz<\/td>\n<td>50\/60 Hz<\/td>\n<td>50\/60 Hz<\/td>\n<\/tr>\n<tr>\n<td><strong>Potencia m\u00e1xima de entrada<\/strong><\/td>\n<td>490 W<\/td>\n<td>750 W<\/td>\n<td>770 W<\/td>\n<td>820 W<\/td>\n<td>970 W<\/td>\n<td>1000 W<\/td>\n<td>1300 W<\/td>\n<\/tr>\n<tr>\n<td><strong>Corriente de entrada m\u00e1xima<\/strong><\/td>\n<td>2.2 A<\/td>\n<td>3.4 A<\/td>\n<td>3.5 A<\/td>\n<td>3.7 A<\/td>\n<td>4.3 A<\/td>\n<td>4.5 A<\/td>\n<td>5.9 A<\/td>\n<\/tr>\n<tr>\n<td><strong>Tensi\u00f3n m\u00e1xima de salida<\/strong><\/td>\n<td>CC 25 kV<\/td>\n<td>CC 32 kV<\/td>\n<td>CC 35 kV<\/td>\n<td>CC 35 kV<\/td>\n<td>CC 40 kV<\/td>\n<td>CC 40 kV<\/td>\n<td>CC 52 kV<\/td>\n<\/tr>\n<tr>\n<td><strong>Corriente m\u00e1xima de salida<\/strong><\/td>\n<td>CC 28 mA<\/td>\n<td>CC 33 mA<\/td>\n<td>CC 33 mA<\/td>\n<td>CC 35 mA<\/td>\n<td>CC 36 mA<\/td>\n<td>CC 40 mA<\/td>\n<td>CC 36 mA<\/td>\n<\/tr>\n<tr>\n<td><strong>Dimensiones (L\u00d7A\u00d7A, mm)<\/strong><\/td>\n<td>210\u00d7145\u00d7100<\/td>\n<td>285\u00d7175\u00d7105<\/td>\n<td>300\u00d7200\u00d7110<\/td>\n<td>335\u00d7205\u00d7100<\/td>\n<td>335\u00d7205\u00d7100<\/td>\n<td>350\u00d7222\u00d7105<\/td>\n<td>390\u00d7240\u00d7116<\/td>\n<\/tr>\n<tr>\n<td><strong>Color de la cubierta<\/strong><\/td>\n<td>Gris plateado<\/td>\n<td>Gris plateado<\/td>\n<td>Gris plateado<\/td>\n<td>Gris plateado<\/td>\n<td>Gris plateado<\/td>\n<td>Gris plateado<\/td>\n<td>Gris plateado<\/td>\n<\/tr>\n<\/tbody>\n<\/table>\n<blockquote data-pm-slice=\"2 3 []\"><p>La entrada AC110V puede personalizarse bajo pedido.<\/p><\/blockquote>\n<h3>Especificaciones comunes (se aplican a todos los modelos)<\/h3>\n<table>\n<tbody>\n<tr>\n<td>Art\u00edculo<\/td>\n<td>Valor<\/td>\n<\/tr>\n<tr>\n<td><strong>Eficacia<\/strong><\/td>\n<td>\u2265 90% (a plena carga)<\/td>\n<\/tr>\n<tr>\n<td><strong>Velocidad de respuesta<\/strong><\/td>\n<td>\u2264 1 ms<\/td>\n<\/tr>\n<tr>\n<td><strong>MTBF<\/strong><\/td>\n<td>\u2265 1000 horas<\/td>\n<\/tr>\n<tr>\n<td><strong>Interfaz de control<\/strong><\/td>\n<td>Control de nivel TTL; nivel efectivo seleccionable <strong>alta<\/strong> o <strong>bajo<\/strong><\/td>\n<\/tr>\n<tr>\n<td><strong>Aislamiento y tensi\u00f3n<\/strong><\/td>\n<td>Entrada-salida, entrada-vivienda: <strong>AC1500V, 10 mA, 60 s<\/strong>terminal negativo de salida conectado a la carcasa<\/td>\n<\/tr>\n<tr>\n<td><strong>Protecci\u00f3n contra circuito abierto<\/strong><\/td>\n<td>Circuito abierto de corta duraci\u00f3n (requiere una buena conexi\u00f3n a tierra de la carcasa de la fuente de alimentaci\u00f3n; evite la formaci\u00f3n de arcos entre el electrodo positivo y la carcasa).<\/td>\n<\/tr>\n<tr>\n<td><strong>Temperatura de trabajo<\/strong><\/td>\n<td>De -10 \u00b0C a 50 \u00b0C<\/td>\n<\/tr>\n<tr>\n<td><strong>Temperatura de almacenamiento<\/strong><\/td>\n<td>-20 \u00b0C a 75 \u00b0C<\/td>\n<\/tr>\n<tr>\n<td><strong>Humedad relativa<\/strong><\/td>\n<td>Hasta 85% HR (sin condensaci\u00f3n)<\/td>\n<\/tr>\n<tr>\n<td><strong>Altitud<\/strong><\/td>\n<td>100.000 pies de trabajo; 200.000 pies de almacenamiento (sin funcionamiento)<\/td>\n<\/tr>\n<tr>\n<td><strong>M\u00e9todo de refrigeraci\u00f3n<\/strong><\/td>\n<td>Refrigeraci\u00f3n por aire forzado<\/td>\n<\/tr>\n<\/tbody>\n<\/table>","protected":false},"excerpt":{"rendered":"<p>Como fuente de energ\u00eda eficaz para tubos l\u00e1ser de CO. Tiene las caracter\u00edsticas de un tama\u00f1o peque\u00f1o. Es ligera, f\u00e1cil de manejar y se adapta bien, y puede conectarse directamente con el tubo l\u00e1ser. La fuente de alimentaci\u00f3n puede facilitar el encendido del tubo l\u00e1ser, con una baja tasa de conversi\u00f3n y una larga vida \u00fatil.<\/p>","protected":false},"featured_media":704,"template":"","meta":[],"product_brand":[],"product_cat":[35],"product_tag":[],"class_list":{"0":"post-703","1":"product","2":"type-product","3":"status-publish","4":"has-post-thumbnail","6":"product_cat-power-supplies","8":"first","9":"instock","10":"shipping-taxable","11":"product-type-simple"},"_links":{"self":[{"href":"https:\/\/feijulaser.com\/es\/wp-json\/wp\/v2\/product\/703","targetHints":{"allow":["GET"]}}],"collection":[{"href":"https:\/\/feijulaser.com\/es\/wp-json\/wp\/v2\/product"}],"about":[{"href":"https:\/\/feijulaser.com\/es\/wp-json\/wp\/v2\/types\/product"}],"wp:featuredmedia":[{"embeddable":true,"href":"https:\/\/feijulaser.com\/es\/wp-json\/wp\/v2\/media\/704"}],"wp:attachment":[{"href":"https:\/\/feijulaser.com\/es\/wp-json\/wp\/v2\/media?parent=703"}],"wp:term":[{"taxonomy":"product_brand","embeddable":true,"href":"https:\/\/feijulaser.com\/es\/wp-json\/wp\/v2\/product_brand?post=703"},{"taxonomy":"product_cat","embeddable":true,"href":"https:\/\/feijulaser.com\/es\/wp-json\/wp\/v2\/product_cat?post=703"},{"taxonomy":"product_tag","embeddable":true,"href":"https:\/\/feijulaser.com\/es\/wp-json\/wp\/v2\/product_tag?post=703"}],"curies":[{"name":"wp","href":"https:\/\/api.w.org\/{rel}","templated":true}]}}