{"id":696,"date":"2025-08-14T08:26:09","date_gmt":"2025-08-14T08:26:09","guid":{"rendered":"https:\/\/feijulaser.com\/?post_type=product&#038;p=696"},"modified":"2025-08-20T03:00:39","modified_gmt":"2025-08-20T03:00:39","slug":"mirrors-and-lenses","status":"publish","type":"product","link":"https:\/\/feijulaser.com\/es\/producto\/mirrors-and-lenses\/","title":{"rendered":"Espejos y lentes"},"content":{"rendered":"<h2>Espejos y lentes<\/h2>\n<h2>MO Reflective lens<\/h2>\n<h3>Caracter\u00edsticas<\/h3>\n<p>Mirror is also called all mirror and generally uses molybdenum (Mo) and silicone (Si) as substrates. MO mirrors can work in harsh environment, and has long service life, high bearing power, and surface no need coating, anti-resistance to wiping. Our company&#8217;s Mo mirrors are mainly used in laser cutting machines..<\/p>\n<p><img fetchpriority=\"high\" decoding=\"async\" class=\"aligncenter wp-image-701 size-large\" src=\"https:\/\/feijulaser.com\/wp-content\/uploads\/2025\/08\/IMG_20250528_101423_edit_16158833899018721-1024x1024.jpg\" alt=\"\" width=\"800\" height=\"800\" title=\"\" srcset=\"https:\/\/feijulaser.com\/wp-content\/uploads\/2025\/08\/IMG_20250528_101423_edit_16158833899018721-1024x1024.jpg 1024w, https:\/\/feijulaser.com\/wp-content\/uploads\/2025\/08\/IMG_20250528_101423_edit_16158833899018721-300x300.jpg 300w, https:\/\/feijulaser.com\/wp-content\/uploads\/2025\/08\/IMG_20250528_101423_edit_16158833899018721-150x150.jpg 150w, https:\/\/feijulaser.com\/wp-content\/uploads\/2025\/08\/IMG_20250528_101423_edit_16158833899018721-768x768.jpg 768w, https:\/\/feijulaser.com\/wp-content\/uploads\/2025\/08\/IMG_20250528_101423_edit_16158833899018721-1536x1536.jpg 1536w, https:\/\/feijulaser.com\/wp-content\/uploads\/2025\/08\/IMG_20250528_101423_edit_16158833899018721-2048x2048.jpg 2048w, https:\/\/feijulaser.com\/wp-content\/uploads\/2025\/08\/IMG_20250528_101423_edit_16158833899018721-600x600.jpg 600w, https:\/\/feijulaser.com\/wp-content\/uploads\/2025\/08\/IMG_20250528_101423_edit_16158833899018721-100x100.jpg 100w\" sizes=\"(max-width: 800px) 100vw, 800px\" \/><\/p>\n<p>&nbsp;<\/p>\n<table>\n<tbody>\n<tr>\n<td width=\"142\">Material<\/td>\n<td width=\"142\">\uff08mm\uff09Diameter<\/td>\n<td width=\"142\">\uff08mm\uff09<\/p>\n<p>Edge thickness<\/td>\n<td width=\"142\">\uff08mm\uff09<\/p>\n<p>Focal length<\/td>\n<\/tr>\n<tr>\n<td rowspan=\"3\" width=\"142\">&nbsp;<\/p>\n<p>MO<\/td>\n<td width=\"142\">20<\/td>\n<td width=\"142\">3<\/td>\n<td width=\"142\">45<\/td>\n<\/tr>\n<tr>\n<td width=\"142\">25<\/td>\n<td width=\"142\">3<\/td>\n<td width=\"142\">45<\/td>\n<\/tr>\n<tr>\n<td width=\"142\">30<\/td>\n<td width=\"142\">3<\/td>\n<td width=\"142\">45<\/td>\n<\/tr>\n<\/tbody>\n<\/table>\n<p>&nbsp;<\/p>\n<h2>Si Reflective lens<\/h2>\n<p><img decoding=\"async\" class=\"aligncenter wp-image-698 size-full\" src=\"https:\/\/feijulaser.com\/wp-content\/uploads\/2025\/08\/Reflector-Transmitter1.png\" alt=\"\" width=\"800\" height=\"800\" title=\"\" srcset=\"https:\/\/feijulaser.com\/wp-content\/uploads\/2025\/08\/Reflector-Transmitter1.png 800w, https:\/\/feijulaser.com\/wp-content\/uploads\/2025\/08\/Reflector-Transmitter1-300x300.png 300w, https:\/\/feijulaser.com\/wp-content\/uploads\/2025\/08\/Reflector-Transmitter1-150x150.png 150w, https:\/\/feijulaser.com\/wp-content\/uploads\/2025\/08\/Reflector-Transmitter1-768x768.png 768w, https:\/\/feijulaser.com\/wp-content\/uploads\/2025\/08\/Reflector-Transmitter1-600x600.png 600w, https:\/\/feijulaser.com\/wp-content\/uploads\/2025\/08\/Reflector-Transmitter1-100x100.png 100w\" sizes=\"(max-width: 800px) 100vw, 800px\" \/><\/p>\n<h3>Caracter\u00edsticas<\/h3>\n<p>Si is the most common substrate for coated mirrors. It has excellent optical and thermal properties, as well as high reflectivity. Our company&#8217;s silicon mirrors, serving as cavity mirrors in laser tubes, have a reflectivity as high as 99.8%, leading the laser industry.<\/p>\n<table>\n<tbody>\n<tr>\n<td width=\"142\">Material<\/td>\n<td width=\"142\">\uff08mm\uff09<\/p>\n<p>Di\u00e1metro<\/td>\n<td width=\"142\">\uff08mm\uff09<\/p>\n<p>Edge thickness<\/td>\n<\/tr>\n<tr>\n<td rowspan=\"7\" width=\"142\">&nbsp;<\/p>\n<p>&nbsp;<\/p>\n<p>&nbsp;<\/p>\n<p>Si<\/td>\n<td width=\"142\">12.7<\/td>\n<td width=\"142\">2<\/td>\n<\/tr>\n<tr>\n<td width=\"142\">15<\/td>\n<td width=\"142\">3<\/td>\n<\/tr>\n<tr>\n<td width=\"142\">16<\/td>\n<td width=\"142\">3<\/td>\n<\/tr>\n<tr>\n<td width=\"142\">18<\/td>\n<td width=\"142\">3<\/td>\n<\/tr>\n<tr>\n<td width=\"142\">20<\/td>\n<td width=\"142\">3<\/td>\n<\/tr>\n<tr>\n<td width=\"142\">25<\/td>\n<td width=\"142\">3<\/td>\n<\/tr>\n<tr>\n<td width=\"142\">30<\/td>\n<td width=\"142\">3<\/td>\n<\/tr>\n<\/tbody>\n<\/table>\n<p>&nbsp;<\/p>\n<h2>CVD\u00a0 ZnSe lens<\/h2>\n<p><img decoding=\"async\" class=\"size-medium wp-image-700 alignnone\" src=\"https:\/\/feijulaser.com\/wp-content\/uploads\/2025\/08\/Reflector-Transmitter3-300x300.png\" alt=\"\" width=\"300\" height=\"300\" title=\"\" srcset=\"https:\/\/feijulaser.com\/wp-content\/uploads\/2025\/08\/Reflector-Transmitter3-300x300.png 300w, https:\/\/feijulaser.com\/wp-content\/uploads\/2025\/08\/Reflector-Transmitter3-150x150.png 150w, https:\/\/feijulaser.com\/wp-content\/uploads\/2025\/08\/Reflector-Transmitter3-768x768.png 768w, https:\/\/feijulaser.com\/wp-content\/uploads\/2025\/08\/Reflector-Transmitter3-600x600.png 600w, https:\/\/feijulaser.com\/wp-content\/uploads\/2025\/08\/Reflector-Transmitter3-100x100.png 100w, https:\/\/feijulaser.com\/wp-content\/uploads\/2025\/08\/Reflector-Transmitter3.png 800w\" sizes=\"(max-width: 300px) 100vw, 300px\" \/> <img loading=\"lazy\" decoding=\"async\" class=\"size-medium wp-image-699 alignnone\" src=\"https:\/\/feijulaser.com\/wp-content\/uploads\/2025\/08\/Reflector-Transmitter2-300x300.png\" alt=\"\" width=\"300\" height=\"300\" title=\"\" srcset=\"https:\/\/feijulaser.com\/wp-content\/uploads\/2025\/08\/Reflector-Transmitter2-300x300.png 300w, https:\/\/feijulaser.com\/wp-content\/uploads\/2025\/08\/Reflector-Transmitter2-150x150.png 150w, https:\/\/feijulaser.com\/wp-content\/uploads\/2025\/08\/Reflector-Transmitter2-768x768.png 768w, https:\/\/feijulaser.com\/wp-content\/uploads\/2025\/08\/Reflector-Transmitter2-600x600.png 600w, https:\/\/feijulaser.com\/wp-content\/uploads\/2025\/08\/Reflector-Transmitter2-100x100.png 100w, https:\/\/feijulaser.com\/wp-content\/uploads\/2025\/08\/Reflector-Transmitter2.png 800w\" sizes=\"(max-width: 300px) 100vw, 300px\" \/><\/p>\n<h3>Caracter\u00edsticas<\/h3>\n<p>After vacuum coating with anti-reflection film, the CVD ZnSe focusing lens can achieve a light transmittance of 99.8% at the 10\u03bcm working band of CO\u2082 lasers. It also features a high laser damage threshold, capable of withstanding high power density, with a firm surface coating that is not easy to fall off and resistant to wiping. Our company offers both imported and domestic focusing lenses for you to choose from, mainly selling lenses with diameters of 20mm and 25.4mm.<\/p>\n<table>\n<tbody>\n<tr>\n<td width=\"142\">Material<\/td>\n<td width=\"142\">\uff08mm\uff09<\/p>\n<p>Di\u00e1metro<\/td>\n<td width=\"142\">\uff08mm\uff09<\/p>\n<p>Edge thickness<\/td>\n<td width=\"142\">\uff08mm\uff09<\/p>\n<p>Focal length<\/td>\n<\/tr>\n<tr>\n<td rowspan=\"4\" width=\"142\">&nbsp;<\/p>\n<p>CVD ZnSe<\/td>\n<td width=\"142\">19<\/td>\n<td width=\"142\">2<\/td>\n<td width=\"142\">50.8\/63.5\/76.2\/101.6<\/td>\n<\/tr>\n<tr>\n<td width=\"142\">20<\/td>\n<td width=\"142\">2<\/td>\n<td width=\"142\">50.8\/63.5\/76.2\/101.6<\/td>\n<\/tr>\n<tr>\n<td width=\"142\">25.4<\/td>\n<td width=\"142\">2<\/td>\n<td width=\"142\">63.5\/76.2<\/td>\n<\/tr>\n<tr>\n<td width=\"142\">27.94<\/td>\n<td width=\"142\">3<\/td>\n<td width=\"142\">50.8\/63.5\/76.2\/101.6<\/td>\n<\/tr>\n<\/tbody>\n<\/table>\n<p>&nbsp;<\/p>","protected":false},"excerpt":{"rendered":"<p>Espejos y lentes l\u00e1ser de CO\u2082: Espejos de Mo\/Si y lentes de CVD ZnSe para 10,6 \u00b5m. Alta reflectividad\/transmisi\u00f3n, alto umbral de da\u00f1o, resistentes a la limpieza. Tama\u00f1os 20\/25,4 mm; varias longitudes focales; OEM\/personalizado.<\/p>","protected":false},"featured_media":697,"template":"","meta":[],"product_brand":[],"product_cat":[36],"product_tag":[],"class_list":{"0":"post-696","1":"product","2":"type-product","3":"status-publish","4":"has-post-thumbnail","6":"product_cat-mirrors-lenses","8":"first","9":"instock","10":"shipping-taxable","11":"product-type-simple"},"_links":{"self":[{"href":"https:\/\/feijulaser.com\/es\/wp-json\/wp\/v2\/product\/696","targetHints":{"allow":["GET"]}}],"collection":[{"href":"https:\/\/feijulaser.com\/es\/wp-json\/wp\/v2\/product"}],"about":[{"href":"https:\/\/feijulaser.com\/es\/wp-json\/wp\/v2\/types\/product"}],"wp:featuredmedia":[{"embeddable":true,"href":"https:\/\/feijulaser.com\/es\/wp-json\/wp\/v2\/media\/697"}],"wp:attachment":[{"href":"https:\/\/feijulaser.com\/es\/wp-json\/wp\/v2\/media?parent=696"}],"wp:term":[{"taxonomy":"product_brand","embeddable":true,"href":"https:\/\/feijulaser.com\/es\/wp-json\/wp\/v2\/product_brand?post=696"},{"taxonomy":"product_cat","embeddable":true,"href":"https:\/\/feijulaser.com\/es\/wp-json\/wp\/v2\/product_cat?post=696"},{"taxonomy":"product_tag","embeddable":true,"href":"https:\/\/feijulaser.com\/es\/wp-json\/wp\/v2\/product_tag?post=696"}],"curies":[{"name":"wp","href":"https:\/\/api.w.org\/{rel}","templated":true}]}}