{"id":676,"date":"2025-08-14T06:54:03","date_gmt":"2025-08-14T06:54:03","guid":{"rendered":"https:\/\/feijulaser.com\/?post_type=product&#038;p=676"},"modified":"2025-08-20T03:02:07","modified_gmt":"2025-08-20T03:02:07","slug":"c-series-co2-laser-tube","status":"publish","type":"product","link":"https:\/\/feijulaser.com\/es\/producto\/c-series-co2-laser-tube\/","title":{"rendered":"Tubo l\u00e1ser de CO2 Serie C"},"content":{"rendered":"<p>Los tubos l\u00e1ser de COz de la serie C tienen una alta calidad \u00f3ptica, un gran poder de corte y penetraci\u00f3n. Estos tubos l\u00e1ser adoptan la tecnolog\u00eda de esmerilado directo, tienen menos puntos de fuga y un mejor rendimiento de sellado. La tecnolog\u00eda \u00fanica de recubrimiento l\u00e1ser y la f\u00f3rmula de gas mejoran enormemente la potencia y el rendimiento del tubo l\u00e1ser. Para garantizar la consistencia de la calidad del tubo l\u00e1ser, controlamos estrictamente todo el proceso, desde el afinado del tubo l\u00e1ser, el revestimiento catal\u00edtico de la cavidad resonante, el esmerilado de los componentes y el preciso proceso de integraci\u00f3n. El producto tiene las ventajas de una larga vida \u00fatil, buen patr\u00f3n de punto de luz, alta potencia, rendimiento de trabajo estable, velocidad de respuesta r\u00e1pida, etc., es un equipo de apoyo ideal para equipos l\u00e1ser como m\u00e1quinas de corte por l\u00e1ser, m\u00e1quinas de grabado por l\u00e1ser y m\u00e1quinas de grabado por l\u00e1ser, etc.<\/p>\n<table>\n<tbody>\n<tr>\n<td width=\"96\">&nbsp;<\/p>\n<p>Modelo<\/td>\n<td width=\"96\">&nbsp;<\/p>\n<p>Potencia nominal<\/td>\n<td width=\"96\">&nbsp;<\/p>\n<p>Longitud (mm)<\/td>\n<td width=\"96\">&nbsp;<\/p>\n<p>Di\u00e1metro (mm)<\/td>\n<td width=\"96\">&nbsp;<\/p>\n<p>Catalizador<\/td>\n<td width=\"96\">&nbsp;<\/p>\n<p>Potencia m\u00e1xima<\/td>\n<td width=\"96\">&nbsp;<\/p>\n<p>Modo<\/td>\n<td width=\"98\">&nbsp;<\/p>\n<p>(meses)<\/p>\n<p>Garant\u00eda<\/td>\n<\/tr>\n<tr>\n<td width=\"96\">C70<\/td>\n<td width=\"96\">70W<\/td>\n<td width=\"96\">1200<\/td>\n<td width=\"96\">60<\/td>\n<td rowspan=\"6\" width=\"96\">&nbsp;<\/p>\n<p>&nbsp;<\/p>\n<p>&nbsp;<\/p>\n<p>S\u00ed<\/td>\n<td width=\"96\">80W<\/td>\n<td rowspan=\"6\" width=\"96\">&nbsp;<\/p>\n<p>&nbsp;<\/p>\n<p>&nbsp;<\/p>\n<p>TEM0O<\/td>\n<td width=\"98\">10<\/td>\n<\/tr>\n<tr>\n<td width=\"96\">C80<\/td>\n<td width=\"96\">80W<\/td>\n<td width=\"96\">1600<\/td>\n<td width=\"96\">60<\/td>\n<td width=\"96\">110W<\/td>\n<td width=\"98\">10<\/td>\n<\/tr>\n<tr>\n<td width=\"96\">C80<\/td>\n<td width=\"96\">80W<\/td>\n<td width=\"96\">1250<\/td>\n<td width=\"96\">80<\/td>\n<td width=\"96\">100W<\/td>\n<td width=\"98\">12<\/td>\n<\/tr>\n<tr>\n<td width=\"96\">C100<\/td>\n<td width=\"96\">100W<\/td>\n<td width=\"96\">1450<\/td>\n<td width=\"96\">80<\/td>\n<td width=\"96\">120W<\/td>\n<td width=\"98\">12<\/td>\n<\/tr>\n<tr>\n<td width=\"96\">C130<\/td>\n<td width=\"96\">130W<\/td>\n<td width=\"96\">1650<\/td>\n<td width=\"96\">80<\/td>\n<td width=\"96\">150W<\/td>\n<td width=\"98\">12<\/td>\n<\/tr>\n<tr>\n<td width=\"96\">C150<\/td>\n<td width=\"96\">150W<\/td>\n<td width=\"96\">1850<\/td>\n<td width=\"96\">80<\/td>\n<td width=\"96\">180W<\/td>\n<td width=\"98\">12<\/td>\n<\/tr>\n<\/tbody>\n<\/table>\n<h2>Principales ventajas<\/h2>\n<p>Alta eficacia y estabilidad<\/p>\n<p>Mezcla de gases optimizada para la m\u00e1xima conversi\u00f3n energ\u00e9tica<\/p>\n<p>Una potencia pico significativamente superior a la potencia nominal satisface las demandas instant\u00e1neas de alta potencia<\/p>\n<p>Garant\u00eda de larga vida \u00fatil<\/p>\n<p>Utiliza una tecnolog\u00eda de recubrimiento l\u00e1ser y una f\u00f3rmula de gas patentadas<\/p>\n<p>Cada tubo l\u00e1ser se somete a rigurosas pruebas con un estricto control de calidad<\/p>\n<p>12 meses de garant\u00eda<\/p>\n<p>Salida estable<\/p>\n<p>El modo TEM00 garantiza una excelente calidad del haz<\/p>\n<p>La tecnolog\u00eda catal\u00edtica mejora la estabilidad en todos los modelos<\/p>\n<p>Opciones diversas<\/p>\n<p>Rango de potencia de 70 W a 150 W<\/p>\n<p>M\u00faltiples configuraciones de longitud y di\u00e1metro para adaptarse a los distintos requisitos de los equipos<\/p>\n<h2>Aplicaciones<\/h2>\n<p>Corte industrial<\/p>\n<p>Acr\u00edlico, madera, cuero, tela<\/p>\n<p>Materiales de embalaje (cart\u00f3n, pl\u00e1sticos)<\/p>\n<p>Grabado y marcado por l\u00e1ser<\/p>\n<p>N\u00fameros de serie de productos, c\u00f3digos de barras, c\u00f3digos QR<\/p>\n<p>Material gr\u00e1fico y logotipos de alta precisi\u00f3n<\/p>\n<p>Medicina y electr\u00f3nica<\/p>\n<p>Corte de precisi\u00f3n para productos sanitarios<\/p>\n<p>Marcado y recorte de placas de circuito impreso<\/p>\n<h2>Problemas&amp; Soluciones<\/h2>\n<p>Tubo l\u00e1ser Profundidad de tallado insuficiente:<\/p>\n<p>Si al principio el tallado no es profundo, compruebe los siguientes problemas por orden:<\/p>\n<ol>\n<li>Compruebe si el rodamiento del tubo l\u00e1ser de CO2 es el adecuado;<\/li>\n<li>Compruebe si la intensidad de la luz est\u00e1 demasiado baja;<\/li>\n<li>Compruebe si la trayectoria de la luz se ha desplazado;<\/li>\n<li>Compruebe si la distancia focal es correcta;<\/li>\n<li>Compruebe si hay ara\u00f1azos y suciedad en la superficie de la lente;<\/li>\n<li>Compruebe si el caudal y la presi\u00f3n del agua de refrigeraci\u00f3n son correctos.<\/li>\n<\/ol>\n<p>Despu\u00e9s de trabajar durante un tiempo, la profundidad de corte ya no es suficiente:<\/p>\n<ol>\n<li>Compruebe si el rodamiento del tubo l\u00e1ser de CO2 es el adecuado;<\/li>\n<li>Compruebe si la temperatura del agua (15-25\u2103) es normal;<\/li>\n<li>Compruebe si el objetivo se calienta cuando se utiliza;<\/li>\n<li>Compruebe si el caudal y la presi\u00f3n del agua de refrigeraci\u00f3n son correctos;<\/li>\n<li>Compruebe si el agua de refrigeraci\u00f3n est\u00e1 limpia;<\/li>\n<\/ol>\n<p>Encendido y descarga de alta tensi\u00f3n:<\/p>\n<ol>\n<li>Compruebe si hay suciedad o humedad alrededor del cabezal de alta presi\u00f3n del tubo l\u00e1ser;<\/li>\n<li>Compruebe si el extremo o la junta de alta presi\u00f3n est\u00e1 demasiado cerca de la parte met\u00e1lica de la m\u00e1quina;<\/li>\n<li>Compruebe si el dispositivo de conexi\u00f3n de alta tensi\u00f3n de la fuente de alimentaci\u00f3n l\u00e1ser est\u00e1 suelto del soporte;<\/li>\n<li>Compruebe si el dispositivo de conexi\u00f3n de alta tensi\u00f3n est\u00e1 roto o da\u00f1ado;<\/li>\n<li>Compruebe si la baja temperatura del agua provoca condensaci\u00f3n de agua en las paredes y manguitos del tubo;<\/li>\n<\/ol>\n<p>* Si no se aplica ninguna de las descripciones anteriores, p\u00f3ngase en contacto con el servicio posventa de nuestra empresa para recibir asesoramiento y tratamiento.<\/p>\n<p>El tubo l\u00e1ser est\u00e1 roto:<\/p>\n<ol>\n<li>La baja temperatura del agua hace que \u00e9sta se congele en el interior del tubo de vidrio del l\u00e1ser;<\/li>\n<li>La circulaci\u00f3n de agua en el l\u00e1ser se detuvo, lo que provoc\u00f3 el fallo de la funci\u00f3n de protecci\u00f3n del agua de la m\u00e1quina.<\/li>\n<li>La presi\u00f3n del agua es demasiado baja;<\/li>\n<li>Compruebe si la direcci\u00f3n del flujo de agua cumple con la entrada baja y la salida alta. Es posible que el tubo refrigerado por agua del tubo l\u00e1ser no est\u00e9 lleno de agua, provocando un calentamiento parcial del tubo l\u00e1ser de CO2.<\/li>\n<li>Un arco el\u00e9ctrico cerca de la carcasa del tubo lo quem\u00f3 y agriet\u00f3.<\/li>\n<\/ol>\n<p>Descarga de alta tensi\u00f3n y aver\u00eda:<\/p>\n<ol>\n<li>La fuente de alimentaci\u00f3n del l\u00e1ser no funciona con especificaciones diferentes (como utilizar una fuente de alta potencia para tubos l\u00e1ser de baja potencia). Si se supera el voltaje especificado que el tubo l\u00e1ser puede soportar, se producen da\u00f1os en el tubo l\u00e1ser...;<\/li>\n<li>El estado de la refrigeraci\u00f3n por agua no es bueno. El agua de refrigeraci\u00f3n no llena todo el tubo y aparecen burbujas de aire. En los lugares donde no hay refrigeraci\u00f3n por agua, la temperatura es demasiado alta, lo que provoca el cambio del material de vidrio y da\u00f1a el vidrio de los tubos l\u00e1ser;<\/li>\n<li>El material de vidrio presenta peque\u00f1as burbujas o un grosor desigual debido a la influencia de la temperatura, la materia prima, la tecnolog\u00eda y otros factores durante la producci\u00f3n del material de vidrio. Los da\u00f1os en las zonas d\u00e9biles bajo alta tensi\u00f3n pueden provocar descargas;<\/li>\n<\/ol>\n<h2>Garant\u00eda de calidad<\/h2>\n<p>Ofrecemos una garant\u00eda de 12 meses para nuestros tubos l\u00e1ser.<\/p>\n<p>Para clientes internacionales, debido a limitaciones log\u00edsticas:<\/p>\n<p>Paso 1: Debe aportar pruebas claras en v\u00eddeo que demuestren el problema del producto.<\/p>\n<p>Paso 2: Env\u00ede fotos de la etiqueta de garant\u00eda para su verificaci\u00f3n.<\/p>\n<p>Resultado: Los tubos de repuesto (si se aprueban) se enviar\u00e1n con su pr\u00f3ximo pedido. Si un cliente no realiza un pedido inmediato, pero tiene un contenedor que sale de China, podemos organizar el env\u00edo del producto de sustituci\u00f3n a una direcci\u00f3n nacional designada en China para consolidarlo con su env\u00edo.<\/p>\n<h2>Exclusiones de la garant\u00eda<\/h2>\n<p>La garant\u00eda no cubre lo siguiente<\/p>\n<p>Da\u00f1os ocurridos fuera del periodo de garant\u00eda .<\/p>\n<p>Degradaci\u00f3n de la potencia o rotura del tubo causada por un rendimiento deficiente de la refrigeraci\u00f3n por agua (caudal insuficiente, alta temperatura del agua o burbujas de aire en el tubo).<\/p>\n<p>P\u00e9rdida de potencia debida a la contaminaci\u00f3n de la superficie externa del espejo de salida.<\/p>\n<p>Da\u00f1os f\u00edsicos causados por una fuerza externa o un error humano.<\/p>\n<p>&nbsp;<\/p>","protected":false},"excerpt":{"rendered":"<p>Los tubos l\u00e1ser C-Series\u2122 CO\u2082 ofrecen una calidad de haz TEM00, potencia de corte y larga vida \u00fatil. La mezcla de gases optimizada y el sellado catal\u00edtico aumentan el rendimiento. F\u00e1cil de instalar; bajo mantenimiento, 70-150 W, 12 meses de garant\u00eda.<\/p>","protected":false},"featured_media":690,"template":"","meta":[],"product_brand":[],"product_cat":[34],"product_tag":[],"class_list":{"0":"post-676","1":"product","2":"type-product","3":"status-publish","4":"has-post-thumbnail","6":"product_cat-co2-laser-tube","8":"first","9":"instock","10":"shipping-taxable","11":"product-type-simple"},"_links":{"self":[{"href":"https:\/\/feijulaser.com\/es\/wp-json\/wp\/v2\/product\/676","targetHints":{"allow":["GET"]}}],"collection":[{"href":"https:\/\/feijulaser.com\/es\/wp-json\/wp\/v2\/product"}],"about":[{"href":"https:\/\/feijulaser.com\/es\/wp-json\/wp\/v2\/types\/product"}],"wp:featuredmedia":[{"embeddable":true,"href":"https:\/\/feijulaser.com\/es\/wp-json\/wp\/v2\/media\/690"}],"wp:attachment":[{"href":"https:\/\/feijulaser.com\/es\/wp-json\/wp\/v2\/media?parent=676"}],"wp:term":[{"taxonomy":"product_brand","embeddable":true,"href":"https:\/\/feijulaser.com\/es\/wp-json\/wp\/v2\/product_brand?post=676"},{"taxonomy":"product_cat","embeddable":true,"href":"https:\/\/feijulaser.com\/es\/wp-json\/wp\/v2\/product_cat?post=676"},{"taxonomy":"product_tag","embeddable":true,"href":"https:\/\/feijulaser.com\/es\/wp-json\/wp\/v2\/product_tag?post=676"}],"curies":[{"name":"wp","href":"https:\/\/api.w.org\/{rel}","templated":true}]}}