{"id":390,"date":"2025-08-13T01:56:58","date_gmt":"2025-08-13T01:56:58","guid":{"rendered":"https:\/\/feijulaser.com\/?page_id=390"},"modified":"2025-08-13T02:31:28","modified_gmt":"2025-08-13T02:31:28","slug":"quality-process","status":"publish","type":"page","link":"https:\/\/feijulaser.com\/es\/quality-process\/","title":{"rendered":"Calidad y procesos"},"content":{"rendered":"<div data-elementor-type=\"wp-page\" data-elementor-id=\"390\" class=\"elementor elementor-390\" data-elementor-post-type=\"page\">\n\t\t\t\t\t\t<section class=\"elementor-section elementor-top-section elementor-element elementor-element-4d082f33 elementor-section-boxed elementor-section-height-default elementor-section-height-default\" data-id=\"4d082f33\" data-element_type=\"section\" data-e-type=\"section\" data-settings=\"{&quot;background_background&quot;:&quot;classic&quot;}\">\n\t\t\t\t\t\t\t<div class=\"elementor-background-overlay\"><\/div>\n\t\t\t\t\t\t\t<div class=\"elementor-container elementor-column-gap-default\">\n\t\t\t\t\t<div class=\"elementor-column elementor-col-100 elementor-top-column elementor-element elementor-element-71810f19\" data-id=\"71810f19\" data-element_type=\"column\" data-e-type=\"column\">\n\t\t\t<div class=\"elementor-widget-wrap elementor-element-populated\">\n\t\t\t\t\t\t<div class=\"elementor-element elementor-element-756e6113 elementor-icon-list--layout-inline elementor-align-center elementor-list-item-link-full_width elementor-widget elementor-widget-icon-list\" data-id=\"756e6113\" data-element_type=\"widget\" data-e-type=\"widget\" data-widget_type=\"icon-list.default\">\n\t\t\t\t\t\t\t<ul class=\"elementor-icon-list-items elementor-inline-items\">\n\t\t\t\t\t\t\t<li class=\"elementor-icon-list-item elementor-inline-item\">\n\t\t\t\t\t\t\t\t\t\t\t<a href=\"https:\/\/feijulaser.com\/es\/\">\n\n\t\t\t\t\t\t\t\t\t\t\t<span class=\"elementor-icon-list-text\">Inicio<\/span>\n\t\t\t\t\t\t\t\t\t\t\t<\/a>\n\t\t\t\t\t\t\t\t\t<\/li>\n\t\t\t\t\t\t\t\t<li class=\"elementor-icon-list-item elementor-inline-item\">\n\t\t\t\t\t\t\t\t\t\t\t<span class=\"elementor-icon-list-icon\">\n\t\t\t\t\t\t\t<i aria-hidden=\"true\" class=\"mdi mdi-slash-forward\"><\/i>\t\t\t\t\t\t<\/span>\n\t\t\t\t\t\t\t\t\t\t<span class=\"elementor-icon-list-text\">Calidad y procesos<\/span>\n\t\t\t\t\t\t\t\t\t<\/li>\n\t\t\t\t\t\t<\/ul>\n\t\t\t\t\t\t<\/div>\n\t\t\t\t<div class=\"elementor-element elementor-element-7be38775 elementor-invisible elementor-widget elementor-widget-heading\" data-id=\"7be38775\" data-element_type=\"widget\" data-e-type=\"widget\" data-settings=\"{&quot;_animation&quot;:&quot;fadeInDown&quot;}\" data-widget_type=\"heading.default\">\n\t\t\t\t\t<h1 class=\"elementor-heading-title elementor-size-default\">Calidad y fabricaci\u00f3n\uff5cCalidad y artesan\u00eda<\/h1>\t\t\t\t<\/div>\n\t\t\t\t<div class=\"elementor-element elementor-element-180e3478 elementor-invisible elementor-widget elementor-widget-heading\" data-id=\"180e3478\" data-element_type=\"widget\" data-e-type=\"widget\" data-settings=\"{&quot;_animation&quot;:&quot;fadeIn&quot;,&quot;_animation_delay&quot;:720}\" data-widget_type=\"heading.default\">\n\t\t\t\t\t<h2 class=\"elementor-heading-title elementor-size-default\">Control de principio a fin, desde la verificaci\u00f3n de las materias primas hasta la inspecci\u00f3n final<\/h2>\t\t\t\t<\/div>\n\t\t\t\t\t<\/div>\n\t\t<\/div>\n\t\t\t\t\t<\/div>\n\t\t<\/section>\n\t\t<div class=\"elementor-element elementor-element-5898fb5 e-flex e-con-boxed elementor-invisible e-con e-parent\" data-id=\"5898fb5\" data-element_type=\"container\" data-e-type=\"container\" data-settings=\"{&quot;animation&quot;:&quot;fadeInRight&quot;}\">\n\t\t\t\t\t<div class=\"e-con-inner\">\n\t\t<div class=\"elementor-element elementor-element-2afb766 e-con-full e-flex e-con e-child\" data-id=\"2afb766\" data-element_type=\"container\" data-e-type=\"container\">\n\t\t\t\t<div class=\"elementor-element elementor-element-34e9f5e elementor-widget elementor-widget-heading\" data-id=\"34e9f5e\" data-element_type=\"widget\" data-e-type=\"widget\" data-widget_type=\"heading.default\">\n\t\t\t\t\t<h2 class=\"elementor-heading-title elementor-size-default\">Perfil de la empresa<\/h2>\t\t\t\t<\/div>\n\t\t\t\t<div class=\"elementor-element elementor-element-d7d9d19 elementor-widget elementor-widget-text-editor\" data-id=\"d7d9d19\" data-element_type=\"widget\" data-e-type=\"widget\" data-widget_type=\"text-editor.default\">\n\t\t\t\t\t\t\t\t\t<p>Rudong Feiju Laser Technology Co., Ltd. es un fabricante especializado en la investigaci\u00f3n, desarrollo, producci\u00f3n y venta de tubos l\u00e1ser de CO2 y una serie de productos.<\/p><p>La empresa controla estrictamente la calidad de la producci\u00f3n del producto en sus materias primas, verificaci\u00f3n de compras, proceso de producci\u00f3n, inspecci\u00f3n de f\u00e1brica y otros aspectos, y cuenta con una variedad de an\u00e1lisis avanzados, m\u00e9todos de prueba e instrumentos para garantizar el excelente rendimiento y calidad de cada producto l\u00e1ser de CO2. La empresa siempre aplica la pol\u00edtica corporativa de \"la calidad es lo primero, la reputaci\u00f3n es lo primero\", y proporciona a los clientes productos de alta calidad y gran estabilidad, as\u00ed como una completa gama de servicios de productos.<\/p>\t\t\t\t\t\t\t\t<\/div>\n\t\t\t\t<\/div>\n\t\t\t\t\t<\/div>\n\t\t\t\t<\/div>\n\t\t\t\t<section class=\"elementor-section elementor-top-section elementor-element elementor-element-75718864 elementor-section-boxed elementor-section-height-default elementor-section-height-default\" data-id=\"75718864\" data-element_type=\"section\" data-e-type=\"section\" data-settings=\"{&quot;background_background&quot;:&quot;classic&quot;}\">\n\t\t\t\t\t\t\t<div class=\"elementor-background-overlay\"><\/div>\n\t\t\t\t\t\t\t<div class=\"elementor-container elementor-column-gap-default\">\n\t\t\t\t\t<div class=\"elementor-column elementor-col-100 elementor-top-column elementor-element elementor-element-627038f1\" data-id=\"627038f1\" data-element_type=\"column\" data-e-type=\"column\">\n\t\t\t<div class=\"elementor-widget-wrap elementor-element-populated\">\n\t\t\t\t\t\t<div class=\"elementor-element elementor-element-7425392a elementor-widget elementor-widget-heading\" data-id=\"7425392a\" data-element_type=\"widget\" data-e-type=\"widget\" data-widget_type=\"heading.default\">\n\t\t\t\t\t<h2 class=\"elementor-heading-title elementor-size-default\">Actividades<\/h2>\t\t\t\t<\/div>\n\t\t\t\t<div class=\"elementor-element elementor-element-adbd5f8 elementor-widget elementor-widget-text-editor\" data-id=\"adbd5f8\" data-element_type=\"widget\" data-e-type=\"widget\" data-widget_type=\"text-editor.default\">\n\t\t\t\t\t\t\t\t\t<p>Durante todo el proceso de producci\u00f3n, Feiju Laser aplica estrictamente el control de calidad. Esto incluye una serie de procesos como la fabricaci\u00f3n de tubos de vidrio, la limpieza por ultrasonidos, el secado, el recubrimiento, el montaje de chips y el llenado de gas.<\/p>\t\t\t\t\t\t\t\t<\/div>\n\t\t\t\t<div class=\"elementor-element elementor-element-77401d29 elementor-widget-divider--view-line elementor-widget elementor-widget-divider\" data-id=\"77401d29\" data-element_type=\"widget\" data-e-type=\"widget\" data-widget_type=\"divider.default\">\n\t\t\t\t\t\t\t<div class=\"elementor-divider\">\n\t\t\t<span class=\"elementor-divider-separator\">\n\t\t\t\t\t\t<\/span>\n\t\t<\/div>\n\t\t\t\t\t\t<\/div>\n\t\t<div class=\"elementor-element elementor-element-32d28dc e-flex e-con-boxed e-con e-parent\" data-id=\"32d28dc\" data-element_type=\"container\" data-e-type=\"container\">\n\t\t\t\t\t<div class=\"e-con-inner\">\n\t\t<div class=\"elementor-element elementor-element-4f07874 e-grid e-con-full elementor-invisible e-con e-child\" data-id=\"4f07874\" data-element_type=\"container\" data-e-type=\"container\" data-settings=\"{&quot;animation&quot;:&quot;fadeInRight&quot;}\">\n\t\t\t\t<div class=\"elementor-element elementor-element-39bf856 elementor-widget elementor-widget-image\" data-id=\"39bf856\" data-element_type=\"widget\" data-e-type=\"widget\" data-widget_type=\"image.default\">\n\t\t\t\t\t\t\t\t\t\t\t\t\t\t\t<img fetchpriority=\"high\" decoding=\"async\" width=\"800\" height=\"600\" src=\"https:\/\/feijulaser.com\/wp-content\/uploads\/2025\/08\/Feiju-Laser-1024x768.png\" class=\"elementor-animation-grow attachment-large size-large wp-image-403\" alt=\"\" srcset=\"https:\/\/feijulaser.com\/wp-content\/uploads\/2025\/08\/Feiju-Laser-1024x768.png 1024w, https:\/\/feijulaser.com\/wp-content\/uploads\/2025\/08\/Feiju-Laser-300x225.png 300w, https:\/\/feijulaser.com\/wp-content\/uploads\/2025\/08\/Feiju-Laser-768x576.png 768w, https:\/\/feijulaser.com\/wp-content\/uploads\/2025\/08\/Feiju-Laser-600x450.png 600w, https:\/\/feijulaser.com\/wp-content\/uploads\/2025\/08\/Feiju-Laser.png 1268w\" sizes=\"(max-width: 800px) 100vw, 800px\" title=\"\">\t\t\t\t\t\t\t\t\t\t\t\t\t\t\t<\/div>\n\t\t\t\t<div class=\"elementor-element elementor-element-f8ba3ec elementor-widget elementor-widget-image\" data-id=\"f8ba3ec\" data-element_type=\"widget\" data-e-type=\"widget\" data-widget_type=\"image.default\">\n\t\t\t\t\t\t\t\t\t\t\t\t\t\t\t<img decoding=\"async\" width=\"800\" height=\"600\" src=\"https:\/\/feijulaser.com\/wp-content\/uploads\/2025\/08\/Feiju-Laser1-1024x768.png\" class=\"elementor-animation-grow attachment-large size-large wp-image-404\" alt=\"\" srcset=\"https:\/\/feijulaser.com\/wp-content\/uploads\/2025\/08\/Feiju-Laser1-1024x768.png 1024w, https:\/\/feijulaser.com\/wp-content\/uploads\/2025\/08\/Feiju-Laser1-300x225.png 300w, https:\/\/feijulaser.com\/wp-content\/uploads\/2025\/08\/Feiju-Laser1-768x576.png 768w, https:\/\/feijulaser.com\/wp-content\/uploads\/2025\/08\/Feiju-Laser1-600x450.png 600w, https:\/\/feijulaser.com\/wp-content\/uploads\/2025\/08\/Feiju-Laser1.png 1265w\" sizes=\"(max-width: 800px) 100vw, 800px\" title=\"\">\t\t\t\t\t\t\t\t\t\t\t\t\t\t\t<\/div>\n\t\t\t\t<div class=\"elementor-element elementor-element-3f3897f elementor-widget elementor-widget-image\" data-id=\"3f3897f\" data-element_type=\"widget\" data-e-type=\"widget\" data-widget_type=\"image.default\">\n\t\t\t\t\t\t\t\t\t\t\t\t\t\t\t<img decoding=\"async\" width=\"800\" height=\"600\" src=\"https:\/\/feijulaser.com\/wp-content\/uploads\/2025\/08\/Feiju-Laser2-1024x768.png\" class=\"elementor-animation-grow attachment-large size-large wp-image-405\" alt=\"\" srcset=\"https:\/\/feijulaser.com\/wp-content\/uploads\/2025\/08\/Feiju-Laser2-1024x768.png 1024w, https:\/\/feijulaser.com\/wp-content\/uploads\/2025\/08\/Feiju-Laser2-300x225.png 300w, https:\/\/feijulaser.com\/wp-content\/uploads\/2025\/08\/Feiju-Laser2-768x576.png 768w, https:\/\/feijulaser.com\/wp-content\/uploads\/2025\/08\/Feiju-Laser2-600x450.png 600w, https:\/\/feijulaser.com\/wp-content\/uploads\/2025\/08\/Feiju-Laser2.png 1266w\" sizes=\"(max-width: 800px) 100vw, 800px\" title=\"\">\t\t\t\t\t\t\t\t\t\t\t\t\t\t\t<\/div>\n\t\t\t\t<div class=\"elementor-element elementor-element-1a64693 elementor-widget elementor-widget-image\" data-id=\"1a64693\" data-element_type=\"widget\" data-e-type=\"widget\" data-widget_type=\"image.default\">\n\t\t\t\t\t\t\t\t\t\t\t\t\t\t\t<img loading=\"lazy\" decoding=\"async\" width=\"800\" height=\"534\" src=\"https:\/\/feijulaser.com\/wp-content\/uploads\/2025\/08\/Feiju-Laser12-1024x684.png\" class=\"elementor-animation-grow attachment-large size-large wp-image-414\" alt=\"\" srcset=\"https:\/\/feijulaser.com\/wp-content\/uploads\/2025\/08\/Feiju-Laser12-1024x684.png 1024w, https:\/\/feijulaser.com\/wp-content\/uploads\/2025\/08\/Feiju-Laser12-300x200.png 300w, https:\/\/feijulaser.com\/wp-content\/uploads\/2025\/08\/Feiju-Laser12-768x513.png 768w, https:\/\/feijulaser.com\/wp-content\/uploads\/2025\/08\/Feiju-Laser12-600x401.png 600w, https:\/\/feijulaser.com\/wp-content\/uploads\/2025\/08\/Feiju-Laser12.png 1265w\" sizes=\"(max-width: 800px) 100vw, 800px\" title=\"\">\t\t\t\t\t\t\t\t\t\t\t\t\t\t\t<\/div>\n\t\t\t\t<\/div>\n\t\t\t\t\t<\/div>\n\t\t\t\t<\/div>\n\t\t<div class=\"elementor-element elementor-element-d920706 e-flex e-con-boxed e-con e-parent\" data-id=\"d920706\" data-element_type=\"container\" data-e-type=\"container\">\n\t\t\t\t\t<div class=\"e-con-inner\">\n\t\t<div class=\"elementor-element elementor-element-490328f e-grid e-con-full elementor-invisible e-con e-child\" data-id=\"490328f\" data-element_type=\"container\" data-e-type=\"container\" data-settings=\"{&quot;animation&quot;:&quot;fadeInRight&quot;}\">\n\t\t\t\t<div class=\"elementor-element elementor-element-452599a elementor-widget elementor-widget-image\" data-id=\"452599a\" data-element_type=\"widget\" data-e-type=\"widget\" data-widget_type=\"image.default\">\n\t\t\t\t\t\t\t\t\t\t\t\t\t\t\t<img loading=\"lazy\" decoding=\"async\" width=\"800\" height=\"600\" src=\"https:\/\/feijulaser.com\/wp-content\/uploads\/2025\/08\/Feiju-Laser4-1024x768.png\" class=\"elementor-animation-grow attachment-large size-large wp-image-406\" alt=\"\" srcset=\"https:\/\/feijulaser.com\/wp-content\/uploads\/2025\/08\/Feiju-Laser4-1024x768.png 1024w, https:\/\/feijulaser.com\/wp-content\/uploads\/2025\/08\/Feiju-Laser4-300x225.png 300w, https:\/\/feijulaser.com\/wp-content\/uploads\/2025\/08\/Feiju-Laser4-768x576.png 768w, https:\/\/feijulaser.com\/wp-content\/uploads\/2025\/08\/Feiju-Laser4-600x450.png 600w, https:\/\/feijulaser.com\/wp-content\/uploads\/2025\/08\/Feiju-Laser4.png 1268w\" sizes=\"(max-width: 800px) 100vw, 800px\" title=\"\">\t\t\t\t\t\t\t\t\t\t\t\t\t\t\t<\/div>\n\t\t\t\t<div class=\"elementor-element elementor-element-31c09c7 elementor-widget elementor-widget-image\" data-id=\"31c09c7\" data-element_type=\"widget\" data-e-type=\"widget\" data-widget_type=\"image.default\">\n\t\t\t\t\t\t\t\t\t\t\t\t\t\t\t<img loading=\"lazy\" decoding=\"async\" width=\"800\" height=\"600\" src=\"https:\/\/feijulaser.com\/wp-content\/uploads\/2025\/08\/Feiju-Laser5-1024x768.png\" class=\"elementor-animation-grow attachment-large size-large wp-image-407\" alt=\"\" srcset=\"https:\/\/feijulaser.com\/wp-content\/uploads\/2025\/08\/Feiju-Laser5-1024x768.png 1024w, https:\/\/feijulaser.com\/wp-content\/uploads\/2025\/08\/Feiju-Laser5-300x225.png 300w, https:\/\/feijulaser.com\/wp-content\/uploads\/2025\/08\/Feiju-Laser5-768x576.png 768w, https:\/\/feijulaser.com\/wp-content\/uploads\/2025\/08\/Feiju-Laser5-600x450.png 600w, https:\/\/feijulaser.com\/wp-content\/uploads\/2025\/08\/Feiju-Laser5.png 1268w\" sizes=\"(max-width: 800px) 100vw, 800px\" title=\"\">\t\t\t\t\t\t\t\t\t\t\t\t\t\t\t<\/div>\n\t\t\t\t<div class=\"elementor-element elementor-element-8d43e5f elementor-widget elementor-widget-image\" data-id=\"8d43e5f\" data-element_type=\"widget\" data-e-type=\"widget\" data-widget_type=\"image.default\">\n\t\t\t\t\t\t\t\t\t\t\t\t\t\t\t<img loading=\"lazy\" decoding=\"async\" width=\"800\" height=\"600\" src=\"https:\/\/feijulaser.com\/wp-content\/uploads\/2025\/08\/Feiju-Laser7-1024x768.png\" class=\"elementor-animation-grow attachment-large size-large wp-image-409\" alt=\"\" srcset=\"https:\/\/feijulaser.com\/wp-content\/uploads\/2025\/08\/Feiju-Laser7-1024x768.png 1024w, https:\/\/feijulaser.com\/wp-content\/uploads\/2025\/08\/Feiju-Laser7-300x225.png 300w, https:\/\/feijulaser.com\/wp-content\/uploads\/2025\/08\/Feiju-Laser7-768x576.png 768w, https:\/\/feijulaser.com\/wp-content\/uploads\/2025\/08\/Feiju-Laser7-600x450.png 600w, https:\/\/feijulaser.com\/wp-content\/uploads\/2025\/08\/Feiju-Laser7.png 1267w\" sizes=\"(max-width: 800px) 100vw, 800px\" title=\"\">\t\t\t\t\t\t\t\t\t\t\t\t\t\t\t<\/div>\n\t\t\t\t<div class=\"elementor-element elementor-element-4d3edba elementor-widget elementor-widget-image\" data-id=\"4d3edba\" data-element_type=\"widget\" data-e-type=\"widget\" data-widget_type=\"image.default\">\n\t\t\t\t\t\t\t\t\t\t\t\t\t\t\t<img loading=\"lazy\" decoding=\"async\" width=\"800\" height=\"600\" src=\"https:\/\/feijulaser.com\/wp-content\/uploads\/2025\/08\/Feiju-Laser10-1024x768.png\" class=\"elementor-animation-grow attachment-large size-large wp-image-412\" alt=\"\" srcset=\"https:\/\/feijulaser.com\/wp-content\/uploads\/2025\/08\/Feiju-Laser10-1024x768.png 1024w, https:\/\/feijulaser.com\/wp-content\/uploads\/2025\/08\/Feiju-Laser10-300x225.png 300w, https:\/\/feijulaser.com\/wp-content\/uploads\/2025\/08\/Feiju-Laser10-768x576.png 768w, https:\/\/feijulaser.com\/wp-content\/uploads\/2025\/08\/Feiju-Laser10-600x450.png 600w, https:\/\/feijulaser.com\/wp-content\/uploads\/2025\/08\/Feiju-Laser10.png 1266w\" sizes=\"(max-width: 800px) 100vw, 800px\" title=\"\">\t\t\t\t\t\t\t\t\t\t\t\t\t\t\t<\/div>\n\t\t\t\t<\/div>\n\t\t\t\t\t<\/div>\n\t\t\t\t<\/div>\n\t\t<div class=\"elementor-element elementor-element-795cae2 e-flex e-con-boxed e-con e-parent\" data-id=\"795cae2\" data-element_type=\"container\" data-e-type=\"container\">\n\t\t\t\t\t<div class=\"e-con-inner\">\n\t\t<div class=\"elementor-element elementor-element-35c4935 e-grid e-con-full elementor-invisible e-con e-child\" data-id=\"35c4935\" data-element_type=\"container\" data-e-type=\"container\" data-settings=\"{&quot;animation&quot;:&quot;fadeInRight&quot;}\">\n\t\t\t\t<div class=\"elementor-element elementor-element-ab8d09c elementor-widget elementor-widget-image\" data-id=\"ab8d09c\" data-element_type=\"widget\" data-e-type=\"widget\" data-widget_type=\"image.default\">\n\t\t\t\t\t\t\t\t\t\t\t\t\t\t\t<img loading=\"lazy\" decoding=\"async\" width=\"800\" height=\"600\" src=\"https:\/\/feijulaser.com\/wp-content\/uploads\/2025\/08\/Feiju-Laser8-1024x768.png\" class=\"elementor-animation-grow attachment-large size-large wp-image-410\" alt=\"\" srcset=\"https:\/\/feijulaser.com\/wp-content\/uploads\/2025\/08\/Feiju-Laser8-1024x768.png 1024w, https:\/\/feijulaser.com\/wp-content\/uploads\/2025\/08\/Feiju-Laser8-300x225.png 300w, https:\/\/feijulaser.com\/wp-content\/uploads\/2025\/08\/Feiju-Laser8-768x576.png 768w, https:\/\/feijulaser.com\/wp-content\/uploads\/2025\/08\/Feiju-Laser8-600x450.png 600w, https:\/\/feijulaser.com\/wp-content\/uploads\/2025\/08\/Feiju-Laser8.png 1267w\" sizes=\"(max-width: 800px) 100vw, 800px\" title=\"\">\t\t\t\t\t\t\t\t\t\t\t\t\t\t\t<\/div>\n\t\t\t\t<div class=\"elementor-element elementor-element-2f70216 elementor-widget elementor-widget-image\" data-id=\"2f70216\" data-element_type=\"widget\" data-e-type=\"widget\" data-widget_type=\"image.default\">\n\t\t\t\t\t\t\t\t\t\t\t\t\t\t\t<img loading=\"lazy\" decoding=\"async\" width=\"800\" height=\"600\" src=\"https:\/\/feijulaser.com\/wp-content\/uploads\/2025\/08\/Feiju-Laser9-1024x768.png\" class=\"elementor-animation-grow attachment-large size-large wp-image-411\" alt=\"\" srcset=\"https:\/\/feijulaser.com\/wp-content\/uploads\/2025\/08\/Feiju-Laser9-1024x768.png 1024w, https:\/\/feijulaser.com\/wp-content\/uploads\/2025\/08\/Feiju-Laser9-300x225.png 300w, https:\/\/feijulaser.com\/wp-content\/uploads\/2025\/08\/Feiju-Laser9-768x576.png 768w, https:\/\/feijulaser.com\/wp-content\/uploads\/2025\/08\/Feiju-Laser9-600x450.png 600w, https:\/\/feijulaser.com\/wp-content\/uploads\/2025\/08\/Feiju-Laser9.png 1268w\" sizes=\"(max-width: 800px) 100vw, 800px\" title=\"\">\t\t\t\t\t\t\t\t\t\t\t\t\t\t\t<\/div>\n\t\t\t\t<div class=\"elementor-element elementor-element-dff9beb elementor-widget elementor-widget-image\" data-id=\"dff9beb\" data-element_type=\"widget\" data-e-type=\"widget\" data-widget_type=\"image.default\">\n\t\t\t\t\t\t\t\t\t\t\t\t\t\t\t<img loading=\"lazy\" decoding=\"async\" width=\"800\" height=\"534\" src=\"https:\/\/feijulaser.com\/wp-content\/uploads\/2025\/08\/Feiju-Laser11-1024x683.png\" class=\"elementor-animation-grow attachment-large size-large wp-image-413\" alt=\"\" srcset=\"https:\/\/feijulaser.com\/wp-content\/uploads\/2025\/08\/Feiju-Laser11-1024x683.png 1024w, https:\/\/feijulaser.com\/wp-content\/uploads\/2025\/08\/Feiju-Laser11-300x200.png 300w, https:\/\/feijulaser.com\/wp-content\/uploads\/2025\/08\/Feiju-Laser11-768x513.png 768w, https:\/\/feijulaser.com\/wp-content\/uploads\/2025\/08\/Feiju-Laser11-600x400.png 600w, https:\/\/feijulaser.com\/wp-content\/uploads\/2025\/08\/Feiju-Laser11.png 1266w\" sizes=\"(max-width: 800px) 100vw, 800px\" title=\"\">\t\t\t\t\t\t\t\t\t\t\t\t\t\t\t<\/div>\n\t\t\t\t<div class=\"elementor-element elementor-element-0964a59 elementor-widget elementor-widget-image\" data-id=\"0964a59\" data-element_type=\"widget\" data-e-type=\"widget\" data-widget_type=\"image.default\">\n\t\t\t\t\t\t\t\t\t\t\t\t\t\t\t<img loading=\"lazy\" decoding=\"async\" width=\"800\" height=\"599\" src=\"https:\/\/feijulaser.com\/wp-content\/uploads\/2025\/08\/Feiju-Laser15-1024x767.png\" class=\"elementor-animation-grow attachment-large size-large wp-image-417\" alt=\"\" srcset=\"https:\/\/feijulaser.com\/wp-content\/uploads\/2025\/08\/Feiju-Laser15-1024x767.png 1024w, https:\/\/feijulaser.com\/wp-content\/uploads\/2025\/08\/Feiju-Laser15-300x225.png 300w, https:\/\/feijulaser.com\/wp-content\/uploads\/2025\/08\/Feiju-Laser15-768x575.png 768w, https:\/\/feijulaser.com\/wp-content\/uploads\/2025\/08\/Feiju-Laser15-600x450.png 600w, https:\/\/feijulaser.com\/wp-content\/uploads\/2025\/08\/Feiju-Laser15.png 1280w\" sizes=\"(max-width: 800px) 100vw, 800px\" title=\"\">\t\t\t\t\t\t\t\t\t\t\t\t\t\t\t<\/div>\n\t\t\t\t<\/div>\n\t\t\t\t\t<\/div>\n\t\t\t\t<\/div>\n\t\t<div class=\"elementor-element elementor-element-866c0b5 e-flex e-con-boxed e-con e-parent\" data-id=\"866c0b5\" data-element_type=\"container\" data-e-type=\"container\">\n\t\t\t\t\t<div class=\"e-con-inner\">\n\t\t<div class=\"elementor-element elementor-element-32db407 e-grid e-con-full elementor-invisible e-con e-child\" data-id=\"32db407\" data-element_type=\"container\" data-e-type=\"container\" data-settings=\"{&quot;animation&quot;:&quot;fadeInRight&quot;}\">\n\t\t\t\t<div class=\"elementor-element elementor-element-876bf66 elementor-widget elementor-widget-image\" data-id=\"876bf66\" data-element_type=\"widget\" data-e-type=\"widget\" data-widget_type=\"image.default\">\n\t\t\t\t\t\t\t\t\t\t\t\t\t\t\t<img loading=\"lazy\" decoding=\"async\" width=\"800\" height=\"600\" src=\"https:\/\/feijulaser.com\/wp-content\/uploads\/2025\/08\/Feiju-Laser16-1024x768.png\" class=\"elementor-animation-grow attachment-large size-large wp-image-418\" alt=\"\" srcset=\"https:\/\/feijulaser.com\/wp-content\/uploads\/2025\/08\/Feiju-Laser16-1024x768.png 1024w, https:\/\/feijulaser.com\/wp-content\/uploads\/2025\/08\/Feiju-Laser16-300x225.png 300w, https:\/\/feijulaser.com\/wp-content\/uploads\/2025\/08\/Feiju-Laser16-768x576.png 768w, https:\/\/feijulaser.com\/wp-content\/uploads\/2025\/08\/Feiju-Laser16-600x450.png 600w, https:\/\/feijulaser.com\/wp-content\/uploads\/2025\/08\/Feiju-Laser16.png 1269w\" sizes=\"(max-width: 800px) 100vw, 800px\" title=\"\">\t\t\t\t\t\t\t\t\t\t\t\t\t\t\t<\/div>\n\t\t\t\t<div class=\"elementor-element elementor-element-4483e3e elementor-widget elementor-widget-image\" data-id=\"4483e3e\" data-element_type=\"widget\" data-e-type=\"widget\" data-widget_type=\"image.default\">\n\t\t\t\t\t\t\t\t\t\t\t\t\t\t\t<img loading=\"lazy\" decoding=\"async\" width=\"800\" height=\"600\" src=\"https:\/\/feijulaser.com\/wp-content\/uploads\/2025\/08\/Feiju-Laser17-1024x768.png\" class=\"elementor-animation-grow attachment-large size-large wp-image-419\" alt=\"\" srcset=\"https:\/\/feijulaser.com\/wp-content\/uploads\/2025\/08\/Feiju-Laser17-1024x768.png 1024w, https:\/\/feijulaser.com\/wp-content\/uploads\/2025\/08\/Feiju-Laser17-300x225.png 300w, https:\/\/feijulaser.com\/wp-content\/uploads\/2025\/08\/Feiju-Laser17-768x576.png 768w, https:\/\/feijulaser.com\/wp-content\/uploads\/2025\/08\/Feiju-Laser17-600x450.png 600w, https:\/\/feijulaser.com\/wp-content\/uploads\/2025\/08\/Feiju-Laser17.png 1268w\" sizes=\"(max-width: 800px) 100vw, 800px\" title=\"\">\t\t\t\t\t\t\t\t\t\t\t\t\t\t\t<\/div>\n\t\t\t\t<div class=\"elementor-element elementor-element-df18f83 elementor-widget elementor-widget-image\" data-id=\"df18f83\" data-element_type=\"widget\" data-e-type=\"widget\" data-widget_type=\"image.default\">\n\t\t\t\t\t\t\t\t\t\t\t\t\t\t\t<img loading=\"lazy\" decoding=\"async\" width=\"800\" height=\"600\" src=\"https:\/\/feijulaser.com\/wp-content\/uploads\/2025\/08\/Feiju-Laser18-1024x768.png\" class=\"elementor-animation-grow attachment-large size-large wp-image-420\" alt=\"\" srcset=\"https:\/\/feijulaser.com\/wp-content\/uploads\/2025\/08\/Feiju-Laser18-1024x768.png 1024w, https:\/\/feijulaser.com\/wp-content\/uploads\/2025\/08\/Feiju-Laser18-300x225.png 300w, https:\/\/feijulaser.com\/wp-content\/uploads\/2025\/08\/Feiju-Laser18-768x576.png 768w, https:\/\/feijulaser.com\/wp-content\/uploads\/2025\/08\/Feiju-Laser18-600x450.png 600w, https:\/\/feijulaser.com\/wp-content\/uploads\/2025\/08\/Feiju-Laser18.png 1268w\" sizes=\"(max-width: 800px) 100vw, 800px\" title=\"\">\t\t\t\t\t\t\t\t\t\t\t\t\t\t\t<\/div>\n\t\t\t\t<div class=\"elementor-element elementor-element-9924420 elementor-widget elementor-widget-image\" data-id=\"9924420\" data-element_type=\"widget\" data-e-type=\"widget\" data-widget_type=\"image.default\">\n\t\t\t\t\t\t\t\t\t\t\t\t\t\t\t<img loading=\"lazy\" decoding=\"async\" width=\"800\" height=\"600\" src=\"https:\/\/feijulaser.com\/wp-content\/uploads\/2025\/08\/Feiju-Laser19-1024x768.png\" class=\"elementor-animation-grow attachment-large size-large wp-image-421\" alt=\"\" srcset=\"https:\/\/feijulaser.com\/wp-content\/uploads\/2025\/08\/Feiju-Laser19-1024x768.png 1024w, https:\/\/feijulaser.com\/wp-content\/uploads\/2025\/08\/Feiju-Laser19-300x225.png 300w, https:\/\/feijulaser.com\/wp-content\/uploads\/2025\/08\/Feiju-Laser19-768x576.png 768w, https:\/\/feijulaser.com\/wp-content\/uploads\/2025\/08\/Feiju-Laser19-600x450.png 600w, https:\/\/feijulaser.com\/wp-content\/uploads\/2025\/08\/Feiju-Laser19.png 1266w\" sizes=\"(max-width: 800px) 100vw, 800px\" title=\"\">\t\t\t\t\t\t\t\t\t\t\t\t\t\t\t<\/div>\n\t\t\t\t<\/div>\n\t\t\t\t\t<\/div>\n\t\t\t\t<\/div>\n\t\t\t\t\t<\/div>\n\t\t<\/div>\n\t\t\t\t\t<\/div>\n\t\t<\/section>\n\t\t\t\t<\/div>","protected":false},"excerpt":{"rendered":"<p>Home Quality &#038; Process Quality &amp; Manufacturing\uff5cQuality &amp; Craftsmanship End-to-End Control from Raw Material Verification to Final Inspection Company profile Rudong Feiju Laser Technology Co., Ltd. is a manufacturer specializing in the research, development, production, and sales of CO2 laser tubes and a series of products. The company strictly controls the quality of the product [&hellip;]<\/p>","protected":false},"author":1,"featured_media":0,"parent":0,"menu_order":0,"comment_status":"closed","ping_status":"closed","template":"","meta":{"footnotes":""},"class_list":["post-390","page","type-page","status-publish","hentry"],"_links":{"self":[{"href":"https:\/\/feijulaser.com\/es\/wp-json\/wp\/v2\/pages\/390","targetHints":{"allow":["GET"]}}],"collection":[{"href":"https:\/\/feijulaser.com\/es\/wp-json\/wp\/v2\/pages"}],"about":[{"href":"https:\/\/feijulaser.com\/es\/wp-json\/wp\/v2\/types\/page"}],"author":[{"embeddable":true,"href":"https:\/\/feijulaser.com\/es\/wp-json\/wp\/v2\/users\/1"}],"replies":[{"embeddable":true,"href":"https:\/\/feijulaser.com\/es\/wp-json\/wp\/v2\/comments?post=390"}],"version-history":[{"count":0,"href":"https:\/\/feijulaser.com\/es\/wp-json\/wp\/v2\/pages\/390\/revisions"}],"wp:attachment":[{"href":"https:\/\/feijulaser.com\/es\/wp-json\/wp\/v2\/media?parent=390"}],"curies":[{"name":"wp","href":"https:\/\/api.w.org\/{rel}","templated":true}]}}