{"id":703,"date":"2025-08-14T08:34:54","date_gmt":"2025-08-14T08:34:54","guid":{"rendered":"https:\/\/feijulaser.com\/?post_type=product&#038;p=703"},"modified":"2025-08-20T02:58:50","modified_gmt":"2025-08-20T02:58:50","slug":"co-laser-power-supply","status":"publish","type":"product","link":"https:\/\/feijulaser.com\/de\/produkt\/co-laser-power-supply\/","title":{"rendered":"CO\u2082-Laser-Netzteil"},"content":{"rendered":"<p>Als effiziente Stromquelle f\u00fcr CO.-Laserr\u00f6hren. Es hat die Eigenschaften einer geringen Gr\u00f6\u00dfe. Es ist leicht, einfach zu bedienen, passt sich gut an und kann direkt an die Laserr\u00f6hre angeschlossen werden. Die Stromversorgung kann das Einschalten der Laserr\u00f6hre erleichtern, hat eine niedrige Umwandlungsrate und eine lange Lebensdauer.<\/p>\n<h3>TABELLE DER TECHNISCHEN PARAMETER<\/h3>\n<table data-pm-slice=\"3 3 []\">\n<tbody>\n<tr>\n<td>Artikel<\/td>\n<td>FJ-60W<\/td>\n<td>FJ-80WE<\/td>\n<td>FJ-100W<\/td>\n<td>FJ-120W<\/td>\n<td>FJ-130W<\/td>\n<td>FJ-150W<\/td>\n<td>FJ-200W<\/td>\n<\/tr>\n<tr>\n<td><strong>Eingangsspannung<\/strong><\/td>\n<td>AC220V\u00b110%<\/td>\n<td>AC220V\u00b110%<\/td>\n<td>AC220V\u00b110%<\/td>\n<td>AC220V\u00b110%<\/td>\n<td>AC220V\u00b110%<\/td>\n<td>AC220V\u00b110%<\/td>\n<td>AC220V\u00b110%<\/td>\n<\/tr>\n<tr>\n<td><strong>AC-Frequenz<\/strong><\/td>\n<td>50\/60 Hz<\/td>\n<td>50\/60 Hz<\/td>\n<td>50\/60 Hz<\/td>\n<td>50\/60 Hz<\/td>\n<td>50\/60 Hz<\/td>\n<td>50\/60 Hz<\/td>\n<td>50\/60 Hz<\/td>\n<\/tr>\n<tr>\n<td><strong>Maximale Eingangsleistung<\/strong><\/td>\n<td>490 W<\/td>\n<td>750 W<\/td>\n<td>770 W<\/td>\n<td>820 W<\/td>\n<td>970 W<\/td>\n<td>1000 W<\/td>\n<td>1300 W<\/td>\n<\/tr>\n<tr>\n<td><strong>Max. Eingangsstrom<\/strong><\/td>\n<td>2.2 A<\/td>\n<td>3.4 A<\/td>\n<td>3.5 A<\/td>\n<td>3.7 A<\/td>\n<td>4.3 A<\/td>\n<td>4.5 A<\/td>\n<td>5.9 A<\/td>\n<\/tr>\n<tr>\n<td><strong>Maximale Ausgangsspannung<\/strong><\/td>\n<td>DC 25 kV<\/td>\n<td>DC 32 kV<\/td>\n<td>DC 35 kV<\/td>\n<td>DC 35 kV<\/td>\n<td>DC 40 kV<\/td>\n<td>DC 40 kV<\/td>\n<td>DC 52 kV<\/td>\n<\/tr>\n<tr>\n<td><strong>Max. Ausgangsstrom<\/strong><\/td>\n<td>DC 28 mA<\/td>\n<td>DC 33 mA<\/td>\n<td>DC 33 mA<\/td>\n<td>DC 35 mA<\/td>\n<td>DC 36 mA<\/td>\n<td>DC 40 mA<\/td>\n<td>DC 36 mA<\/td>\n<\/tr>\n<tr>\n<td><strong>Abmessungen (L\u00d7B\u00d7H, mm)<\/strong><\/td>\n<td>210\u00d7145\u00d7100<\/td>\n<td>285\u00d7175\u00d7105<\/td>\n<td>300\u00d7200\u00d7110<\/td>\n<td>335\u00d7205\u00d7100<\/td>\n<td>335\u00d7205\u00d7100<\/td>\n<td>350\u00d7222\u00d7105<\/td>\n<td>390\u00d7240\u00d7116<\/td>\n<\/tr>\n<tr>\n<td><strong>Farbe des Covers<\/strong><\/td>\n<td>Silbergrau<\/td>\n<td>Silbergrau<\/td>\n<td>Silbergrau<\/td>\n<td>Silbergrau<\/td>\n<td>Silbergrau<\/td>\n<td>Silbergrau<\/td>\n<td>Silbergrau<\/td>\n<\/tr>\n<\/tbody>\n<\/table>\n<blockquote data-pm-slice=\"2 3 []\"><p>AC110V Eingang kann auf Anfrage angepasst werden.<\/p><\/blockquote>\n<h3>Gemeinsame Spezifikationen (gelten f\u00fcr alle Modelle)<\/h3>\n<table>\n<tbody>\n<tr>\n<td>Artikel<\/td>\n<td>Wert<\/td>\n<\/tr>\n<tr>\n<td><strong>Effizienz<\/strong><\/td>\n<td>\u2265 90% (bei Volllast)<\/td>\n<\/tr>\n<tr>\n<td><strong>Reaktionsgeschwindigkeit<\/strong><\/td>\n<td>\u2264 1 ms<\/td>\n<\/tr>\n<tr>\n<td><strong>MTBF<\/strong><\/td>\n<td>\u2265 1000 Stunden<\/td>\n<\/tr>\n<tr>\n<td><strong>Schnittstelle kontrollieren<\/strong><\/td>\n<td>TTL-Pegelschaltersteuerung; effektiver Pegel w\u00e4hlbar <strong>hoch<\/strong> oder <strong>niedrig<\/strong><\/td>\n<\/tr>\n<tr>\n<td><strong>Isolierung &amp; Spannung<\/strong><\/td>\n<td>Input-Output, Input-Geh\u00e4use: <strong>AC1500V, 10 mA, 60 s<\/strong>Minuspol des Ausgangs ist mit dem Geh\u00e4use verbunden.<\/td>\n<\/tr>\n<tr>\n<td><strong>Schutz bei offenem Stromkreis<\/strong><\/td>\n<td>Kurzzeitiger offener Stromkreis (erfordert eine gute Erdung des Stromversorgungsgeh\u00e4uses; vermeiden Sie Lichtbogenbildung zwischen der positiven Elektrode und dem Geh\u00e4use)<\/td>\n<\/tr>\n<tr>\n<td><strong>Arbeitstemperatur<\/strong><\/td>\n<td>-10 \u00b0C bis 50 \u00b0C<\/td>\n<\/tr>\n<tr>\n<td><strong>Lagertemperatur<\/strong><\/td>\n<td>-20 \u00b0C bis 75 \u00b0C<\/td>\n<\/tr>\n<tr>\n<td><strong>Relative Luftfeuchtigkeit<\/strong><\/td>\n<td>Bis zu 85% RH (nicht kondensierend)<\/td>\n<\/tr>\n<tr>\n<td><strong>H\u00f6henlage<\/strong><\/td>\n<td>100.000 ft in Betrieb; 200.000 ft Lagerung (kein Betrieb)<\/td>\n<\/tr>\n<tr>\n<td><strong>Methode der K\u00fchlung<\/strong><\/td>\n<td>Gezwungene Luftk\u00fchlung<\/td>\n<\/tr>\n<\/tbody>\n<\/table>","protected":false},"excerpt":{"rendered":"<p>Als effiziente Stromquelle f\u00fcr CO.-Laserr\u00f6hren. Es hat die Eigenschaften einer geringen Gr\u00f6\u00dfe. Es ist leicht, einfach zu bedienen, passt sich gut an und kann direkt an die Laserr\u00f6hre angeschlossen werden. Die Stromversorgung kann das Einschalten der Laserr\u00f6hre erleichtern, hat eine niedrige Umwandlungsrate und eine lange Lebensdauer.<\/p>","protected":false},"featured_media":704,"template":"","meta":[],"product_brand":[],"product_cat":[35],"product_tag":[],"class_list":{"0":"post-703","1":"product","2":"type-product","3":"status-publish","4":"has-post-thumbnail","6":"product_cat-power-supplies","8":"first","9":"instock","10":"shipping-taxable","11":"product-type-simple"},"_links":{"self":[{"href":"https:\/\/feijulaser.com\/de\/wp-json\/wp\/v2\/product\/703","targetHints":{"allow":["GET"]}}],"collection":[{"href":"https:\/\/feijulaser.com\/de\/wp-json\/wp\/v2\/product"}],"about":[{"href":"https:\/\/feijulaser.com\/de\/wp-json\/wp\/v2\/types\/product"}],"wp:featuredmedia":[{"embeddable":true,"href":"https:\/\/feijulaser.com\/de\/wp-json\/wp\/v2\/media\/704"}],"wp:attachment":[{"href":"https:\/\/feijulaser.com\/de\/wp-json\/wp\/v2\/media?parent=703"}],"wp:term":[{"taxonomy":"product_brand","embeddable":true,"href":"https:\/\/feijulaser.com\/de\/wp-json\/wp\/v2\/product_brand?post=703"},{"taxonomy":"product_cat","embeddable":true,"href":"https:\/\/feijulaser.com\/de\/wp-json\/wp\/v2\/product_cat?post=703"},{"taxonomy":"product_tag","embeddable":true,"href":"https:\/\/feijulaser.com\/de\/wp-json\/wp\/v2\/product_tag?post=703"}],"curies":[{"name":"wp","href":"https:\/\/api.w.org\/{rel}","templated":true}]}}