{"id":676,"date":"2025-08-14T06:54:03","date_gmt":"2025-08-14T06:54:03","guid":{"rendered":"https:\/\/feijulaser.com\/?post_type=product&#038;p=676"},"modified":"2025-08-20T03:02:07","modified_gmt":"2025-08-20T03:02:07","slug":"c-series-co2-laser-tube","status":"publish","type":"product","link":"https:\/\/feijulaser.com\/de\/produkt\/c-series-co2-laser-tube\/","title":{"rendered":"CO2-Laserr\u00f6hre der C-Serie"},"content":{"rendered":"<p>Die COz-Laserr\u00f6hren der C-Serie haben eine hohe optische Qualit\u00e4t, eine starke Schneidleistung und eine hohe Durchschlagskraft. Diese Laserr\u00f6hren verf\u00fcgen \u00fcber eine direkte Schleifpatch-Technologie, weniger Leckstellen und eine bessere Dichtungsleistung. Die einzigartige Laserkohlungstechnologie und die Gasformel verbessern die Leistung und die Empfindlichkeit der Laserr\u00f6hre erheblich. Um die gleichbleibende Qualit\u00e4t der Laserr\u00f6hre zu gew\u00e4hrleisten, kontrollieren wir den gesamten Prozess von der Bearbeitung der Laserr\u00f6hre \u00fcber die katalytische Beschichtung des Resonanzraumes und das Schleifen der Komponenten bis hin zum genauen Inlationsprozess strengstens. Das Produkt hat die Vorteile einer langen Lebensdauer, eines guten Lichtpunktmusters, einer hohen Leistung, einer stabilen Arbeitsleistung, einer schnellen Reaktionsgeschwindigkeit usw. Es ist ein ideales Hilfsmittel f\u00fcr Laserger\u00e4te wie Laserschneidmaschinen, Lasergraviermaschinen und Leteringmaschinen usw.<\/p>\n<table>\n<tbody>\n<tr>\n<td width=\"96\">&nbsp;<\/p>\n<p>Modell<\/td>\n<td width=\"96\">&nbsp;<\/p>\n<p>Nennleistung<\/td>\n<td width=\"96\">&nbsp;<\/p>\n<p>L\u00e4nge(mm)<\/td>\n<td width=\"96\">&nbsp;<\/p>\n<p>Durchmesser(mm)<\/td>\n<td width=\"96\">&nbsp;<\/p>\n<p>Katalytisch<\/td>\n<td width=\"96\">&nbsp;<\/p>\n<p>Spitzenleistung<\/td>\n<td width=\"96\">&nbsp;<\/p>\n<p>Modus<\/td>\n<td width=\"98\">&nbsp;<\/p>\n<p>(Monate)<\/p>\n<p>Garantie<\/td>\n<\/tr>\n<tr>\n<td width=\"96\">C70<\/td>\n<td width=\"96\">70W<\/td>\n<td width=\"96\">1200<\/td>\n<td width=\"96\">60<\/td>\n<td rowspan=\"6\" width=\"96\">&nbsp;<\/p>\n<p>&nbsp;<\/p>\n<p>&nbsp;<\/p>\n<p>Ja<\/td>\n<td width=\"96\">80W<\/td>\n<td rowspan=\"6\" width=\"96\">&nbsp;<\/p>\n<p>&nbsp;<\/p>\n<p>&nbsp;<\/p>\n<p>TEM0O<\/td>\n<td width=\"98\">10<\/td>\n<\/tr>\n<tr>\n<td width=\"96\">C80<\/td>\n<td width=\"96\">80W<\/td>\n<td width=\"96\">1600<\/td>\n<td width=\"96\">60<\/td>\n<td width=\"96\">110W<\/td>\n<td width=\"98\">10<\/td>\n<\/tr>\n<tr>\n<td width=\"96\">C80<\/td>\n<td width=\"96\">80W<\/td>\n<td width=\"96\">1250<\/td>\n<td width=\"96\">80<\/td>\n<td width=\"96\">100W<\/td>\n<td width=\"98\">12<\/td>\n<\/tr>\n<tr>\n<td width=\"96\">C100<\/td>\n<td width=\"96\">100W<\/td>\n<td width=\"96\">1450<\/td>\n<td width=\"96\">80<\/td>\n<td width=\"96\">120W<\/td>\n<td width=\"98\">12<\/td>\n<\/tr>\n<tr>\n<td width=\"96\">C130<\/td>\n<td width=\"96\">130W<\/td>\n<td width=\"96\">1650<\/td>\n<td width=\"96\">80<\/td>\n<td width=\"96\">150W<\/td>\n<td width=\"98\">12<\/td>\n<\/tr>\n<tr>\n<td width=\"96\">C150<\/td>\n<td width=\"96\">150W<\/td>\n<td width=\"96\">1850<\/td>\n<td width=\"96\">80<\/td>\n<td width=\"96\">180W<\/td>\n<td width=\"98\">12<\/td>\n<\/tr>\n<\/tbody>\n<\/table>\n<h2>Wichtige Vorteile<\/h2>\n<p>Hohe Effizienz und Stabilit\u00e4t<\/p>\n<p>Optimiertes Gasgemisch f\u00fcr maximale Energieumwandlung<\/p>\n<p>Erheblich h\u00f6here Spitzenleistung als die Nennleistung erf\u00fcllt sofortige hohe Leistungsanforderungen<\/p>\n<p>Langlebige Sicherheit<\/p>\n<p>Verwendet eine propriet\u00e4re Laserbeschichtungstechnologie und Gasformel<\/p>\n<p>Jede Laserr\u00f6hre wird rigorosen Tests mit strenger Qualit\u00e4tskontrolle unterzogen<\/p>\n<p>12-monatige Garantie<\/p>\n<p>Stabile Ausgabe<\/p>\n<p>Der TEM00-Modus garantiert eine hervorragende Strahlqualit\u00e4t<\/p>\n<p>Katalytische Technologie verbessert die Stabilit\u00e4t bei allen Modellen<\/p>\n<p>Vielf\u00e4ltige Optionen<\/p>\n<p>Leistungsbereich von 70W bis 150W<\/p>\n<p>Mehrere L\u00e4ngen- und Durchmesserkonfigurationen f\u00fcr unterschiedliche Ausr\u00fcstungsanforderungen<\/p>\n<h2>Anwendungen<\/h2>\n<p>Industrielles Schneiden<\/p>\n<p>Acryl, Holz, Leder, Stoff<\/p>\n<p>Verpackungsmaterial (Karton, Kunststoff)<\/p>\n<p>Lasergravur &amp; Markierung<\/p>\n<p>Produkt-Seriennummern, Barcodes, QR-Codes<\/p>\n<p>Hochpr\u00e4zise Druckvorlagen &amp; Logos<\/p>\n<p>Medizin &amp; Elektronik<\/p>\n<p>Pr\u00e4zisionsschneiden f\u00fcr medizinische Ger\u00e4te<\/p>\n<p>PCB Markierung &amp; Beschnitt<\/p>\n<h2>Probleme&amp; L\u00f6sungen<\/h2>\n<p>Laser-Rohr Unzureichende Schnitztiefe:<\/p>\n<p>Wenn die Schnitzerei zu Beginn nicht tief ist, \u00fcberpr\u00fcfen Sie bitte die folgenden Probleme der Reihe nach:<\/p>\n<ol>\n<li>Pr\u00fcfen Sie, ob die Lagerung der CO2-Laserr\u00f6hre angemessen ist;<\/li>\n<li>Pr\u00fcfen Sie, ob die Lichtintensit\u00e4t zu niedrig eingestellt ist;<\/li>\n<li>Pr\u00fcfen Sie, ob sich der Lichtweg verschoben hat;<\/li>\n<li>Pr\u00fcfen Sie, ob die Brennweite richtig eingestellt ist;<\/li>\n<li>Pr\u00fcfen Sie, ob sich Kratzer und Schmutz auf der Oberfl\u00e4che des Objektivs befinden;<\/li>\n<li>Pr\u00fcfen Sie, ob die Durchflussmenge und der Druck des K\u00fchlwassers korrekt sind.<\/li>\n<\/ol>\n<p>Nachdem Sie eine Weile gearbeitet haben, ist die Schnitttiefe nicht mehr tief genug:<\/p>\n<ol>\n<li>Pr\u00fcfen Sie, ob die Lagerung der CO2-Laserr\u00f6hre angemessen ist;<\/li>\n<li>Pr\u00fcfen Sie, ob die Wassertemperatur (15-25\u2103) normal ist;<\/li>\n<li>Pr\u00fcfen Sie, ob das Objektiv hei\u00df wird, wenn es benutzt wird;<\/li>\n<li>Pr\u00fcfen Sie, ob die Durchflussmenge und der Druck des K\u00fchlwassers korrekt sind;<\/li>\n<li>Pr\u00fcfen Sie, ob das K\u00fchlwasser sauber ist;<\/li>\n<\/ol>\n<p>Hochspannungsz\u00fcndung und -entladung:<\/p>\n<ol>\n<li>Pr\u00fcfen Sie, ob der Hochdruckkopf der Laserr\u00f6hre verschmutzt oder feucht ist;<\/li>\n<li>Pr\u00fcfen Sie, ob das Hochdruckende oder der Anschluss zu nahe am Metallteil der Maschine ist;<\/li>\n<li>Pr\u00fcfen Sie, ob sich die Hochspannungsverbindung des Lasernetzteils von der Halterung gel\u00f6st hat;<\/li>\n<li>Pr\u00fcfen Sie, ob die Hochspannungsanschlussvorrichtung gebrochen oder besch\u00e4digt ist;<\/li>\n<li>Pr\u00fcfen Sie, ob die niedrige Wassertemperatur zu Kondenswasserbildung in den W\u00e4nden und Muffen des Rohrs f\u00fchrt;<\/li>\n<\/ol>\n<p>* Wenn keine der obigen Beschreibungen zutrifft, wenden Sie sich bitte an den Kundendienst unseres Unternehmens f\u00fcr Beratung und Behandlung.<\/p>\n<p>Die Laserr\u00f6hre ist gebrochen:<\/p>\n<ol>\n<li>Niedrige Wassertemperaturen f\u00fchren dazu, dass das Wasser in der Glaslaserr\u00f6hre gefriert;<\/li>\n<li>Die Wasserzirkulation im Laser wurde unterbrochen, wodurch die Wasserschutzfunktion des Ger\u00e4ts ausfiel.<\/li>\n<li>Der Wasserdruck ist zu niedrig;<\/li>\n<li>Pr\u00fcfen Sie, ob die Richtung des Wasserflusses mit dem niedrigen Input und dem hohen Output \u00fcbereinstimmt. Die wassergek\u00fchlte R\u00f6hre der Laserr\u00f6hre ist m\u00f6glicherweise nicht mit Wasser gef\u00fcllt, was zu einer teilweisen Erw\u00e4rmung der CO2-Laserr\u00f6hre f\u00fchrt.<\/li>\n<li>Ein elektrischer Lichtbogen in der N\u00e4he des R\u00f6hrenmantels hat diesen verbrannt und zerbrochen.<\/li>\n<\/ol>\n<p>Hochspannungsentladung und Durchschlag:<\/p>\n<ol>\n<li>Das Lasernetzteil funktioniert nicht mit unterschiedlichen Spezifikationen (z. B. Verwendung eines Netzteils mit hoher Leistung f\u00fcr Laserr\u00f6hren mit niedriger Leistung). Eine \u00dcberschreitung der spezifizierten Spannung, der die Laserr\u00f6hre standhalten kann, f\u00fchrt zu einer Besch\u00e4digung der Laserr\u00f6hre..;<\/li>\n<li>Der Zustand der Wasserk\u00fchlung ist nicht gut. Das K\u00fchlwasser f\u00fcllt nicht das gesamte Rohr und es entstehen Luftblasen. An den Stellen, an denen es keine Wasserk\u00fchlung gibt, ist die Temperatur zu hoch, wodurch sich das Glasmaterial ver\u00e4ndert und das Glas der Laserr\u00f6hren besch\u00e4digt wird;<\/li>\n<li>Das Glasmaterial hat winzige Bl\u00e4schen oder eine ungleichm\u00e4\u00dfige Dicke, was auf den Einfluss von Temperatur, Rohmaterial, Technologie und anderen Faktoren w\u00e4hrend der Herstellung von Glasmaterial zur\u00fcckzuf\u00fchren ist. Eine Besch\u00e4digung der schwachen Stellen unter Hochspannung kann zu einer Entladung f\u00fchren;<\/li>\n<\/ol>\n<h2>Qualit\u00e4tsgarantie<\/h2>\n<p>Wir gew\u00e4hren eine 12-monatige Garantie auf unsere Laserr\u00f6hren.<\/p>\n<p>F\u00fcr internationale Kunden, aufgrund von logistischen Zw\u00e4ngen:<\/p>\n<p>Schritt 1: Sie m\u00fcssen einen eindeutigen Videobeweis f\u00fcr das Produktproblem vorlegen.<\/p>\n<p>Schritt 2: Reichen Sie Fotos des Garantieetiketts zur \u00dcberpr\u00fcfung ein.<\/p>\n<p>Ergebnis: Die Ersatzr\u00f6hren (falls genehmigt) werden mit Ihrer n\u00e4chsten Bestellung verschickt. Wenn ein Kunde keine sofortige Bestellung aufgibt, sondern eine Containerlieferung aus China hat, k\u00f6nnen wir das Ersatzprodukt an eine bestimmte inl\u00e4ndische Adresse in China schicken, um es mit der Lieferung zu konsolidieren.<\/p>\n<h2>Ausschl\u00fcsse von der Garantie<\/h2>\n<p>Die Garantie deckt Folgendes nicht ab:<\/p>\n<p>Sch\u00e4den, die nach Ablauf der Garantiezeit auftreten.<\/p>\n<p>Leistungsabfall oder Rohrbruch durch schlechte Wasserk\u00fchlung (unzureichende Durchflussrate, hohe Wassertemperatur oder Luftblasen im Rohr).<\/p>\n<p>Leistungsverlust durch Verschmutzung der \u00e4u\u00dferen Oberfl\u00e4che des Ausgangsspiegels.<\/p>\n<p>Physische Sch\u00e4den, die durch \u00e4u\u00dfere Gewalt oder menschliches Versagen verursacht wurden.<\/p>\n<p>&nbsp;<\/p>","protected":false},"excerpt":{"rendered":"<p>C-Series\u2122 CO\u2082-Laserr\u00f6hren liefern TEM00-Strahlqualit\u00e4t, Schneidleistung und lange Lebensdauer. Optimierte Gasmischung und katalytische Abdichtung erh\u00f6hen die Leistung. Einfach zu installieren, wartungsarm, 70-150 W, 12 Monate Garantie.<\/p>","protected":false},"featured_media":690,"template":"","meta":[],"product_brand":[],"product_cat":[34],"product_tag":[],"class_list":{"0":"post-676","1":"product","2":"type-product","3":"status-publish","4":"has-post-thumbnail","6":"product_cat-co2-laser-tube","8":"first","9":"instock","10":"shipping-taxable","11":"product-type-simple"},"_links":{"self":[{"href":"https:\/\/feijulaser.com\/de\/wp-json\/wp\/v2\/product\/676","targetHints":{"allow":["GET"]}}],"collection":[{"href":"https:\/\/feijulaser.com\/de\/wp-json\/wp\/v2\/product"}],"about":[{"href":"https:\/\/feijulaser.com\/de\/wp-json\/wp\/v2\/types\/product"}],"wp:featuredmedia":[{"embeddable":true,"href":"https:\/\/feijulaser.com\/de\/wp-json\/wp\/v2\/media\/690"}],"wp:attachment":[{"href":"https:\/\/feijulaser.com\/de\/wp-json\/wp\/v2\/media?parent=676"}],"wp:term":[{"taxonomy":"product_brand","embeddable":true,"href":"https:\/\/feijulaser.com\/de\/wp-json\/wp\/v2\/product_brand?post=676"},{"taxonomy":"product_cat","embeddable":true,"href":"https:\/\/feijulaser.com\/de\/wp-json\/wp\/v2\/product_cat?post=676"},{"taxonomy":"product_tag","embeddable":true,"href":"https:\/\/feijulaser.com\/de\/wp-json\/wp\/v2\/product_tag?post=676"}],"curies":[{"name":"wp","href":"https:\/\/api.w.org\/{rel}","templated":true}]}}