{"id":433,"date":"2025-08-13T02:42:01","date_gmt":"2025-08-13T02:42:01","guid":{"rendered":"https:\/\/feijulaser.com\/?page_id=433"},"modified":"2025-08-13T03:32:15","modified_gmt":"2025-08-13T03:32:15","slug":"download-brochure","status":"publish","type":"page","link":"https:\/\/feijulaser.com\/de\/download-brochure\/","title":{"rendered":"Brosch\u00fcre herunterladen"},"content":{"rendered":"<div data-elementor-type=\"wp-page\" data-elementor-id=\"433\" class=\"elementor elementor-433\" data-elementor-post-type=\"page\">\n\t\t\t\t\t\t<section class=\"elementor-section elementor-top-section elementor-element elementor-element-46986215 elementor-section-boxed elementor-section-height-default elementor-section-height-default\" data-id=\"46986215\" data-element_type=\"section\" data-settings=\"{&quot;background_background&quot;:&quot;classic&quot;}\">\n\t\t\t\t\t\t\t<div class=\"elementor-background-overlay\"><\/div>\n\t\t\t\t\t\t\t<div class=\"elementor-container elementor-column-gap-default\">\n\t\t\t\t\t<div class=\"elementor-column elementor-col-100 elementor-top-column elementor-element elementor-element-7333592d\" data-id=\"7333592d\" data-element_type=\"column\">\n\t\t\t<div class=\"elementor-widget-wrap elementor-element-populated\">\n\t\t\t\t\t\t<div class=\"elementor-element elementor-element-35f2d833 elementor-icon-list--layout-inline elementor-align-center elementor-list-item-link-full_width elementor-widget elementor-widget-icon-list\" data-id=\"35f2d833\" data-element_type=\"widget\" data-widget_type=\"icon-list.default\">\n\t\t\t\t\t\t\t<ul class=\"elementor-icon-list-items elementor-inline-items\">\n\t\t\t\t\t\t\t<li class=\"elementor-icon-list-item elementor-inline-item\">\n\t\t\t\t\t\t\t\t\t\t\t<a href=\"https:\/\/feijulaser.com\/de\/\">\n\n\t\t\t\t\t\t\t\t\t\t\t<span class=\"elementor-icon-list-text\">Startseite<\/span>\n\t\t\t\t\t\t\t\t\t\t\t<\/a>\n\t\t\t\t\t\t\t\t\t<\/li>\n\t\t\t\t\t\t\t\t<li class=\"elementor-icon-list-item elementor-inline-item\">\n\t\t\t\t\t\t\t\t\t\t\t<span class=\"elementor-icon-list-icon\">\n\t\t\t\t\t\t\t<i aria-hidden=\"true\" class=\"mdi mdi-slash-forward\"><\/i>\t\t\t\t\t\t<\/span>\n\t\t\t\t\t\t\t\t\t\t<span class=\"elementor-icon-list-text\">Brosch\u00fcre herunterladen<\/span>\n\t\t\t\t\t\t\t\t\t<\/li>\n\t\t\t\t\t\t<\/ul>\n\t\t\t\t\t\t<\/div>\n\t\t\t\t<div class=\"elementor-element elementor-element-3dc37a3d elementor-invisible elementor-widget elementor-widget-heading\" data-id=\"3dc37a3d\" data-element_type=\"widget\" data-settings=\"{&quot;_animation&quot;:&quot;fadeInDown&quot;}\" data-widget_type=\"heading.default\">\n\t\t\t\t\t<h1 class=\"elementor-heading-title elementor-size-default\">Brosch\u00fcre herunterladen<\/h1>\t\t\t\t<\/div>\n\t\t\t\t<div class=\"elementor-element elementor-element-f8c3ecc elementor-invisible elementor-widget elementor-widget-heading\" data-id=\"f8c3ecc\" data-element_type=\"widget\" data-settings=\"{&quot;_animation&quot;:&quot;fadeIn&quot;,&quot;_animation_delay&quot;:720}\" data-widget_type=\"heading.default\">\n\t\t\t\t\t<h2 class=\"elementor-heading-title elementor-size-default\">2-fache CO\u2082-Laserr\u00f6hre: vollst\u00e4ndige Spezifikationen, Herstellungsprozess und QC-Checkliste.<\/h2>\t\t\t\t<\/div>\n\t\t\t\t\t<\/div>\n\t\t<\/div>\n\t\t\t\t\t<\/div>\n\t\t<\/section>\n\t\t\t\t<section class=\"elementor-section elementor-top-section elementor-element elementor-element-184a8cd4 elementor-section-boxed elementor-section-height-default elementor-section-height-default elementor-invisible\" data-id=\"184a8cd4\" data-element_type=\"section\" data-settings=\"{&quot;background_background&quot;:&quot;classic&quot;,&quot;animation&quot;:&quot;fadeInRight&quot;}\">\n\t\t\t\t\t\t<div class=\"elementor-container elementor-column-gap-default\">\n\t\t\t\t\t<div class=\"elementor-column elementor-col-100 elementor-top-column elementor-element elementor-element-d7b2996\" data-id=\"d7b2996\" data-element_type=\"column\">\n\t\t\t<div class=\"elementor-widget-wrap elementor-element-populated\">\n\t\t\t\t\t\t<div class=\"elementor-element elementor-element-cbe36c6 elementor-invisible elementor-widget elementor-widget-heading\" data-id=\"cbe36c6\" data-element_type=\"widget\" data-settings=\"{&quot;_animation&quot;:&quot;fadeInRight&quot;}\" data-widget_type=\"heading.default\">\n\t\t\t\t\t<h2 class=\"elementor-heading-title elementor-size-default\">Klicken Sie zum Herunterladen<\/h2>\t\t\t\t<\/div>\n\t\t\t\t<div class=\"elementor-element elementor-element-68821ce elementor-align-justify elementor-invisible elementor-widget elementor-widget-button\" data-id=\"68821ce\" data-element_type=\"widget\" data-settings=\"{&quot;_animation&quot;:&quot;fadeInRight&quot;}\" data-widget_type=\"button.default\">\n\t\t\t\t\t\t\t\t\t\t<a class=\"elementor-button elementor-button-link elementor-size-sm\" href=\"https:\/\/feijulaser.com\/wp-content\/uploads\/2025\/08\/Electrical-Safety-Test-Report-\u2014-EN-60204-12018-IEC-60204-12016-\u2014-CO\u2082-Laser-Tube-C70\u2013C150.pdf\">\n\t\t\t\t\t\t<span class=\"elementor-button-content-wrapper\">\n\t\t\t\t\t\t\t\t\t<span class=\"elementor-button-text\">Elektrischer Sicherheitsbericht - EN 60204-1:2018 - CO\u2082-Laserr\u00f6hre (C70-C150)<\/span>\n\t\t\t\t\t<\/span>\n\t\t\t\t\t<\/a>\n\t\t\t\t\t\t\t\t<\/div>\n\t\t\t\t<div class=\"elementor-element elementor-element-a15d67b elementor-align-justify elementor-invisible elementor-widget elementor-widget-button\" data-id=\"a15d67b\" data-element_type=\"widget\" data-settings=\"{&quot;_animation&quot;:&quot;fadeInRight&quot;}\" data-widget_type=\"button.default\">\n\t\t\t\t\t\t\t\t\t\t<a class=\"elementor-button elementor-button-link elementor-size-sm\" href=\"https:\/\/feijulaser.com\/wp-content\/uploads\/2025\/08\/EMC-Test-Report-\u2014-EN-IEC-61000-6-42019-EN-IEC-61000-6-22019-CISPR-Methods-\u2014-CO-Laser-Tube.pdf\">\n\t\t\t\t\t\t<span class=\"elementor-button-content-wrapper\">\n\t\t\t\t\t\t\t\t\t<span class=\"elementor-button-text\">EMV-Testbericht - EN IEC 61000-6-4 &amp; 61000-6-2; EN IEC 55014-1\/-2 - CO\u2082-Laserr\u00f6hre<\/span>\n\t\t\t\t\t<\/span>\n\t\t\t\t\t<\/a>\n\t\t\t\t\t\t\t\t<\/div>\n\t\t\t\t<div class=\"elementor-element elementor-element-a071134 elementor-align-justify elementor-invisible elementor-widget elementor-widget-button\" data-id=\"a071134\" data-element_type=\"widget\" data-settings=\"{&quot;_animation&quot;:&quot;fadeInRight&quot;}\" data-widget_type=\"button.default\">\n\t\t\t\t\t\t\t\t\t\t<a class=\"elementor-button elementor-button-link elementor-size-sm\" href=\"https:\/\/feijulaser.com\/wp-content\/uploads\/2025\/08\/EU-Declaration-of-Conformity-Machinery-LVD-\u2014-CO\u2082-Laser-Tube-Models-C70\u2013C150.pdf\">\n\t\t\t\t\t\t<span class=\"elementor-button-content-wrapper\">\n\t\t\t\t\t\t\t\t\t<span class=\"elementor-button-text\">EU-Konformit\u00e4tserkl\u00e4rung (Maschinen &amp; LVD) - CO\u2082-Laserr\u00f6hre, Modelle C70-C150<\/span>\n\t\t\t\t\t<\/span>\n\t\t\t\t\t<\/a>\n\t\t\t\t\t\t\t\t<\/div>\n\t\t\t\t<div class=\"elementor-element elementor-element-87f9ff7 elementor-align-justify elementor-invisible elementor-widget elementor-widget-button\" data-id=\"87f9ff7\" data-element_type=\"widget\" data-settings=\"{&quot;_animation&quot;:&quot;fadeInRight&quot;}\" data-widget_type=\"button.default\">\n\t\t\t\t\t\t\t\t\t\t<a class=\"elementor-button elementor-button-link elementor-size-sm\" href=\"https:\/\/feijulaser.com\/wp-content\/uploads\/2025\/08\/Laser-Product-Safety-Report-\u2014-EN-60825-12014A112021-\u2014-CO\u2082-Laser-Tube-C70\u2013C150.pdf\">\n\t\t\t\t\t\t<span class=\"elementor-button-content-wrapper\">\n\t\t\t\t\t\t\t\t\t<span class=\"elementor-button-text\">Laser-Produktsicherheitsbericht - EN 60825-1:2014+A11:2021 - CO\u2082-Laserr\u00f6hre (C70-C150)<\/span>\n\t\t\t\t\t<\/span>\n\t\t\t\t\t<\/a>\n\t\t\t\t\t\t\t\t<\/div>\n\t\t\t\t<div class=\"elementor-element elementor-element-4647df7 elementor-align-justify elementor-invisible elementor-widget elementor-widget-button\" data-id=\"4647df7\" data-element_type=\"widget\" data-settings=\"{&quot;_animation&quot;:&quot;fadeInRight&quot;}\" data-widget_type=\"button.default\">\n\t\t\t\t\t\t\t\t\t\t<a class=\"elementor-button elementor-button-link elementor-size-sm\" href=\"https:\/\/feijulaser.com\/wp-content\/uploads\/2025\/08\/Product-Photo-Annex-\u2014-CO\u2082-Laser-Tube-Model-C150.pdf\">\n\t\t\t\t\t\t<span class=\"elementor-button-content-wrapper\">\n\t\t\t\t\t\t\t\t\t<span class=\"elementor-button-text\">Produktfoto Anhang - CO\u2082-Laserr\u00f6hre, Modell C150<\/span>\n\t\t\t\t\t<\/span>\n\t\t\t\t\t<\/a>\n\t\t\t\t\t\t\t\t<\/div>\n\t\t\t\t<div class=\"elementor-element elementor-element-606692c elementor-align-justify elementor-invisible elementor-widget elementor-widget-button\" data-id=\"606692c\" data-element_type=\"widget\" data-settings=\"{&quot;_animation&quot;:&quot;fadeInRight&quot;}\" data-widget_type=\"button.default\">\n\t\t\t\t\t\t\t\t\t\t<a class=\"elementor-button elementor-button-link elementor-size-sm\" href=\"https:\/\/feijulaser.com\/wp-content\/uploads\/2025\/08\/RoHS-2.0-Compliance-Test-Report-\u2014-CO\u2082-Laser-Tube-C70-C80-C100-C130-C150.pdf\">\n\t\t\t\t\t\t<span class=\"elementor-button-content-wrapper\">\n\t\t\t\t\t\t\t\t\t<span class=\"elementor-button-text\">RoHS 2.0 Konformit\u00e4tstestbericht - CO\u2082-Laserr\u00f6hre (C70, C80, C100, C130, C150)<\/span>\n\t\t\t\t\t<\/span>\n\t\t\t\t\t<\/a>\n\t\t\t\t\t\t\t\t<\/div>\n\t\t\t\t<div class=\"elementor-element elementor-element-b1bce49 elementor-align-justify elementor-invisible elementor-widget elementor-widget-button\" data-id=\"b1bce49\" data-element_type=\"widget\" data-settings=\"{&quot;_animation&quot;:&quot;fadeInRight&quot;}\" data-widget_type=\"button.default\">\n\t\t\t\t\t\t\t\t\t\t<a class=\"elementor-button elementor-button-link elementor-size-sm\" href=\"https:\/\/feijulaser.com\/wp-content\/uploads\/2025\/08\/Voluntary-Verification-of-Conformity-VoC-\u2014-LVD-EMC-\u2014-CO\u2082-Laser-Tube-C70\u2013C150.pdf\">\n\t\t\t\t\t\t<span class=\"elementor-button-content-wrapper\">\n\t\t\t\t\t\t\t\t\t<span class=\"elementor-button-text\">Freiwillige \u00dcberpr\u00fcfung der Konformit\u00e4t (VoC) - LVD &amp; EMC - CO\u2082-Laserr\u00f6hre (C70-C150)<\/span>\n\t\t\t\t\t<\/span>\n\t\t\t\t\t<\/a>\n\t\t\t\t\t\t\t\t<\/div>\n\t\t\t\t\t<\/div>\n\t\t<\/div>\n\t\t\t\t\t<\/div>\n\t\t<\/section>\n\t\t\t\t<\/div>","protected":false},"excerpt":{"rendered":"<p>Home Download Brochure Download Brochure 2-Folded CO\u2082 Laser Tube: full specifications, manufacturing process, and QC checklist. Click to download Electrical Safety Report \u2014 EN 60204-1:2018 \u2014 CO\u2082 Laser Tube (C70\u2013C150) EMC Test Report \u2014 EN IEC 61000-6-4 &amp; 61000-6-2; EN IEC 55014-1\/-2 \u2014 CO\u2082 Laser Tube EU Declaration of Conformity (Machinery &amp; LVD) \u2014 CO\u2082 [&hellip;]<\/p>","protected":false},"author":1,"featured_media":0,"parent":0,"menu_order":0,"comment_status":"closed","ping_status":"closed","template":"","meta":{"footnotes":""},"class_list":["post-433","page","type-page","status-publish","hentry"],"_links":{"self":[{"href":"https:\/\/feijulaser.com\/de\/wp-json\/wp\/v2\/pages\/433","targetHints":{"allow":["GET"]}}],"collection":[{"href":"https:\/\/feijulaser.com\/de\/wp-json\/wp\/v2\/pages"}],"about":[{"href":"https:\/\/feijulaser.com\/de\/wp-json\/wp\/v2\/types\/page"}],"author":[{"embeddable":true,"href":"https:\/\/feijulaser.com\/de\/wp-json\/wp\/v2\/users\/1"}],"replies":[{"embeddable":true,"href":"https:\/\/feijulaser.com\/de\/wp-json\/wp\/v2\/comments?post=433"}],"version-history":[{"count":0,"href":"https:\/\/feijulaser.com\/de\/wp-json\/wp\/v2\/pages\/433\/revisions"}],"wp:attachment":[{"href":"https:\/\/feijulaser.com\/de\/wp-json\/wp\/v2\/media?parent=433"}],"curies":[{"name":"wp","href":"https:\/\/api.w.org\/{rel}","templated":true}]}}